{"id":847,"date":"2025-09-16T05:24:37","date_gmt":"2025-09-16T05:24:37","guid":{"rendered":"https:\/\/www.comercialcecilio.es\/?page_id=847"},"modified":"2025-09-16T05:24:47","modified_gmt":"2025-09-16T05:24:47","slug":"politique-de-confidentialite","status":"publish","type":"page","link":"https:\/\/www.comercialcecilio.es\/fr\/politique-de-confidentialite\/","title":{"rendered":"Politique de confidentialit\u00e9"},"content":{"rendered":"<h2 class=\"wp-block-heading\">Politique de protection des donn\u00e9es personnelles<\/h2>\n\n\n\n<p>Conform\u00e9ment aux dispositions de l'article 5 de la loi 15\/1999, du 13 d\u00e9cembre, sur la protection des donn\u00e9es \u00e0 caract\u00e8re personnel, et de la loi 34\/2002, du 11 juillet, sur les services de la soci\u00e9t\u00e9 de l'information et le commerce \u00e9lectronique, Comercial Cecilio S.A. d\u00e9clare que les donn\u00e9es \u00e0 caract\u00e8re personnel fournies dans les formulaires d'inscription \u00e9lectronique contenus dans ce site, ainsi que les donn\u00e9es auxquelles Comercial Cecilio S.A. acc\u00e8de \u00e0 la suite de votre navigation, consultation, demande ou contrat, ou de toute transaction ou op\u00e9ration r\u00e9alis\u00e9e \u00e0 partir de ce site Web, seront recueillies dans un fichier conforme aux exigences de la l\u00e9gislation applicable en vigueur et dont le responsable est :<\/p>\n\n\n\n<p><strong>Titulaire<\/strong><\/p>\n\n\n\n<ul class=\"wp-block-list\">\n<li>Comercial Cecilio S.A.<\/li>\n\n\n\n<li>Ctra. Pinto-Fuenlabrada, Km. 20,400, Nave 5.<\/li>\n\n\n\n<li>28946 Fuenlabrada. Madrid. ESPAGNE.<\/li>\n\n\n\n<li>Tel : +34 91 697 55 88<\/li>\n\n\n\n<li><a href=\"https:\/\/web.archive.org\/web\/20250717211046\/mailto:maquinaria@comercialcecilio.es\">maquinaria@comercialcecilio.es<\/a><\/li>\n\n\n\n<li>NUM\u00c9RO DE TVA : A-78987980<\/li>\n<\/ul>\n\n\n\n<h3 class=\"wp-block-heading\">Objectif<\/h3>\n\n\n\n<p>La collecte et le traitement automatis\u00e9 des donn\u00e9es personnelles \u00e0 travers les formulaires pr\u00e9vus \u00e0 cet effet sur ce site Web ont pour but de faciliter la prestation des services que Comercial Cecilio S.A. fournit \u00e0 travers ce site Web, de fournir des informations sur les achats, les activit\u00e9s et les produits qui peuvent vous int\u00e9resser, ainsi que la r\u00e9alisation de diff\u00e9rentes actions de marketing et de publicit\u00e9 des services, des offres et des avantages offerts aux utilisateurs.<\/p>\n\n\n\n<p>Les donn\u00e9es sont utilis\u00e9es pour le maintien de la relation \u00e9tablie, pour la gestion, l'administration, la fourniture, l'expansion et l'am\u00e9lioration des services de ce site Web et de ceux de KDT Ib\u00e9rica S.L., pour l'adaptation des services aux pr\u00e9f\u00e9rences des clients, pour la conception de nouveaux services connexes, pour l'envoi de mises \u00e0 jour de services, pour l'envoi de publicit\u00e9 relative aux services et produits offerts par KDT Ib\u00e9rica S.L., actuellement et \u00e0 l'avenir, y compris l'envoi de formulaires d'enqu\u00eate, auxquels le client n'est pas oblig\u00e9 de r\u00e9pondre.<\/p>\n\n\n\n<h3 class=\"wp-block-heading\">V\u00e9racit\u00e9 des donn\u00e9es<\/h3>\n\n\n\n<p>L'utilisateur garantit que les donn\u00e9es personnelles fournies \u00e0 Comercial Cecilio S.A. sont v\u00e9ridiques et il est responsable de la communication de toute modification de ces donn\u00e9es.<\/p>\n\n\n\n<h3 class=\"wp-block-heading\">Consentement de l'utilisateur<\/h3>\n\n\n\n<p>L'envoi de donn\u00e9es personnelles, \u00e0 travers l'utilisation des formulaires \u00e9lectroniques de ce site ou, le cas \u00e9ch\u00e9ant, l'envoi de messages \u00e9lectroniques de demande d'informations ou de services, implique le consentement expr\u00e8s de l'utilisateur au traitement automatis\u00e9 des donn\u00e9es incluses, ainsi qu'\u00e0 l'envoi de communications par des moyens \u00e9lectroniques ou autres, avec des informations sur nos activit\u00e9s.<\/p>\n\n\n\n<p>Par cons\u00e9quent, l'utilisateur consent express\u00e9ment \u00e0 ce que ses donn\u00e9es personnelles soient int\u00e9gr\u00e9es au fichier de donn\u00e9es personnelles et fassent l'objet d'un traitement automatis\u00e9 de la part de Comercial Cecilio S.A. pour les finalit\u00e9s susmentionn\u00e9es. De m\u00eame, l'utilisateur accepte et autorise Comercial Cecilio S.A. \u00e0 c\u00e9der ses donn\u00e9es personnelles, y compris, le cas \u00e9ch\u00e9ant, le transfert international des donn\u00e9es personnelles, aux tiers indiqu\u00e9s dans la section Communications aux fins d\u00e9crites dans cette derni\u00e8re.<\/p>\n\n\n\n<h3 class=\"wp-block-heading\">Droits d'acc\u00e8s, de rectification, d'opposition et d'annulation des utilisateurs.<\/h3>\n\n\n\n<p>Les utilisateurs peuvent exercer leurs droits d'acc\u00e8s, de rectification, d'opposition et d'annulation du traitement de leurs donn\u00e9es personnelles, selon les modalit\u00e9s pr\u00e9vues par la LOPD. Vous pouvez exercer ces droits en \u00e9crivant \u00e0<\/p>\n\n\n\n<ul class=\"wp-block-list\">\n<li>Comercial Cecilio S.A.<\/li>\n\n\n\n<li>Ctra. Pinto-Fuenlabrada, Km. 20,400, Nave 5.<\/li>\n\n\n\n<li>28946 Fuenlabrada. Madrid. ESPAGNE.<\/li>\n\n\n\n<li>Tel : +34 91 697 55 88<\/li>\n\n\n\n<li><a href=\"https:\/\/web.archive.org\/web\/20250717211046\/mailto:maquinaria@comercialcecilio.es\">maquinaria@comercialcecilio.es<\/a><\/li>\n<\/ul>\n\n\n\n<h3 class=\"wp-block-heading\">Communications<\/h3>\n\n\n\n<p>Comercial Cecilio S.A. communiquera les donn\u00e9es personnelles n\u00e9cessaires \u00e0 la fourniture des services demand\u00e9s par l'utilisateur ou aux fins de collecte de donn\u00e9es d\u00e9crites ci-dessus.<\/p>\n\n\n\n<p>Dans tous les cas, la confidentialit\u00e9 et le traitement s\u00e9curis\u00e9 des donn\u00e9es personnelles sont garantis.<\/p>\n\n\n\n<h3 class=\"wp-block-heading\">S\u00e9curit\u00e9<\/h3>\n\n\n\n<p>Comercial Cecilio S.A. garantit qu'elle a adopt\u00e9 les mesures de s\u00e9curit\u00e9 appropri\u00e9es dans ses installations, syst\u00e8mes et fichiers, ainsi que le traitement confidentiel des donn\u00e9es personnelles conform\u00e9ment \u00e0 la l\u00e9gislation en vigueur et vous informe qu'elle a mis en \u0153uvre les mesures de s\u00e9curit\u00e9 techniques et organisationnelles n\u00e9cessaires pour garantir la s\u00e9curit\u00e9 de vos donn\u00e9es personnelles et \u00e9viter leur alt\u00e9ration, perte et traitement et\/ou l'acc\u00e8s non autoris\u00e9, compte tenu de l'\u00e9tat de la technologie, de la nature des donn\u00e9es stock\u00e9es et des risques auxquels elles sont expos\u00e9es, qu'ils proviennent de l'action humaine ou de l'environnement physique ou naturel. Tout cela, conform\u00e9ment aux dispositions de l'article 9 de la LOPD et du d\u00e9cret royal 994\/1999 du 11 juin, qui approuve le r\u00e8glement des mesures de s\u00e9curit\u00e9 des fichiers automatis\u00e9s contenant des donn\u00e9es \u00e0 caract\u00e8re personnel et la loi 34\/2002 du 11 juillet, LSSI. Comercial Cecilio S.A. s'engage \u00e0 traiter de mani\u00e8re absolument confidentielle les donn\u00e9es personnelles et leur traitement en toute s\u00e9curit\u00e9 dans les mouvements internationaux et \u00e0 les utiliser exclusivement aux fins indiqu\u00e9es.<\/p>\n\n\n\n<p>Toutefois, Comercial Cecilio S.A. divulguera aux autorit\u00e9s publiques comp\u00e9tentes les donn\u00e9es personnelles et toute autre information en sa possession ou accessible par le biais de ses syst\u00e8mes et requise conform\u00e9ment aux dispositions l\u00e9gales et r\u00e9glementaires applicables en l'esp\u00e8ce.<\/p>\n\n\n\n<h3 class=\"wp-block-heading\">Bulletin d'information et communications commerciales \u00e9lectroniques<\/h3>\n\n\n\n<p>Comercial Cecilio S.A. met \u00e0 la disposition des utilisateurs qui en ont fait la demande au moyen des formulaires d'inscription pr\u00e9vus \u00e0 cet effet, le service d'envoi de bulletins p\u00e9riodiques dans lesquels sont incluses des nouvelles, des activit\u00e9s et des informations relatives \u00e0 Comercial Cecilio S.A. et \u00e0 ses services. L'utilisateur pourra se d\u00e9sabonner ou modifier les donn\u00e9es d'abonnement au bulletin en question par le biais de la proc\u00e9dure indiqu\u00e9e dans les bulletins.<\/p>\n\n\n\n<h3 class=\"wp-block-heading\">Informations sur l'utilisation des cookies<\/h3>\n\n\n\n<p>Ce site web utilise des cookies, de petits fichiers de donn\u00e9es qui sont g\u00e9n\u00e9r\u00e9s dans l'ordinateur de l'utilisateur et qui nous permettent d'obtenir les informations suivantes : La date et l'heure de la derni\u00e8re visite de l'utilisateur sur notre site web, le contenu que l'utilisateur a choisi lors de sa premi\u00e8re visite sur notre site web, les \u00e9l\u00e9ments de s\u00e9curit\u00e9 impliqu\u00e9s dans le contr\u00f4le de l'acc\u00e8s aux zones restreintes. Ces cookies sont utilis\u00e9s pour stocker, entre autres donn\u00e9es, la commande, la s\u00e9lection des produits choisis pour l'achat dans le cadre du commerce \u00e9lectronique, l'historique de vos achats, etc.<\/p>\n\n\n\n<p>Les cookies utilis\u00e9s ne peuvent pas lire les donn\u00e9es de votre disque dur ni les fichiers de cookies cr\u00e9\u00e9s par d'autres fournisseurs. Les cookies utilis\u00e9s ne sont pas nuisibles et servent uniquement \u00e0 faciliter les services demand\u00e9s par les utilisateurs.<\/p>\n\n\n\n<p>L'utilisateur consent \u00e0 l'utilisation de ces cookies dans le seul but de faciliter la navigation sur les diff\u00e9rentes pages de ce site web et de permettre les achats ou d'autres fonctions qui les requi\u00e8rent.<\/p>\n\n\n\n<p>En tout \u00e9tat de cause, les utilisateurs peuvent refuser ou emp\u00eacher l'installation de ces cookies en modifiant les param\u00e8tres de leur navigateur. Le fait de ne pas les accepter peut entra\u00eener l'impossibilit\u00e9 d'utiliser certaines des fonctionnalit\u00e9s offertes par ces pages web.<\/p>\n\n\n\n<h3 class=\"wp-block-heading\">Conflits<\/h3>\n\n\n\n<p>Pour toute controverse ou conflit li\u00e9 \u00e0 ce site web, la loi espagnole s'applique et les cours et tribunaux de la ville de Madrid (Espagne) sont comp\u00e9tents pour la r\u00e9solution de tous les conflits d\u00e9coulant de ce site web ou li\u00e9s \u00e0 celui-ci.<\/p>\n\n\n\n<p>L'acc\u00e8s aux pages Web de ce site implique l'acceptation de toutes les conditions exprim\u00e9es dans la pr\u00e9sente politique de confidentialit\u00e9.<\/p>\n\n\n\n<p>Comercial Cecilio S.A. peut modifier sans pr\u00e9avis la structure et la conception du site Web, ainsi que changer ou \u00e9liminer les services, les contenus et les conditions d'acc\u00e8s et d'utilisation de ce site Web et adapter la politique de confidentialit\u00e9 aux changements l\u00e9gislatifs qui peuvent survenir.<\/p>\n\n\n\n<figure class=\"wp-block-image\"><img decoding=\"async\" src=\"https:\/\/web.archive.org\/web\/20250717211046im_\/https:\/\/www.comercialcecilio.es\/sites\/default\/files\/inline-images\/logo-footer.png\" alt=\"Cecilio commercial\"\/><\/figure>\n\n\n\n<ul class=\"wp-block-list\">\n<li><a href=\"https:\/\/web.archive.org\/web\/20250717211046\/https:\/\/www.facebook.com\/maquinaria.cecilio\" target=\"_blank\" rel=\"noopener\">Facebook<\/a><\/li>\n\n\n\n<li><a href=\"https:\/\/web.archive.org\/web\/20250717211046\/https:\/\/www.youtube.com\/user\/ComercialCecilio\" target=\"_blank\" rel=\"noopener\">Youtube<\/a><\/li>\n\n\n\n<li><a href=\"https:\/\/web.archive.org\/web\/20250717211046\/https:\/\/www.linkedin.com\/company\/comercial-cecilio\/?originalSubdomain=es\" target=\"_blank\" rel=\"noopener\">Linkedin<\/a><\/li>\n<\/ul>\n\n\n\n<h2 class=\"wp-block-heading\" id=\"block-enlacesdeinteresfooter-menu\">Machines<\/h2>\n\n\n\n<ul class=\"wp-block-list\">\n<li><a href=\"https:\/\/web.archive.org\/web\/20250717211046\/https:\/\/www.comercialcecilio.es\/robland\">Robland<\/a><\/li>\n\n\n\n<li><a href=\"https:\/\/web.archive.org\/web\/20250717211046\/https:\/\/www.comercialcecilio.es\/kenbill\">Kenbill<\/a><\/li>\n\n\n\n<li><a href=\"https:\/\/web.archive.org\/web\/20250717211046\/https:\/\/www.comercialcecilio.es\/linnerman\">Linnerman<\/a><\/li>\n\n\n\n<li><a href=\"https:\/\/web.archive.org\/web\/20250717211046\/https:\/\/www.harnnett.es\/\" target=\"_blank\" rel=\"noopener\">Harnnett<\/a><\/li>\n\n\n\n<li><a href=\"https:\/\/web.archive.org\/web\/20250717211046\/https:\/\/www.comercialcecilio.es\/ocasion\">Occasion<\/a><\/li>\n<\/ul>\n\n\n\n<h2 class=\"wp-block-heading\">Comercial Cecilio S.A.<\/h2>\n\n\n\n<ul class=\"wp-block-list\">\n<li>Route Pinto-Fuenlabrada<br>M-506 KM 20,400<br>28946 Fuenlabrada (Madrid)<\/li>\n\n\n\n<li><a href=\"https:\/\/web.archive.org\/web\/20250717211046\/tel:+34916975588\" target=\"_blank\" rel=\"noopener\">916 97 55 88<\/a><\/li>\n\n\n\n<li><a href=\"https:\/\/web.archive.org\/web\/20250717211046\/mailto:maquinaria@comercialcecilio.es\">maquinaria@comercialcecilio.es<\/a><\/li>\n<\/ul>\n\n\n\n<h2 class=\"wp-block-heading\">Service d'assistance technique<\/h2>\n\n\n\n<ul class=\"wp-block-list\">\n<li><a href=\"https:\/\/web.archive.org\/web\/20250717211046\/tel:+34682441851\" target=\"_blank\" rel=\"noopener\">682 44 18 51<\/a><\/li>\n\n\n\n<li><a href=\"https:\/\/web.archive.org\/web\/20250717211046\/mailto:satcecilio@comercialcecilio.es\">satcecilio@comercialcecilio.es<\/a><\/li>\n<\/ul>","protected":false},"excerpt":{"rendered":"<p>Pol\u00edtica de Protecci\u00f3n de datos de Car\u00e1cter Personal En cumplimiento de lo dispuesto en el art\u00edculo 5 de la Ley Org\u00e1nica 15\/1999, de 13 de diciembre, de Protecci\u00f3n de Datos de Car\u00e1cter Personal, y Ley 34\/2002, de 11 de Julio, de Servicios de la Sociedad de la Informaci\u00f3n y de Comercio Electr\u00f3nico, Comercial Cecilio S.A. [&hellip;]<\/p>\n","protected":false},"author":4,"featured_media":0,"parent":0,"menu_order":0,"comment_status":"closed","ping_status":"closed","template":"","meta":{"footnotes":""},"class_list":["post-847","page","type-page","status-publish","hentry"],"_links":{"self":[{"href":"https:\/\/www.comercialcecilio.es\/fr\/wp-json\/wp\/v2\/pages\/847","targetHints":{"allow":["GET"]}}],"collection":[{"href":"https:\/\/www.comercialcecilio.es\/fr\/wp-json\/wp\/v2\/pages"}],"about":[{"href":"https:\/\/www.comercialcecilio.es\/fr\/wp-json\/wp\/v2\/types\/page"}],"author":[{"embeddable":true,"href":"https:\/\/www.comercialcecilio.es\/fr\/wp-json\/wp\/v2\/users\/4"}],"replies":[{"embeddable":true,"href":"https:\/\/www.comercialcecilio.es\/fr\/wp-json\/wp\/v2\/comments?post=847"}],"version-history":[{"count":1,"href":"https:\/\/www.comercialcecilio.es\/fr\/wp-json\/wp\/v2\/pages\/847\/revisions"}],"predecessor-version":[{"id":848,"href":"https:\/\/www.comercialcecilio.es\/fr\/wp-json\/wp\/v2\/pages\/847\/revisions\/848"}],"wp:attachment":[{"href":"https:\/\/www.comercialcecilio.es\/fr\/wp-json\/wp\/v2\/media?parent=847"}],"curies":[{"name":"wp","href":"https:\/\/api.w.org\/{rel}","templated":true}]}}