{"id":849,"date":"2025-09-16T05:25:40","date_gmt":"2025-09-16T05:25:40","guid":{"rendered":"https:\/\/www.comercialcecilio.es\/?page_id=849"},"modified":"2025-09-16T05:25:47","modified_gmt":"2025-09-16T05:25:47","slug":"politique-en-matiere-de-cookies","status":"publish","type":"page","link":"https:\/\/www.comercialcecilio.es\/fr\/politique-en-matiere-de-cookies\/","title":{"rendered":"Politique en mati\u00e8re de cookies"},"content":{"rendered":"<h1 class=\"wp-block-heading\">Politique en mati\u00e8re de cookies<\/h1>\n\n\n\n<h2 class=\"wp-block-heading\">D\u00e9finition et fonction des cookies<\/h2>\n\n\n\n<p>Qu'est-ce qu'un cookie ? Un cookie est un fichier qui est t\u00e9l\u00e9charg\u00e9 sur votre ordinateur lorsque vous acc\u00e9dez \u00e0 certaines pages web. Les cookies d'un site web permettent, entre autres, de stocker et de r\u00e9cup\u00e9rer des informations sur les habitudes de navigation d'un utilisateur ou de son ordinateur et, en fonction des informations qu'ils contiennent et de la mani\u00e8re dont vous utilisez votre ordinateur, ils peuvent \u00eatre utilis\u00e9s pour reconna\u00eetre l'utilisateur.<\/p>\n\n\n\n<h2 class=\"wp-block-heading\">Quel type de cookies ce site web utilise-t-il ?<\/h2>\n\n\n\n<ul class=\"wp-block-list\">\n<li><strong>Les propres biscuits :<\/strong>\u00a0Ce sont celles qui sont envoy\u00e9es \u00e0 l'\u00e9quipement terminal de l'utilisateur \u00e0 partir d'un ordinateur ou d'un domaine g\u00e9r\u00e9 par l'\u00e9diteur lui-m\u00eame, et \u00e0 partir duquel le service demand\u00e9 par l'utilisateur est fourni.<\/li>\n\n\n\n<li><strong>Cookies persistants :<\/strong>\u00a0Il s'agit d'un type de cookie dans lequel les donn\u00e9es continuent d'\u00eatre stock\u00e9es dans le terminal et peuvent \u00eatre consult\u00e9es et trait\u00e9es pendant une p\u00e9riode pr\u00e9d\u00e9termin\u00e9e par le responsable du cookie, qui peut aller de quelques minutes \u00e0 plusieurs ann\u00e9es. Dans notre cas, les cookies sont conserv\u00e9s pour une dur\u00e9e maximale de 2 ans.<\/li>\n\n\n\n<li><strong>Cookies techniques :<\/strong>\u00a0Ces \u00e9l\u00e9ments sont n\u00e9cessaires pour pouvoir naviguer sur le site web.<\/li>\n\n\n\n<li><strong>Cookies d'analyse :<\/strong>\u00a0Ce sont celles qui permettent de quantifier le nombre d'utilisateurs et donc de r\u00e9aliser des analyses et des statistiques sur l'utilisation faite par les utilisateurs du service offert.<\/li>\n<\/ul>\n\n\n\n<p>C'est pourquoi votre navigation sur notre site web est analys\u00e9e \u00e0 l'aide des cookies _ga, _gat afin d'am\u00e9liorer les services que nous offrons.<\/p>\n\n\n\n<h2 class=\"wp-block-heading\">Liens vers d'autres sites web et r\u00e9seaux sociaux<\/h2>\n\n\n\n<p>S'il existe un lien vers un autre site web ou des r\u00e9seaux sociaux, ceux-ci auront leur propre politique en mati\u00e8re de cookies, pour laquelle nous ne sommes en aucun cas responsables. Pour cela, vous devez consulter leur politique en mati\u00e8re de cookies.<\/p>\n\n\n\n<h2 class=\"wp-block-heading\">R\u00e9vocation et suppression des cookies<\/h2>\n\n\n\n<p>Vous pouvez autoriser, bloquer ou supprimer les cookies install\u00e9s sur votre ordinateur en configurant les options de votre navigateur.<\/p>\n\n\n\n<p>Pour plus d'informations sur la mani\u00e8re de bloquer l'utilisation des cookies, vous pouvez suivre les liens ci-dessous :<\/p>\n\n\n\n<p><strong>Explorateur :<\/strong>&nbsp;<a href=\"https:\/\/web.archive.org\/web\/20250717205718\/http:\/\/windows.microsoft.com\/es-es\/windows-vista\/block-or-allow-cookies\" rel=\"noreferrer noopener\" target=\"_blank\">http:\/\/windows.microsoft.com\/es-es\/windows-vista\/block-or-allow-cookies<\/a><br><strong>Chrome :<\/strong>&nbsp;<a href=\"https:\/\/web.archive.org\/web\/20250717205718\/http:\/\/support.google.com\/chrome\/bin\/answer.py?hl=es&amp;answer=95647\" rel=\"noreferrer noopener\" target=\"_blank\">http:\/\/support.google.com\/chrome\/bin\/answer.py?hl=es&amp;answer=95647<\/a><br><strong>Firefox :<\/strong>&nbsp;<a href=\"https:\/\/web.archive.org\/web\/20250717205718\/https:\/\/support.mozilla.org\/es\/kb\/impedir-que-los-sitios-web-guarden-sus-preferencia\" rel=\"noreferrer noopener\" target=\"_blank\">https:\/\/support.mozilla.org\/es\/kb\/impedir-que-los-sitios-web-guarden-sus-preferencia<\/a><br><strong>Safari :<\/strong>&nbsp;<a href=\"https:\/\/web.archive.org\/web\/20250717205718\/http:\/\/support.apple.com\/kb\/ph5042\" rel=\"noreferrer noopener\" target=\"_blank\">http:\/\/support.apple.com\/kb\/ph5042<\/a><br><strong>Op\u00e9ra :<\/strong>&nbsp;<a href=\"https:\/\/web.archive.org\/web\/20250717205718\/http:\/\/help.opera.com\/Windows\/11.50\/es-ES\/cookies.html\" rel=\"noreferrer noopener\" target=\"_blank\">http:\/\/help.opera.com\/Windows\/11.50\/es-ES\/cookies.html<\/a><\/p>\n\n\n\n<figure class=\"wp-block-image\"><img decoding=\"async\" src=\"https:\/\/web.archive.org\/web\/20250717205718im_\/https:\/\/www.comercialcecilio.es\/sites\/default\/files\/inline-images\/logo-footer.png\" alt=\"Cecilio commercial\"\/><\/figure>\n\n\n\n<ul class=\"wp-block-list\">\n<li><a href=\"https:\/\/web.archive.org\/web\/20250717205718\/https:\/\/www.facebook.com\/maquinaria.cecilio\" target=\"_blank\" rel=\"noopener\">Facebook<\/a><\/li>\n\n\n\n<li><a href=\"https:\/\/web.archive.org\/web\/20250717205718\/https:\/\/www.youtube.com\/user\/ComercialCecilio\" target=\"_blank\" rel=\"noopener\">Youtube<\/a><\/li>\n\n\n\n<li><a href=\"https:\/\/web.archive.org\/web\/20250717205718\/https:\/\/www.linkedin.com\/company\/comercial-cecilio\/?originalSubdomain=es\" target=\"_blank\" rel=\"noopener\">Linkedin<\/a><\/li>\n<\/ul>\n\n\n\n<h2 class=\"wp-block-heading\" id=\"block-enlacesdeinteresfooter-menu\">Machines<\/h2>\n\n\n\n<ul class=\"wp-block-list\">\n<li><a href=\"https:\/\/web.archive.org\/web\/20250717205718\/https:\/\/www.comercialcecilio.es\/robland\">Robland<\/a><\/li>\n\n\n\n<li><a href=\"https:\/\/web.archive.org\/web\/20250717205718\/https:\/\/www.comercialcecilio.es\/kenbill\">Kenbill<\/a><\/li>\n\n\n\n<li><a href=\"https:\/\/web.archive.org\/web\/20250717205718\/https:\/\/www.comercialcecilio.es\/linnerman\">Linnerman<\/a><\/li>\n\n\n\n<li><a href=\"https:\/\/web.archive.org\/web\/20250717205718\/https:\/\/www.harnnett.es\/\" target=\"_blank\" rel=\"noopener\">Harnnett<\/a><\/li>\n\n\n\n<li><a href=\"https:\/\/web.archive.org\/web\/20250717205718\/https:\/\/www.comercialcecilio.es\/ocasion\">Occasion<\/a><\/li>\n<\/ul>\n\n\n\n<h2 class=\"wp-block-heading\">Comercial Cecilio S.A.<\/h2>\n\n\n\n<ul class=\"wp-block-list\">\n<li>Route Pinto-Fuenlabrada<br>M-506 KM 20,400<br>28946 Fuenlabrada (Madrid)<\/li>\n\n\n\n<li><a href=\"https:\/\/web.archive.org\/web\/20250717205718\/tel:+34916975588\" target=\"_blank\" rel=\"noopener\">916 97 55 88<\/a><\/li>\n\n\n\n<li><a href=\"https:\/\/web.archive.org\/web\/20250717205718\/mailto:maquinaria@comercialcecilio.es\">maquinaria@comercialcecilio.es<\/a><\/li>\n<\/ul>\n\n\n\n<h2 class=\"wp-block-heading\">Service d'assistance technique<\/h2>\n\n\n\n<ul class=\"wp-block-list\">\n<li><a href=\"https:\/\/web.archive.org\/web\/20250717205718\/tel:+34682441851\" target=\"_blank\" rel=\"noopener\">682 44 18 51<\/a><\/li>\n\n\n\n<li><a href=\"https:\/\/web.archive.org\/web\/20250717205718\/mailto:satcecilio@comercialcecilio.es\">satcecilio@comercialcecilio.es<\/a><\/li>\n<\/ul>","protected":false},"excerpt":{"rendered":"<p>Pol\u00edtica de Cookies Definici\u00f3n y funci\u00f3n de las Cookies \u00bfQu\u00e9 son las cookies? Una cookie es un archivo que se descarga en el ordenador al acceder a ciertas p\u00e1ginas web. Las cookies de un sitio web, permiten, entre otras cosas, almacenar y recuperar informaci\u00f3n acerca de los h\u00e1bitos de navegaci\u00f3n de un usuario o de [&hellip;]<\/p>\n","protected":false},"author":4,"featured_media":0,"parent":0,"menu_order":0,"comment_status":"closed","ping_status":"closed","template":"","meta":{"footnotes":""},"class_list":["post-849","page","type-page","status-publish","hentry"],"_links":{"self":[{"href":"https:\/\/www.comercialcecilio.es\/fr\/wp-json\/wp\/v2\/pages\/849","targetHints":{"allow":["GET"]}}],"collection":[{"href":"https:\/\/www.comercialcecilio.es\/fr\/wp-json\/wp\/v2\/pages"}],"about":[{"href":"https:\/\/www.comercialcecilio.es\/fr\/wp-json\/wp\/v2\/types\/page"}],"author":[{"embeddable":true,"href":"https:\/\/www.comercialcecilio.es\/fr\/wp-json\/wp\/v2\/users\/4"}],"replies":[{"embeddable":true,"href":"https:\/\/www.comercialcecilio.es\/fr\/wp-json\/wp\/v2\/comments?post=849"}],"version-history":[{"count":1,"href":"https:\/\/www.comercialcecilio.es\/fr\/wp-json\/wp\/v2\/pages\/849\/revisions"}],"predecessor-version":[{"id":850,"href":"https:\/\/www.comercialcecilio.es\/fr\/wp-json\/wp\/v2\/pages\/849\/revisions\/850"}],"wp:attachment":[{"href":"https:\/\/www.comercialcecilio.es\/fr\/wp-json\/wp\/v2\/media?parent=849"}],"curies":[{"name":"wp","href":"https:\/\/api.w.org\/{rel}","templated":true}]}}