{"id":1112,"date":"2026-03-30T11:59:25","date_gmt":"2026-03-30T11:59:25","guid":{"rendered":"https:\/\/www.comercialcecilio.es\/?post_type=product&#038;p=1112"},"modified":"2026-03-30T11:59:34","modified_gmt":"2026-03-30T11:59:34","slug":"cnc-harnnett-target-std-flex","status":"publish","type":"product","link":"https:\/\/www.comercialcecilio.es\/fr\/machines\/cnc-harnnett-target-std-flex\/","title":{"rendered":"CNC H\u00c4RNNETT TARGET STD FLEX"},"content":{"rendered":"<h2>Centro de mecanizado de alta producci\u00f3n<\/h2>\n<p>Unidad para taladros verticales y horizontales, mesa de vac\u00edo de m\u00e1xima sujeci\u00f3n de las piezas gracias al preciso ranurado especial.<\/p>\n<p>Construido sobre una bancada especial predispuesta para la instalaci\u00f3n a futuro de una mesa de descarga.<\/p>\n<p>Con empujador de descarga delantero para la suave entrega de las piezas ya mecanizadas.<\/p>\n<p>Centro de mecanizado capaz de mecanizar:<\/p>\n<ul class=\"list-style\">\n<li>Maderas: aglomerados, melaminas,\u2026<\/li>\n<li>Pl\u00e1sticos: PVC, ABS, Polietileno, espuma de polipropileno,\u2026<\/li>\n<li>Composites: Alucobond, Dibond, Trespa,\u2026<\/li>\n<li>Solid Surfaces: Corian, Krion, \u2026<\/li>\n<li>Metales no ferrosos: aluminio, bronce, \u2026<\/li>\n<\/ul>","protected":false},"excerpt":{"rendered":"<p>Compuesta por una mesa fija y un puente m\u00f3vil de doble apoyo.\u00a0Potentes servomotores que ofrecen posicionamiento exacto, gran velocidad, un funcionamiento suave, sin vibraciones y un f\u00e1cil manejo.<\/p>","protected":false},"featured_media":1156,"template":"","meta":[],"product_brand":[58],"product_cat":[55,56,54],"product_tag":[57],"class_list":{"0":"post-1112","1":"product","2":"type-product","3":"status-publish","4":"has-post-thumbnail","6":"product_brand-harnnett","7":"product_cat-centros-de-mecanizado-harnnett","8":"product_cat-cnc-nesting","9":"product_cat-maquinaria-para-madera-industrial","10":"product_tag-materiales-tecnicos-solid-face","12":"first","13":"instock","14":"shipping-taxable","15":"product-type-simple"},"_links":{"self":[{"href":"https:\/\/www.comercialcecilio.es\/fr\/wp-json\/wp\/v2\/product\/1112","targetHints":{"allow":["GET"]}}],"collection":[{"href":"https:\/\/www.comercialcecilio.es\/fr\/wp-json\/wp\/v2\/product"}],"about":[{"href":"https:\/\/www.comercialcecilio.es\/fr\/wp-json\/wp\/v2\/types\/product"}],"wp:featuredmedia":[{"embeddable":true,"href":"https:\/\/www.comercialcecilio.es\/fr\/wp-json\/wp\/v2\/media\/1156"}],"wp:attachment":[{"href":"https:\/\/www.comercialcecilio.es\/fr\/wp-json\/wp\/v2\/media?parent=1112"}],"wp:term":[{"taxonomy":"product_brand","embeddable":true,"href":"https:\/\/www.comercialcecilio.es\/fr\/wp-json\/wp\/v2\/product_brand?post=1112"},{"taxonomy":"product_cat","embeddable":true,"href":"https:\/\/www.comercialcecilio.es\/fr\/wp-json\/wp\/v2\/product_cat?post=1112"},{"taxonomy":"product_tag","embeddable":true,"href":"https:\/\/www.comercialcecilio.es\/fr\/wp-json\/wp\/v2\/product_tag?post=1112"}],"curies":[{"name":"wp","href":"https:\/\/api.w.org\/{rel}","templated":true}]}}