{"id":1121,"date":"2026-03-30T11:59:26","date_gmt":"2026-03-30T11:59:26","guid":{"rendered":"https:\/\/www.comercialcecilio.es\/?post_type=product&#038;p=1121"},"modified":"2026-03-30T11:59:38","modified_gmt":"2026-03-30T11:59:38","slug":"cnc-harnnett-track-mini","status":"publish","type":"product","link":"https:\/\/www.comercialcecilio.es\/fr\/machines\/cnc-harnnett-track-mini\/","title":{"rendered":"CNC H\u00c4RNNETT TRACK MINI"},"content":{"rendered":"<h2>CNC H\u00c4RNNETT TRACK Mini<\/h2>\n<p>Disponible modelo de 1 \u00fanico motor fresador o modelo con cambio de herramienta. Los modelos TRACK mini nacen para satisfacer la demanda de una m\u00e1quina peque\u00f1a pero potente para realizaci\u00f3n de trabajos especializados que no requieran de mucho espacio.<\/p>\n<p>Precisi\u00f3n y velocidad comprimidos en unos modelos muy compactos y de estructura muy robusta.<\/p>\n<p>&nbsp;<\/p>\n<h2>\u00c1rea de Trabajo<\/h2>\n<p>Puedes cargar y descargar los paneles desde cualquier punto del per\u00edmetro de la m\u00e1quina.<\/p>\n<p>Se adapta a cualquier espacio en el taller.<\/p>","protected":false},"excerpt":{"rendered":"<p>Centros de mecanizado H\u00c4RNNETT con mesas de trabajo de dimensiones muy reducidas.<\/p>","protected":false},"featured_media":1173,"template":"","meta":[],"product_brand":[58],"product_cat":[55,56,54],"product_tag":[57],"class_list":{"0":"post-1121","1":"product","2":"type-product","3":"status-publish","4":"has-post-thumbnail","6":"product_brand-harnnett","7":"product_cat-centros-de-mecanizado-harnnett","8":"product_cat-cnc-nesting","9":"product_cat-maquinaria-para-madera-industrial","10":"product_tag-materiales-tecnicos-solid-face","12":"first","13":"instock","14":"shipping-taxable","15":"product-type-simple"},"_links":{"self":[{"href":"https:\/\/www.comercialcecilio.es\/fr\/wp-json\/wp\/v2\/product\/1121","targetHints":{"allow":["GET"]}}],"collection":[{"href":"https:\/\/www.comercialcecilio.es\/fr\/wp-json\/wp\/v2\/product"}],"about":[{"href":"https:\/\/www.comercialcecilio.es\/fr\/wp-json\/wp\/v2\/types\/product"}],"wp:featuredmedia":[{"embeddable":true,"href":"https:\/\/www.comercialcecilio.es\/fr\/wp-json\/wp\/v2\/media\/1173"}],"wp:attachment":[{"href":"https:\/\/www.comercialcecilio.es\/fr\/wp-json\/wp\/v2\/media?parent=1121"}],"wp:term":[{"taxonomy":"product_brand","embeddable":true,"href":"https:\/\/www.comercialcecilio.es\/fr\/wp-json\/wp\/v2\/product_brand?post=1121"},{"taxonomy":"product_cat","embeddable":true,"href":"https:\/\/www.comercialcecilio.es\/fr\/wp-json\/wp\/v2\/product_cat?post=1121"},{"taxonomy":"product_tag","embeddable":true,"href":"https:\/\/www.comercialcecilio.es\/fr\/wp-json\/wp\/v2\/product_tag?post=1121"}],"curies":[{"name":"wp","href":"https:\/\/api.w.org\/{rel}","templated":true}]}}