{"id":1127,"date":"2026-03-30T11:59:26","date_gmt":"2026-03-30T11:59:26","guid":{"rendered":"https:\/\/www.comercialcecilio.es\/?post_type=product&#038;p=1127"},"modified":"2026-03-30T11:59:41","modified_gmt":"2026-03-30T11:59:41","slug":"encoladora-de-cantos-linnerman-a","status":"publish","type":"product","link":"https:\/\/www.comercialcecilio.es\/fr\/machines\/encoladora-de-cantos-linnerman-a\/","title":{"rendered":"ENCOLADORA DE CANTOS LINNERMAN A"},"content":{"rendered":"<p>Nueva gama de maquinaria que est\u00e1 compuesta por encoladoras de cantos rectos unilaterales equipada con los siguientes grupos de trabajo: grupo encolador, rodillos de presi\u00f3n, retestador y perfilador.<\/p>\n<ul class=\"list-style\">\n<li>El puente superior de presi\u00f3n est\u00e1 construido con un bastidor de acero con doble l\u00ednea de ruedas de goma, este se posiciona de forma manual y se visualiza la medida a trav\u00e9s de un indicador de posicionamiento mec\u00e1nico.<\/li>\n<li>Sistema de avance por cadena a 8 m\/min de alta precisi\u00f3n con patines que se deslizan sobre una base guiada, asegurando un movimiento preciso y resistente sobre cualquier tipo de esfuerzo.<\/li>\n<li>El accionamiento de los grupos operadores se controla a trav\u00e9s de botonera con pantalla.<\/li>\n<li>Cabina de protecci\u00f3n insonorizada con ventanas de policarbonato transparente,\u00a0 para poder tener una visi\u00f3n completa de la zona de trabajo, iluminaci\u00f3n interior y micro interruptor de seguridad.<\/li>\n<li>Aspiraci\u00f3n centralizada interior.<\/li>\n<li>R\u00e8glements CE<\/li>\n<\/ul>\n<p>&nbsp;<\/p>\n<p><strong>F\u00e1brica se reserva el derecho de realizar modificaciones o mejoras sin previo aviso<\/strong><\/p>\n<p>Las fotograf\u00edas mostradas en la oferta pertenecen a otros modelos fabricados con anterioridad y por tanto, podr\u00e1n sufrir cambios y actualizaciones las partes suministradas en la m\u00e1quina ofertada.<\/p>\n<p>Los datos t\u00e9cnicos y caracter\u00edsticas mencionadas en la presente oferta son de naturaleza informativa y pueden estar sujetas a modificaciones, actualizaciones y mejoras<\/p>","protected":false},"excerpt":{"rendered":"<p>Nueva gama de maquinaria que est\u00e1 compuesta por encoladoras de cantos rectos unilaterales equipada con los siguientes grupos de trabajo: grupo encolador, rodillos de presi\u00f3n, retestador y perfilador.<\/p>","protected":false},"featured_media":1183,"template":"","meta":[],"product_brand":[69],"product_cat":[65,54],"product_tag":[68],"class_list":{"0":"post-1127","1":"product","2":"type-product","3":"status-publish","4":"has-post-thumbnail","6":"product_brand-linnerman","7":"product_cat-encoladoras-de-cantos","8":"product_cat-maquinaria-para-madera-industrial","9":"product_tag-madera-maciza","11":"first","12":"instock","13":"shipping-taxable","14":"product-type-simple"},"_links":{"self":[{"href":"https:\/\/www.comercialcecilio.es\/fr\/wp-json\/wp\/v2\/product\/1127","targetHints":{"allow":["GET"]}}],"collection":[{"href":"https:\/\/www.comercialcecilio.es\/fr\/wp-json\/wp\/v2\/product"}],"about":[{"href":"https:\/\/www.comercialcecilio.es\/fr\/wp-json\/wp\/v2\/types\/product"}],"wp:featuredmedia":[{"embeddable":true,"href":"https:\/\/www.comercialcecilio.es\/fr\/wp-json\/wp\/v2\/media\/1183"}],"wp:attachment":[{"href":"https:\/\/www.comercialcecilio.es\/fr\/wp-json\/wp\/v2\/media?parent=1127"}],"wp:term":[{"taxonomy":"product_brand","embeddable":true,"href":"https:\/\/www.comercialcecilio.es\/fr\/wp-json\/wp\/v2\/product_brand?post=1127"},{"taxonomy":"product_cat","embeddable":true,"href":"https:\/\/www.comercialcecilio.es\/fr\/wp-json\/wp\/v2\/product_cat?post=1127"},{"taxonomy":"product_tag","embeddable":true,"href":"https:\/\/www.comercialcecilio.es\/fr\/wp-json\/wp\/v2\/product_tag?post=1127"}],"curies":[{"name":"wp","href":"https:\/\/api.w.org\/{rel}","templated":true}]}}