{"id":1185,"date":"2026-03-30T11:59:42","date_gmt":"2026-03-30T11:59:42","guid":{"rendered":"https:\/\/www.comercialcecilio.es\/?post_type=product&#038;p=1185"},"modified":"2026-03-30T11:59:44","modified_gmt":"2026-03-30T11:59:44","slug":"finger-joint","status":"publish","type":"product","link":"https:\/\/www.comercialcecilio.es\/fr\/machines\/finger-joint\/","title":{"rendered":"Finger Joint"},"content":{"rendered":"<p>Ideal para empresas que desean rentabilizar el aprovechamiento de sus retales de madera o desea comercializar productos de Finger-Joint.<\/p>\n<p>La soluci\u00f3n m\u00e1s inteligente y sostenible de sacar el m\u00e1ximo rendimiento a cada pieza de madera.<\/p>\n<p>Diferentes modelos de Finger Joint para adaptarse a su espacio y necesidades.<\/p>\n<p>L\u00edneas autom\u00e1ticas y semi-autom\u00e1ticas.<\/p>","protected":false},"excerpt":{"rendered":"<p>La soluci\u00f3n m\u00e1s inteligente y sostenible de sacar el m\u00e1ximo rendimiento a cada pieza de madera.<\/p>","protected":false},"featured_media":1201,"template":"","meta":[],"product_brand":[69],"product_cat":[54],"product_tag":[68],"class_list":{"0":"post-1185","1":"product","2":"type-product","3":"status-publish","4":"has-post-thumbnail","6":"product_brand-linnerman","7":"product_cat-maquinaria-para-madera-industrial","8":"product_tag-madera-maciza","10":"first","11":"instock","12":"shipping-taxable","13":"product-type-simple"},"_links":{"self":[{"href":"https:\/\/www.comercialcecilio.es\/fr\/wp-json\/wp\/v2\/product\/1185","targetHints":{"allow":["GET"]}}],"collection":[{"href":"https:\/\/www.comercialcecilio.es\/fr\/wp-json\/wp\/v2\/product"}],"about":[{"href":"https:\/\/www.comercialcecilio.es\/fr\/wp-json\/wp\/v2\/types\/product"}],"wp:featuredmedia":[{"embeddable":true,"href":"https:\/\/www.comercialcecilio.es\/fr\/wp-json\/wp\/v2\/media\/1201"}],"wp:attachment":[{"href":"https:\/\/www.comercialcecilio.es\/fr\/wp-json\/wp\/v2\/media?parent=1185"}],"wp:term":[{"taxonomy":"product_brand","embeddable":true,"href":"https:\/\/www.comercialcecilio.es\/fr\/wp-json\/wp\/v2\/product_brand?post=1185"},{"taxonomy":"product_cat","embeddable":true,"href":"https:\/\/www.comercialcecilio.es\/fr\/wp-json\/wp\/v2\/product_cat?post=1185"},{"taxonomy":"product_tag","embeddable":true,"href":"https:\/\/www.comercialcecilio.es\/fr\/wp-json\/wp\/v2\/product_tag?post=1185"}],"curies":[{"name":"wp","href":"https:\/\/api.w.org\/{rel}","templated":true}]}}