{"id":1197,"date":"2026-03-30T11:59:42","date_gmt":"2026-03-30T11:59:42","guid":{"rendered":"https:\/\/www.comercialcecilio.es\/?post_type=product&#038;p=1197"},"modified":"2026-03-30T11:59:52","modified_gmt":"2026-03-30T11:59:52","slug":"cepilladora-4-caras-4fm-180-electronic","status":"publish","type":"product","link":"https:\/\/www.comercialcecilio.es\/fr\/machines\/cepilladora-4-caras-4fm-180-electronic\/","title":{"rendered":"Cepilladora 4 caras 4FM 180 (ELECTRONIC)"},"content":{"rendered":"<ul class=\"list-style\">\n<li>Mesa larga de entrada de 2.200 m\/m.<\/li>\n<li>Regulaci\u00f3n simult\u00e1nea de la traviesa de arrastre y del eje horizontal superior<\/li>\n<li>Bomba de engrase en mesa.<\/li>\n<li>Labios ranurados en la mesa de entrada<\/li>\n<li>Elevaci\u00f3n autom\u00e1tica del puente de arrastre y presi\u00f3n.<\/li>\n<li>Fresa enderezadora de piezas<\/li>\n<li>Lector digital electr\u00f3nico de altura de medida.<\/li>\n<li>Juego de cabezales diam. 120 mm<\/li>\n<li>Acceso frontal a todos los mandos de regulaci\u00f3n de los grupos<\/li>\n<li>Posicionamiento r\u00e1pido de los ejes, con contadores digitales SICO de precisi\u00f3n decimal<\/li>\n<li>Eje vertical izquierdo con prensor de entrada<\/li>\n<li>Grupo de arrastre en entrada y dispositivo de exclusi\u00f3n r\u00e1pida por palanca<\/li>\n<li>Arranque estrella tri\u00e1ngulo<\/li>\n<li>Capota insonorizada con blocaje temporizado<\/li>\n<li>Llaves de servicio<\/li>\n<li>R\u00e9glementation CE.<\/li>\n<\/ul>","protected":false},"excerpt":{"rendered":"<p>Construido en acero y fundici\u00f3n con bancada monoblock<\/p>","protected":false},"featured_media":1224,"template":"","meta":[],"product_brand":[69],"product_cat":[72,54],"product_tag":[68],"class_list":{"0":"post-1197","1":"product","2":"type-product","3":"status-publish","4":"has-post-thumbnail","6":"product_brand-linnerman","7":"product_cat-cepilladoras-de-madera","8":"product_cat-maquinaria-para-madera-industrial","9":"product_tag-madera-maciza","11":"first","12":"instock","13":"shipping-taxable","14":"product-type-simple"},"_links":{"self":[{"href":"https:\/\/www.comercialcecilio.es\/fr\/wp-json\/wp\/v2\/product\/1197","targetHints":{"allow":["GET"]}}],"collection":[{"href":"https:\/\/www.comercialcecilio.es\/fr\/wp-json\/wp\/v2\/product"}],"about":[{"href":"https:\/\/www.comercialcecilio.es\/fr\/wp-json\/wp\/v2\/types\/product"}],"wp:featuredmedia":[{"embeddable":true,"href":"https:\/\/www.comercialcecilio.es\/fr\/wp-json\/wp\/v2\/media\/1224"}],"wp:attachment":[{"href":"https:\/\/www.comercialcecilio.es\/fr\/wp-json\/wp\/v2\/media?parent=1197"}],"wp:term":[{"taxonomy":"product_brand","embeddable":true,"href":"https:\/\/www.comercialcecilio.es\/fr\/wp-json\/wp\/v2\/product_brand?post=1197"},{"taxonomy":"product_cat","embeddable":true,"href":"https:\/\/www.comercialcecilio.es\/fr\/wp-json\/wp\/v2\/product_cat?post=1197"},{"taxonomy":"product_tag","embeddable":true,"href":"https:\/\/www.comercialcecilio.es\/fr\/wp-json\/wp\/v2\/product_tag?post=1197"}],"curies":[{"name":"wp","href":"https:\/\/api.w.org\/{rel}","templated":true}]}}