{"id":1198,"date":"2026-03-30T11:59:42","date_gmt":"2026-03-30T11:59:42","guid":{"rendered":"https:\/\/www.comercialcecilio.es\/?post_type=product&#038;p=1198"},"modified":"2026-03-30T11:59:53","modified_gmt":"2026-03-30T11:59:53","slug":"cepilladora-linnerman-dma-41","status":"publish","type":"product","link":"https:\/\/www.comercialcecilio.es\/fr\/machines\/cepilladora-linnerman-dma-41\/","title":{"rendered":"Cepilladora Linnerman DMA-41"},"content":{"rendered":"<ul class=\"list-style\">\n<li>Dimensiones de las mesas 1.800 x 410 mm, con mesas rectificadas en fundici\u00f3n.<\/li>\n<li>Potencia 5,5 HP<\/li>\n<li>Movimiento de las mesas mediante palanca.<\/li>\n<li>N\u00famero de cuchillas: 4<\/li>\n<li>Gu\u00eda inclinable 45\u00ba de 1.100X155mm<\/li>\n<li>Ancho \u00fatil de trabajo: 400 mm<\/li>\n<li>M\u00e1xima profundidad de cepillado: 5 mm<\/li>\n<li>Protecci\u00f3n de cuchillas trasera y delantera<\/li>\n<li>Bouton d'urgence.<\/li>\n<li>\u00c9quip\u00e9 d'une prise d'aspiration<\/li>\n<li>Predispuesta para taladro horizontal<\/li>\n<li>R\u00e8glements CE<\/li>\n<\/ul>","protected":false},"excerpt":{"rendered":"<p>Dimensiones de las mesas 1.800 x 410 mm, con mesas rectificadas en fundici\u00f3n. Potencia 5,5 HP Movimiento de las mesas mediante palanca. N\u00famero de cuchillas: 4 Gu\u00eda inclinable 45\u00ba de 1.100X155mm Ancho \u00fatil de trabajo: 400 mm M\u00e1xima profundidad de cepillado: 5 mm Protecci\u00f3n de cuchillas trasera y delantera Pulsador de emergencia. Equipada con toma [&hellip;]<\/p>\n","protected":false},"featured_media":1225,"template":"","meta":[],"product_brand":[69],"product_cat":[72,54],"product_tag":[68],"class_list":{"0":"post-1198","1":"product","2":"type-product","3":"status-publish","4":"has-post-thumbnail","6":"product_brand-linnerman","7":"product_cat-cepilladoras-de-madera","8":"product_cat-maquinaria-para-madera-industrial","9":"product_tag-madera-maciza","11":"first","12":"instock","13":"shipping-taxable","14":"product-type-simple"},"_links":{"self":[{"href":"https:\/\/www.comercialcecilio.es\/fr\/wp-json\/wp\/v2\/product\/1198","targetHints":{"allow":["GET"]}}],"collection":[{"href":"https:\/\/www.comercialcecilio.es\/fr\/wp-json\/wp\/v2\/product"}],"about":[{"href":"https:\/\/www.comercialcecilio.es\/fr\/wp-json\/wp\/v2\/types\/product"}],"wp:featuredmedia":[{"embeddable":true,"href":"https:\/\/www.comercialcecilio.es\/fr\/wp-json\/wp\/v2\/media\/1225"}],"wp:attachment":[{"href":"https:\/\/www.comercialcecilio.es\/fr\/wp-json\/wp\/v2\/media?parent=1198"}],"wp:term":[{"taxonomy":"product_brand","embeddable":true,"href":"https:\/\/www.comercialcecilio.es\/fr\/wp-json\/wp\/v2\/product_brand?post=1198"},{"taxonomy":"product_cat","embeddable":true,"href":"https:\/\/www.comercialcecilio.es\/fr\/wp-json\/wp\/v2\/product_cat?post=1198"},{"taxonomy":"product_tag","embeddable":true,"href":"https:\/\/www.comercialcecilio.es\/fr\/wp-json\/wp\/v2\/product_tag?post=1198"}],"curies":[{"name":"wp","href":"https:\/\/api.w.org\/{rel}","templated":true}]}}