{"id":1200,"date":"2026-03-30T11:59:42","date_gmt":"2026-03-30T11:59:42","guid":{"rendered":"https:\/\/www.comercialcecilio.es\/?post_type=product&#038;p=1200"},"modified":"2026-03-30T11:59:54","modified_gmt":"2026-03-30T11:59:54","slug":"banco-de-armar-de-barra-unica-sbu-m","status":"publish","type":"product","link":"https:\/\/www.comercialcecilio.es\/fr\/machines\/banco-de-armar-de-barra-unica-sbu-m\/","title":{"rendered":"Banco de armar de barra \u00fanica SBU\/M"},"content":{"rendered":"<h3>Banco robusto de estructura muy fuerte<\/h3>\n<p>Compuesta de una viga doble T superior de 300mm que va accionada por 2 pistones hidr\u00e1ulicos, para ejercer una presi\u00f3n vertical y as\u00ed poder repartir la presi\u00f3n uniformemente, y una viga inferior doble T de 300mm posicionable en 3 medidas diferentes, para conseguir una posici\u00f3n de trabajo optima en cada momento.<\/p>\n<p>Formada por 2 pistones hidr\u00e1ulicos en horizontal que prensan hacia las escuadras fijas. Estas son posicionables r\u00e1pidamente mediante una exc\u00e9ntrica y unos puntos fijos hasta la mitad de la viga<\/p>\n<p>Est\u00e1 equipada con regulaci\u00f3n de presi\u00f3n diferenciada entre pistones verticales ( mediante man\u00f3metro ) y los pistones horizontales ( mediante v\u00e1lvula )<\/p>\n<p>El cuadro de mandos de acci\u00f3n pulsante suspendida y pivotante en la parte superior central, facilita al operador el control en cualquier punto de la zona de trabajo de la m\u00e1quina.<\/p>","protected":false},"excerpt":{"rendered":"<h3>Banco robusto de estructura muy fuerte<\/h3>","protected":false},"featured_media":1227,"template":"","meta":[],"product_brand":[69],"product_cat":[54],"product_tag":[68],"class_list":{"0":"post-1200","1":"product","2":"type-product","3":"status-publish","4":"has-post-thumbnail","6":"product_brand-linnerman","7":"product_cat-maquinaria-para-madera-industrial","8":"product_tag-madera-maciza","10":"first","11":"instock","12":"shipping-taxable","13":"product-type-simple"},"_links":{"self":[{"href":"https:\/\/www.comercialcecilio.es\/fr\/wp-json\/wp\/v2\/product\/1200","targetHints":{"allow":["GET"]}}],"collection":[{"href":"https:\/\/www.comercialcecilio.es\/fr\/wp-json\/wp\/v2\/product"}],"about":[{"href":"https:\/\/www.comercialcecilio.es\/fr\/wp-json\/wp\/v2\/types\/product"}],"wp:featuredmedia":[{"embeddable":true,"href":"https:\/\/www.comercialcecilio.es\/fr\/wp-json\/wp\/v2\/media\/1227"}],"wp:attachment":[{"href":"https:\/\/www.comercialcecilio.es\/fr\/wp-json\/wp\/v2\/media?parent=1200"}],"wp:term":[{"taxonomy":"product_brand","embeddable":true,"href":"https:\/\/www.comercialcecilio.es\/fr\/wp-json\/wp\/v2\/product_brand?post=1200"},{"taxonomy":"product_cat","embeddable":true,"href":"https:\/\/www.comercialcecilio.es\/fr\/wp-json\/wp\/v2\/product_cat?post=1200"},{"taxonomy":"product_tag","embeddable":true,"href":"https:\/\/www.comercialcecilio.es\/fr\/wp-json\/wp\/v2\/product_tag?post=1200"}],"curies":[{"name":"wp","href":"https:\/\/api.w.org\/{rel}","templated":true}]}}