{"id":295,"date":"2025-08-06T15:56:12","date_gmt":"2025-08-06T15:56:12","guid":{"rendered":"https:\/\/cecilio.comercialcecilio.es\/?post_type=product&#038;p=295"},"modified":"2026-04-23T14:07:05","modified_gmt":"2026-04-23T14:07:05","slug":"scie-a-format-robland-z500x3","status":"publish","type":"product","link":"https:\/\/www.comercialcecilio.es\/fr\/machines\/scie-a-format-robland-z500x3\/","title":{"rendered":"Scie \u00e0 format Robland Z500X3"},"content":{"rendered":"<ol>\n<li>3 axes command\u00e9s par CNC ZEB (Allemagne)<\/li>\n<li>Diam\u00e8tre maximal du disque 500 mm<\/li>\n<li>Puissance standard du moteur 9,2 kW<\/li>\n<li>Incisive avec exclusion automatique<\/li>\n<li>Indicateur LED sur la table, fonction de notation<\/li>\n<li>Drapeau suppl\u00e9mentaire avec rallonge et rouleau, \u00e9quip\u00e9 de but\u00e9es d'angle, de degr\u00e9 et doubles num\u00e9riques \u00e0 verrouillage, avec bande magn\u00e9tique.<\/li>\n<\/ol>","protected":false},"excerpt":{"rendered":"<ul class=\"list-style\">\n<li>Dimensions du chariot en aluminium : 425\u00d73.200mm<\/li>\n<li>Dimensions du drapeau (t\u00e9lescopique) : 1.505x760mm<\/li>\n<li>Longueur du profil du drapeau : 3,355 mm<\/li>\n<li>Diam\u00e8tre de la lame : 500 mm (350 mm avec lame d'incision)<\/li>\n<li>Puissance du moteur : 9,2 kW<\/li>\n<li>Hauteur de coupe maximale : 175 mm \u00e0 90\u00ba.<\/li>\n<li>Hauteur de coupe \u00e0 45\u00ba : 120mm<\/li>\n<li>Vitesse du disque principal : 3.000\/4.000\/5.000 r.pm.<\/li>\n<li>Diam\u00e8tre du disque d'incision : 120X20mm<\/li>\n<li>Vitesse du disque de marquage : 7 000 tours\/minute.<\/li>\n<li>Capacit\u00e9 de coupe maximale : 3 200 mm (3 800 mm en option)<\/li>\n<li>Largeur de coupe maximale : 1 500 mm<\/li>\n<li>Puissance du disque de marquage : 1,3 kW<\/li>\n<li>Diam\u00e8tre de l'entr\u00e9e d'aspiration : 120\/80mm<\/li>\n<li>Poids : 1.270Kg<\/li>\n<\/ul>","protected":false},"featured_media":296,"template":"","meta":[],"product_brand":[20],"product_cat":[21,75,53],"product_tag":[22],"class_list":{"0":"post-295","1":"product","2":"type-product","3":"status-publish","4":"has-post-thumbnail","6":"product_brand-robland","7":"product_cat-escuadradoras","8":"product_cat-escuadradora-robland","9":"product_cat-maquinaria","10":"product_tag-madera","12":"first","13":"instock","14":"shipping-taxable","15":"purchasable","16":"product-type-simple"},"_links":{"self":[{"href":"https:\/\/www.comercialcecilio.es\/fr\/wp-json\/wp\/v2\/product\/295","targetHints":{"allow":["GET"]}}],"collection":[{"href":"https:\/\/www.comercialcecilio.es\/fr\/wp-json\/wp\/v2\/product"}],"about":[{"href":"https:\/\/www.comercialcecilio.es\/fr\/wp-json\/wp\/v2\/types\/product"}],"wp:featuredmedia":[{"embeddable":true,"href":"https:\/\/www.comercialcecilio.es\/fr\/wp-json\/wp\/v2\/media\/296"}],"wp:attachment":[{"href":"https:\/\/www.comercialcecilio.es\/fr\/wp-json\/wp\/v2\/media?parent=295"}],"wp:term":[{"taxonomy":"product_brand","embeddable":true,"href":"https:\/\/www.comercialcecilio.es\/fr\/wp-json\/wp\/v2\/product_brand?post=295"},{"taxonomy":"product_cat","embeddable":true,"href":"https:\/\/www.comercialcecilio.es\/fr\/wp-json\/wp\/v2\/product_cat?post=295"},{"taxonomy":"product_tag","embeddable":true,"href":"https:\/\/www.comercialcecilio.es\/fr\/wp-json\/wp\/v2\/product_tag?post=295"}],"curies":[{"name":"wp","href":"https:\/\/api.w.org\/{rel}","templated":true}]}}