{"id":303,"date":"2025-08-06T16:04:45","date_gmt":"2025-08-06T16:04:45","guid":{"rendered":"https:\/\/cecilio.comercialcecilio.es\/?post_type=product&#038;p=303"},"modified":"2026-04-23T13:56:35","modified_gmt":"2026-04-23T13:56:35","slug":"3-operations-combinees-robland-sdb-510","status":"publish","type":"product","link":"https:\/\/www.comercialcecilio.es\/fr\/machines\/3-operations-combinees-robland-sdb-510\/","title":{"rendered":"3 op\u00e9rations combin\u00e9es Robland SDB-510"},"content":{"rendered":"<ol>\n<li>Tables en fonte de 510 x 2250 mm, avec plans rectifi\u00e9s.<\/li>\n<li>Installation \u00e9lectrique conforme \u00e0 la r\u00e9glementation europ\u00e9enne<\/li>\n<li>Verrouillage de s\u00e9curit\u00e9 avec micro-interrupteur<\/li>\n<li>Moteur de 5,5 KW (7,5 HP), avec frein moteur<\/li>\n<li>Guide de rabotage inclinable 0\u00ba-45\u00ba.<\/li>\n<li>Vitesse de l'arbre 6000 r.p.m.<\/li>\n<li>Protection de l'arbre de la brosse, r\u00e9glable<\/li>\n<li>Levage simultan\u00e9 des tables \u00e0 l'aide de ressorts<\/li>\n<li>Dimensions de la table de rabotage 810\u00d7510 mm, avec quatre axes de support<\/li>\n<li>Levage automatique de l'\u00e9pareuse avec une hauteur de travail de 230 mm<\/li>\n<li>Deux moteurs ind\u00e9pendants pour 4 vitesses d'avancement de 5-8-10-16 m\/min (par s\u00e9lecteur)<\/li>\n<li>Jauge d'\u00e9paisseur \u00e9lectronique pour la mesure de la hauteur d'\u00e9paississement<\/li>\n<li>Capot de protection avec micro-interrupteur et aspiration<\/li>\n<li>Chariot de mortaisage avec tables de 300\u00d7600 mm<\/li>\n<li>Presseur excentrique<\/li>\n<li>R\u00e8glements CE<\/li>\n<\/ol>","protected":false},"excerpt":{"rendered":"<h3>Raboteuse<\/h3>\n<ul class=\"list-style\">\n<li>Largeur de travail maximale : 510 mm<\/li>\n<li>Longueur totale des tables : 2 250 mm<\/li>\n<li>Diam\u00e8tre de l'arbre de la lame : 100 mm<\/li>\n<li>Nombre de lames : 4<\/li>\n<li>Dimensions de la lame :<\/li>\n<li>Vitesse de rotation de l'arbre porte-lames : 6 000 tours\/minute.<\/li>\n<li>Longueur du support : 1.100X150mm<\/li>\n<li>Support inclinable : 0\u00ba-45\u00ba.<\/li>\n<li>Profondeur de passage maximale : 6 mm<\/li>\n<li>Puissance du moteur principal : 7,5 CV<\/li>\n<\/ul>\n<h3>\u00c9paisseur<\/h3>\n<ul class=\"list-style\">\n<li>Puissance du moteur de la table montante\/descendante : 0,55 KW<\/li>\n<li>Puissance du 1er moteur en marche avant : 0,18 \/ 0,37 KW<\/li>\n<li>Puissance du 2\u00e8me moteur en marche avant : 0,37 \/ 0,55 KW<\/li>\n<li>Diam\u00e8tre de l'arbre de la lame : 100 mm<\/li>\n<li>Vitesse de rotation de l'arbre : 6.000 R.P.M.<\/li>\n<li>Nombre de lames : 4<\/li>\n<li>Dimensions des lames : 510 x 30 x 3mm<\/li>\n<li>Dimensions de la table : 850x510mm<\/li>\n<li>Hauteur de travail maximale : 230 mm<\/li>\n<li>Vitesses de travail : 5- 8 -10-16 mts\/min<\/li>\n<li>Diam\u00e8tre de l'entr\u00e9e d'aspiration : 160 mm<\/li>\n<\/ul>\n<h3>Unit\u00e9 de moulage par forage-soufflage<\/h3>\n<ul class=\"list-style\">\n<li>Dimensions de la table : 600X300mm<\/li>\n<li>D\u00e9placement longitudinal : 200 mm<\/li>\n<li>D\u00e9placement transversal : 150 mm<\/li>\n<li>D\u00e9placement vertical : 150 mm<\/li>\n<li>Capacit\u00e9 maximale du mandrin : 16 mm<\/li>\n<li>Vitesse de rotation de la broche : 3 000 tr\/min.<\/li>\n<\/ul>","protected":false},"featured_media":307,"template":"","meta":[],"product_brand":[20],"product_cat":[74,26,53],"product_tag":[22],"class_list":{"0":"post-303","1":"product","2":"type-product","3":"status-publish","4":"has-post-thumbnail","6":"product_brand-robland","7":"product_cat-combinada-robland","8":"product_cat-combinadas","9":"product_cat-maquinaria","10":"product_tag-madera","12":"first","13":"instock","14":"shipping-taxable","15":"purchasable","16":"product-type-simple"},"_links":{"self":[{"href":"https:\/\/www.comercialcecilio.es\/fr\/wp-json\/wp\/v2\/product\/303","targetHints":{"allow":["GET"]}}],"collection":[{"href":"https:\/\/www.comercialcecilio.es\/fr\/wp-json\/wp\/v2\/product"}],"about":[{"href":"https:\/\/www.comercialcecilio.es\/fr\/wp-json\/wp\/v2\/types\/product"}],"wp:featuredmedia":[{"embeddable":true,"href":"https:\/\/www.comercialcecilio.es\/fr\/wp-json\/wp\/v2\/media\/307"}],"wp:attachment":[{"href":"https:\/\/www.comercialcecilio.es\/fr\/wp-json\/wp\/v2\/media?parent=303"}],"wp:term":[{"taxonomy":"product_brand","embeddable":true,"href":"https:\/\/www.comercialcecilio.es\/fr\/wp-json\/wp\/v2\/product_brand?post=303"},{"taxonomy":"product_cat","embeddable":true,"href":"https:\/\/www.comercialcecilio.es\/fr\/wp-json\/wp\/v2\/product_cat?post=303"},{"taxonomy":"product_tag","embeddable":true,"href":"https:\/\/www.comercialcecilio.es\/fr\/wp-json\/wp\/v2\/product_tag?post=303"}],"curies":[{"name":"wp","href":"https:\/\/api.w.org\/{rel}","templated":true}]}}