{"id":318,"date":"2025-08-06T16:35:58","date_gmt":"2025-08-06T16:35:58","guid":{"rendered":"https:\/\/cecilio.comercialcecilio.es\/?post_type=product&#038;p=318"},"modified":"2026-04-23T13:57:09","modified_gmt":"2026-04-23T13:57:09","slug":"combine-robland-nx-310","status":"publish","type":"product","link":"https:\/\/www.comercialcecilio.es\/fr\/machines\/combine-robland-nx-310\/","title":{"rendered":"Combin\u00e9 Robland NX-310"},"content":{"rendered":"<ol>\n<li>Tr\u00e8s robuste Combinaison universelle \u00e0 5 op\u00e9rations en fonte.<\/li>\n<li>Avec syst\u00e8me de frein moteur sur toupie.<\/li>\n<li>3 moteurs renforc\u00e9s ind\u00e9pendants de 4 HP (220v) \/ 5HP (380v.) chacun.<\/li>\n<li>Unit\u00e9 de notation avec r\u00e9glage ind\u00e9pendant.<\/li>\n<li>Syst\u00e8me de d\u00e9marrage avec s\u00e9lecteur.<\/li>\n<li>Interrupteurs d'urgence sur le c\u00f4t\u00e9 de la machine.<\/li>\n<li>Roues \u00e0 main pour les mouvements de man\u0153uvre.<\/li>\n<li>R\u00e8glements CE<\/li>\n<\/ol>","protected":false},"excerpt":{"rendered":"<h3>Scie circulaire - Machine \u00e0 \u00e9quarrir<\/h3>\n<ul class=\"list-style\">\n<li>Dimensions de la table de travail : 1080 X 410mm<\/li>\n<li>Dimensions du chariot : 2.050 X320mm<\/li>\n<li>Diam\u00e8tre maximal du disque avec lame de scie \u00e0 inciser : 250 mm<\/li>\n<li>Diam\u00e8tre de l'arbre : 30 mm<\/li>\n<li>Diam\u00e8tre max. du disque sans lame d'incision : 315 mm (sur demande)<\/li>\n<li>R.P.M. de l'essieu : 4.500<\/li>\n<li>Coupe maximale du guide parall\u00e8le : 830 mm<\/li>\n<li>Longueur de coupe maximale : dans une \u00e9paisseur de 50 mm : 2 460 mm<\/li>\n<li>Inclinaison de la scie circulaire : 0\u00ba-45\u00ba.<\/li>\n<li>Hauteur de coupe maximale : 80 mm<\/li>\n<li>Hauteur de coupe maximale \u00e0 45\u00ba : 55 mm<\/li>\n<li>Diam\u00e8tre d'aspiration : 100 mm<\/li>\n<li>Puissance du moteur : 4\/5HP<\/li>\n<\/ul>\n<h3>Disque de notation<\/h3>\n<ul class=\"list-style\">\n<li>Diam\u00e8tre maximal du disque : 100 mm<\/li>\n<li>Diam\u00e8tre de l'arbre : 20 mm<\/li>\n<li>R.P.M. de l'essieu : 7.000<\/li>\n<\/ul>\n<h3>Tupi<\/h3>\n<ul class=\"list-style\">\n<li>Diam\u00e8tre de l'arbre : 50 mm<\/li>\n<li>Vitesses de travail : 2.900\/4.000\/6.000\/7.500 R.P.M.<\/li>\n<li>Diam\u00e8tre maximal de la fraise : 200 mm<\/li>\n<li>Diam\u00e8tre maximal de l'outil sous la table : 180 mm<\/li>\n<li>Hauteur maximale de l'arbre utilisable : 120 mm<\/li>\n<li>Course de l'axe vertical : 140 mm<\/li>\n<li>Puissance du moteur : 4\/5HP<\/li>\n<li>Diam\u00e8tre de la buse d'aspiration : 100 mm<\/li>\n<\/ul>\n<h3>Raboteuse - \u00c9paisseur - Perceuse<\/h3>\n<ul class=\"list-style\">\n<li>Largeur de travail maximale \u00e0 raboter : 310 mm<\/li>\n<li>Longueur totale de la table : 1.410mm<\/li>\n<li>Support de rabot : 1300X150mm<\/li>\n<li>Inclinaison du support : 0\u00ba-45\u00ba.<\/li>\n<li>Largeur de travail maximale pour l'\u00e9paississement : 310 mm<\/li>\n<li>Hauteur maximale : 230 mm<\/li>\n<li>Vitesse d'avancement m\/mts : 6<\/li>\n<li>Diam\u00e8tre de l'arbre : 70 mm<\/li>\n<li>Nombre de lames : 3<\/li>\n<li>Dimensions de la lame : 310X25X3mm<\/li>\n<li>R.P.M. : 5 500<\/li>\n<li>Puissance du moteur : 4\/5HP<\/li>\n<li>Diam\u00e8tre d'al\u00e9sage max : 16mm<\/li>\n<li>Dimensions de la table de travail : 200X425mm<\/li>\n<li>Course longitudinale : 140 mm<\/li>\n<li>Course transversale : 165mm<\/li>\n<li>Course verticale : 85 mm<\/li>\n<\/ul>","protected":false},"featured_media":319,"template":"","meta":[],"product_brand":[20],"product_cat":[26,74,53],"product_tag":[22],"class_list":{"0":"post-318","1":"product","2":"type-product","3":"status-publish","4":"has-post-thumbnail","6":"product_brand-robland","7":"product_cat-combinadas","8":"product_cat-combinada-robland","9":"product_cat-maquinaria","10":"product_tag-madera","12":"first","13":"instock","14":"shipping-taxable","15":"purchasable","16":"product-type-simple"},"_links":{"self":[{"href":"https:\/\/www.comercialcecilio.es\/fr\/wp-json\/wp\/v2\/product\/318","targetHints":{"allow":["GET"]}}],"collection":[{"href":"https:\/\/www.comercialcecilio.es\/fr\/wp-json\/wp\/v2\/product"}],"about":[{"href":"https:\/\/www.comercialcecilio.es\/fr\/wp-json\/wp\/v2\/types\/product"}],"wp:featuredmedia":[{"embeddable":true,"href":"https:\/\/www.comercialcecilio.es\/fr\/wp-json\/wp\/v2\/media\/319"}],"wp:attachment":[{"href":"https:\/\/www.comercialcecilio.es\/fr\/wp-json\/wp\/v2\/media?parent=318"}],"wp:term":[{"taxonomy":"product_brand","embeddable":true,"href":"https:\/\/www.comercialcecilio.es\/fr\/wp-json\/wp\/v2\/product_brand?post=318"},{"taxonomy":"product_cat","embeddable":true,"href":"https:\/\/www.comercialcecilio.es\/fr\/wp-json\/wp\/v2\/product_cat?post=318"},{"taxonomy":"product_tag","embeddable":true,"href":"https:\/\/www.comercialcecilio.es\/fr\/wp-json\/wp\/v2\/product_tag?post=318"}],"curies":[{"name":"wp","href":"https:\/\/api.w.org\/{rel}","templated":true}]}}