{"id":334,"date":"2025-08-06T18:41:47","date_gmt":"2025-08-06T18:41:47","guid":{"rendered":"https:\/\/cecilio.comercialcecilio.es\/?post_type=product&#038;p=334"},"modified":"2025-11-19T15:24:20","modified_gmt":"2025-11-19T15:24:20","slug":"combine-robland-sd-410","status":"publish","type":"product","link":"https:\/\/www.comercialcecilio.es\/fr\/machines\/combine-robland-sd-410\/","title":{"rendered":"Combin\u00e9 Robland SD-410"},"content":{"rendered":"<ol>\n<li>Combinaison tr\u00e8s robuste de 2 op\u00e9rations en fonte.<\/li>\n<li>Moteur 5 Hp<\/li>\n<li>Moteur de 5,5 KW (7,5 HP), avec frein moteur sur le mod\u00e8le SD-510<\/li>\n<li>Syst\u00e8me de d\u00e9marrage avec s\u00e9lecteur.<\/li>\n<li>Interrupteurs d'urgence sur le c\u00f4t\u00e9 de la machine.<\/li>\n<li>Roues \u00e0 main pour les mouvements de man\u0153uvre.<\/li>\n<li>R\u00e8glements CE<\/li>\n<\/ol>","protected":false},"excerpt":{"rendered":"<h3>\u00c9paisseur - Rabot<\/h3>\n<ul class=\"list-style\">\n<li>Largeur de travail maximale \u00e0 raboter : 410 mm<\/li>\n<li>Longueur totale de la table : 2 000 mm<\/li>\n<li>Support de rabot : 1.350X200mm<\/li>\n<li>Inclinaison du support : 0\u00ba-45\u00ba.<\/li>\n<li>Largeur de travail maximale \u00e0 \u00e9paissir : 410 mm<\/li>\n<li>Hauteur maximale : 250 mm<\/li>\n<li>Vitesse d'avancement m\/mts : 6<\/li>\n<li>Diam\u00e8tre de l'arbre : 90 mm<\/li>\n<li>Nombre de lames : 4<\/li>\n<li>Dimensions de la lame : 410X25X3mm<\/li>\n<li>R.P.M. : 5 500<\/li>\n<li>Puissance du moteur : 5 CV<\/li>\n<\/ul>","protected":false},"featured_media":336,"template":"","meta":[],"product_brand":[20],"product_cat":[26,53],"product_tag":[22],"class_list":{"0":"post-334","1":"product","2":"type-product","3":"status-publish","4":"has-post-thumbnail","6":"product_brand-robland","7":"product_cat-combinadas","8":"product_cat-maquinaria","9":"product_tag-madera","11":"first","12":"instock","13":"shipping-taxable","14":"purchasable","15":"product-type-simple"},"_links":{"self":[{"href":"https:\/\/www.comercialcecilio.es\/fr\/wp-json\/wp\/v2\/product\/334","targetHints":{"allow":["GET"]}}],"collection":[{"href":"https:\/\/www.comercialcecilio.es\/fr\/wp-json\/wp\/v2\/product"}],"about":[{"href":"https:\/\/www.comercialcecilio.es\/fr\/wp-json\/wp\/v2\/types\/product"}],"wp:featuredmedia":[{"embeddable":true,"href":"https:\/\/www.comercialcecilio.es\/fr\/wp-json\/wp\/v2\/media\/336"}],"wp:attachment":[{"href":"https:\/\/www.comercialcecilio.es\/fr\/wp-json\/wp\/v2\/media?parent=334"}],"wp:term":[{"taxonomy":"product_brand","embeddable":true,"href":"https:\/\/www.comercialcecilio.es\/fr\/wp-json\/wp\/v2\/product_brand?post=334"},{"taxonomy":"product_cat","embeddable":true,"href":"https:\/\/www.comercialcecilio.es\/fr\/wp-json\/wp\/v2\/product_cat?post=334"},{"taxonomy":"product_tag","embeddable":true,"href":"https:\/\/www.comercialcecilio.es\/fr\/wp-json\/wp\/v2\/product_tag?post=334"}],"curies":[{"name":"wp","href":"https:\/\/api.w.org\/{rel}","templated":true}]}}