{"id":346,"date":"2025-08-06T18:56:59","date_gmt":"2025-08-06T18:56:59","guid":{"rendered":"https:\/\/cecilio.comercialcecilio.es\/?post_type=product&#038;p=346"},"modified":"2025-11-19T15:23:28","modified_gmt":"2025-11-19T15:23:28","slug":"combine-robland-hx-310","status":"publish","type":"product","link":"https:\/\/www.comercialcecilio.es\/fr\/machines\/combine-robland-hx-310\/","title":{"rendered":"Combin\u00e9 Robland HX-310"},"content":{"rendered":"<ol>\n<li>Machine robuste avec tables en fonte.<\/li>\n<li>Combinaison universelle de 5 op\u00e9rations ind\u00e9pendantes s\u00e9lectionn\u00e9es sur le panneau de commande frontal.<\/li>\n<li>\u00c9quip\u00e9 de\u00a0<strong>3 moteurs ind\u00e9pendants de 3 HP<\/strong>\u00a0des syst\u00e8mes d'alimentation \u00e9lectrique renforc\u00e9s.<\/li>\n<li>Scie circulaire inclinable \u00e0 45\u00ba.<\/li>\n<li>Diam\u00e8tre maximal du disque 250 mm.<\/li>\n<li>Nombre de tours par minute 4 000<\/li>\n<li><strong>\u00c9quip\u00e9 d'un chariot d'\u00e9quarrissage en aluminium anodis\u00e9, d'un bras de support t\u00e9lescopique et d'une r\u00e8gle en aluminium avec deux but\u00e9es.<\/strong><\/li>\n<li>1.310 x 310 mm raboteuse avec panneaux en fonte.<\/li>\n<li>Arbre \u00e0 3 lames.<\/li>\n<li>\u00c9paississeur de 310 mm de large.<\/li>\n<li>Hauteur d'\u00e9paississement max. 230 mm.<\/li>\n<li>Alimentation automatique 6 m\/min.<\/li>\n<li>Toupie \u00e0 arbre de 50 mm.<\/li>\n<li>2 vitesses (3.000 et 6.000 tr\/min)<\/li>\n<li>Perceuse \u00e0 mortaiser en fonte \u00e0 fonctionnement r\u00e9gulier.<\/li>\n<li>Diam\u00e8tre du mandrin 13 mm.<\/li>\n<li>Entr\u00e9es d'aspiration incluses.<\/li>\n<li>R\u00e8glements C.E.<\/li>\n<\/ol>","protected":false},"excerpt":{"rendered":"<h3>Scie circulaire<\/h3>\n<ul class=\"list-style\">\n<li>Diam\u00e8tre maximal du disque\/min : 250 mm<\/li>\n<li>Diam\u00e8tre de l'arbre : 30 mm<\/li>\n<li>R.P.M. de l'essieu : 4.000<\/li>\n<li>Coupe maximale du guide parall\u00e8le : 600 mm<\/li>\n<li>Dimensions du chariot : 1 250 x 320 mm<\/li>\n<li>Longueur de coupe maximale pour une \u00e9paisseur de 50 mm : 1 270 mm<\/li>\n<li>Inclinaison de la scie circulaire : 0\u00ba-45\u00ba.<\/li>\n<li>Hauteur de coupe maximale : 85 mm<\/li>\n<li>Hauteur de coupe maximale \u00e0 45\u00ba : 55 mm<\/li>\n<li>Diam\u00e8tre d'aspiration : 100 mm<\/li>\n<li>Puissance du moteur : 3HP<\/li>\n<\/ul>\n<h3>Tupi<\/h3>\n<ul class=\"list-style\">\n<li>Diam\u00e8tre de l'arbre : 50 mm<\/li>\n<li>50mmVitesses de travail (triphas\u00e9) : 3.000\/6.000<\/li>\n<li>Vitesse de travail (monophas\u00e9) : 6.000<\/li>\n<li>Diam\u00e8tre maximal de la fraise : 200 mm<\/li>\n<li>Diam\u00e8tre maximal de l'outil sous la table : 180 mm<\/li>\n<li>Puissance du moteur : 3HP<\/li>\n<li>Course verticale de l'arbre : 140 mm<\/li>\n<li>Hauteur maximale de l'arbre : 120 mm<\/li>\n<li>Diam\u00e8tre de la table d'aspiration : 100 mm<\/li>\n<\/ul>\n<h3>Raboteuse - \u00c9paisseur - Perceuse<\/h3>\n<ul class=\"list-style\">\n<li>Largeur de travail maximale \u00e0 raboter : 310 mm<\/li>\n<li>Longueur totale des tables : 1.320mm<\/li>\n<li>Support de rabot : 1300X150mm<\/li>\n<li>Inclinaison du support : 0\u00ba-45\u00ba.<\/li>\n<li>Largeur de travail maximale pour l'\u00e9paississement : 310 mm<\/li>\n<li>Hauteur maximale : 230 mm<\/li>\n<li>Vitesse d'avancement m\/mts : 6<\/li>\n<li>Diam\u00e8tre de l'arbre : 70 mm<\/li>\n<li>Nombre de lames : 3<\/li>\n<li>Dimensions de la lame : 310X25X3mm<\/li>\n<li>R.P.M. : 5 500<\/li>\n<li>Puissance du moteur : 3HP<\/li>\n<li>Diam\u00e8tre d'al\u00e9sage max : 16mm<\/li>\n<li>Dimensions de la table de travail : 200X425mm<\/li>\n<li>Course longitudinale : 140 mm<\/li>\n<li>Course transversale 165mm<\/li>\n<li>Course verticale : 85 mm<\/li>\n<\/ul>","protected":false},"featured_media":347,"template":"","meta":[],"product_brand":[20],"product_cat":[26,53],"product_tag":[22],"class_list":{"0":"post-346","1":"product","2":"type-product","3":"status-publish","4":"has-post-thumbnail","6":"product_brand-robland","7":"product_cat-combinadas","8":"product_cat-maquinaria","9":"product_tag-madera","11":"first","12":"instock","13":"shipping-taxable","14":"purchasable","15":"product-type-simple"},"_links":{"self":[{"href":"https:\/\/www.comercialcecilio.es\/fr\/wp-json\/wp\/v2\/product\/346","targetHints":{"allow":["GET"]}}],"collection":[{"href":"https:\/\/www.comercialcecilio.es\/fr\/wp-json\/wp\/v2\/product"}],"about":[{"href":"https:\/\/www.comercialcecilio.es\/fr\/wp-json\/wp\/v2\/types\/product"}],"wp:featuredmedia":[{"embeddable":true,"href":"https:\/\/www.comercialcecilio.es\/fr\/wp-json\/wp\/v2\/media\/347"}],"wp:attachment":[{"href":"https:\/\/www.comercialcecilio.es\/fr\/wp-json\/wp\/v2\/media?parent=346"}],"wp:term":[{"taxonomy":"product_brand","embeddable":true,"href":"https:\/\/www.comercialcecilio.es\/fr\/wp-json\/wp\/v2\/product_brand?post=346"},{"taxonomy":"product_cat","embeddable":true,"href":"https:\/\/www.comercialcecilio.es\/fr\/wp-json\/wp\/v2\/product_cat?post=346"},{"taxonomy":"product_tag","embeddable":true,"href":"https:\/\/www.comercialcecilio.es\/fr\/wp-json\/wp\/v2\/product_tag?post=346"}],"curies":[{"name":"wp","href":"https:\/\/api.w.org\/{rel}","templated":true}]}}