{"id":356,"date":"2025-08-06T19:05:58","date_gmt":"2025-08-06T19:05:58","guid":{"rendered":"https:\/\/cecilio.comercialcecilio.es\/?post_type=product&#038;p=356"},"modified":"2025-11-19T15:30:18","modified_gmt":"2025-11-19T15:30:18","slug":"universal-combi-7-operations-robland-nlx-31","status":"publish","type":"product","link":"https:\/\/www.comercialcecilio.es\/fr\/machines\/universal-combi-7-operations-robland-nlx-31\/","title":{"rendered":"Combin\u00e9 universel 7 op\u00e9rations Robland NLX-31"},"content":{"rendered":"<ol>\n<li>Combinaison universelle tr\u00e8s robuste en fonte.<\/li>\n<li>Avec syst\u00e8me de frein moteur sur toupie.<\/li>\n<li>3 moteurs renforc\u00e9s ind\u00e9pendants de 6,6 HP. Chacun.<\/li>\n<li>Syst\u00e8me de d\u00e9marrage avec s\u00e9lecteur.<\/li>\n<li>Interrupteurs d'urgence sur le c\u00f4t\u00e9 de la machine.<\/li>\n<li>Roues \u00e0 main pour les mouvements de man\u0153uvre.<\/li>\n<li>R\u00e8glements CE<\/li>\n<\/ol>\n<h3>Donn\u00e9es g\u00e9n\u00e9rales de la machine<\/h3>\n<ul class=\"list-style\">\n<li>Longueur totale : 2.3000mm<\/li>\n<li>Largeur totale : 1 300 mm<\/li>\n<li>Hauteur : 1 000 mm<\/li>\n<li>Poids : 700KG<\/li>\n<\/ul>","protected":false},"excerpt":{"rendered":"<ol>\n<li>\n<h3>Scie circulaire - Machine \u00e0 \u00e9quarrir<\/h3>\n<ul class=\"list-style\">\n<li>Diam\u00e8tre maximal du disque\/min : 300 mm<\/li>\n<li>Diam\u00e8tre de l'arbre : 30 mm<\/li>\n<li>R.P.M. de l'essieu : 4.500<\/li>\n<li>Coupe maximale du guide parall\u00e8le : 680 mm<\/li>\n<li>Longueur de coupe maximale : 2 500 mm<\/li>\n<li>Inclinaison de la scie circulaire : 0\u00ba-45\u00ba.<\/li>\n<li>Hauteur de coupe maximale : 100 mm<\/li>\n<li>Hauteur de coupe maximale \u00e0 45\u00ba : 70 mm<\/li>\n<li>Diam\u00e8tre d'aspiration : 100 mm<\/li>\n<li>Puissance du moteur : 6,6 CV<\/li>\n<\/ul>\n<h3>Disque de notation<\/h3>\n<ul class=\"list-style\">\n<li>Diam\u00e8tre maximal du disque : 120 mm<\/li>\n<li>Diam\u00e8tre de l'arbre : 20 mm<\/li>\n<li>R.P.M. de l'essieu : 7.000<\/li>\n<li>Puissance du moteur : 0.75HP<\/li>\n<\/ul>\n<h3>Tupi<\/h3>\n<ul class=\"list-style\">\n<li>Diam\u00e8tre de l'arbre : 50 mm<\/li>\n<li>Vitesses de fonctionnement (triphas\u00e9) : 2 900\/4 000\/6 000\/7 500<\/li>\n<li>Diam\u00e8tre maximal de la fraise : 180 mm<\/li>\n<li>Hauteur maximale de l'arbre : 125 mm<\/li>\n<li>Puissance du moteur : 6,6 CV<\/li>\n<\/ul>\n<h3>Raboteuse - \u00c9paisseur - Perceuse<\/h3>\n<ul class=\"list-style\">\n<li>Largeur de travail maximale \u00e0 raboter : 310 mm<\/li>\n<li>Longueur totale de la table : 1.400mm<\/li>\n<li>Equerre de fixation : 1300X150mm<\/li>\n<li>Inclinaison du support : 0\u00ba-45\u00ba.<\/li>\n<li>Largeur de travail maximale pour l'\u00e9paississement : 310 mm<\/li>\n<li>Profondeur maximale d'\u00e9paississement : 4 mm<\/li>\n<li>Hauteur maximale : 230 mm<\/li>\n<li>Vitesse d'avancement m\/mts : 7<\/li>\n<li>Diam\u00e8tre de l'arbre : 70 mm<\/li>\n<li>Nombre de lames : 3<\/li>\n<li>Dimensions de la lame : 310X25X3mm<\/li>\n<li>R.P.M. : 4 500<\/li>\n<li>Puissance du moteur : 6,6 CV<\/li>\n<li>Diam\u00e8tre d'al\u00e9sage max : 16mm<\/li>\n<li>Dimensions de la table de travail : 200X425mm<\/li>\n<li>Course longitudinale : 140 mm<\/li>\n<li>Course transversale : 165mm<\/li>\n<li>Course verticale : 85 mm<\/li>\n<\/ul>\n<\/li>\n<\/ol>","protected":false},"featured_media":357,"template":"","meta":[],"product_brand":[20],"product_cat":[26,53],"product_tag":[22],"class_list":{"0":"post-356","1":"product","2":"type-product","3":"status-publish","4":"has-post-thumbnail","6":"product_brand-robland","7":"product_cat-combinadas","8":"product_cat-maquinaria","9":"product_tag-madera","11":"first","12":"instock","13":"shipping-taxable","14":"purchasable","15":"product-type-simple"},"_links":{"self":[{"href":"https:\/\/www.comercialcecilio.es\/fr\/wp-json\/wp\/v2\/product\/356","targetHints":{"allow":["GET"]}}],"collection":[{"href":"https:\/\/www.comercialcecilio.es\/fr\/wp-json\/wp\/v2\/product"}],"about":[{"href":"https:\/\/www.comercialcecilio.es\/fr\/wp-json\/wp\/v2\/types\/product"}],"wp:featuredmedia":[{"embeddable":true,"href":"https:\/\/www.comercialcecilio.es\/fr\/wp-json\/wp\/v2\/media\/357"}],"wp:attachment":[{"href":"https:\/\/www.comercialcecilio.es\/fr\/wp-json\/wp\/v2\/media?parent=356"}],"wp:term":[{"taxonomy":"product_brand","embeddable":true,"href":"https:\/\/www.comercialcecilio.es\/fr\/wp-json\/wp\/v2\/product_brand?post=356"},{"taxonomy":"product_cat","embeddable":true,"href":"https:\/\/www.comercialcecilio.es\/fr\/wp-json\/wp\/v2\/product_cat?post=356"},{"taxonomy":"product_tag","embeddable":true,"href":"https:\/\/www.comercialcecilio.es\/fr\/wp-json\/wp\/v2\/product_tag?post=356"}],"curies":[{"name":"wp","href":"https:\/\/api.w.org\/{rel}","templated":true}]}}