{"id":364,"date":"2025-08-06T19:10:43","date_gmt":"2025-08-06T19:10:43","guid":{"rendered":"https:\/\/cecilio.comercialcecilio.es\/?post_type=product&#038;p=364"},"modified":"2026-04-23T14:21:28","modified_gmt":"2026-04-23T14:21:28","slug":"robland-d-630-thicknesser","status":"publish","type":"product","link":"https:\/\/www.comercialcecilio.es\/fr\/machines\/robland-d-630-thicknesser\/","title":{"rendered":"\u00c9paisseur Robland D-630"},"content":{"rendered":"<ol>\n<li>Installation \u00e9lectrique conforme \u00e0 la r\u00e9glementation europ\u00e9enne.<\/li>\n<li>(10 HP) avec frein \u00e9lectrique et triple courroie.<\/li>\n<li>Bouton d'urgence \u00e0 l'avant.<\/li>\n<li>Verrouillage \u00e9lectronique avec micro-interrupteur sur la porte sup\u00e9rieure.<\/li>\n<li>Affichage \u00e9lectronique de la hauteur de la table de travail.<\/li>\n<li>Mont\u00e9e et descente motoris\u00e9es de la table gr\u00e2ce \u00e0 un variateur \u00e0 2 vitesses.<\/li>\n<li>Variateur de vitesse Inverter de 5 \u00e0 22 m\/mts.<\/li>\n<li>Table en fonte rectifi\u00e9e 580x510mm<\/li>\n<li>2 rouleaux flottants en acier situ\u00e9s sur la table de travail.<\/li>\n<li>Hauteur maximale de l'\u00e9pareuse 300 mm<\/li>\n<li>4 colonnes de grand diam\u00e8tre<\/li>\n<li>(78mm) avec syst\u00e8me d'auto-nettoyage.<\/li>\n<li>Vitesse de rotation de 6 000 tr\/min.\n<ul>\n<li>Rouleau dent\u00e9 de 80 mm de diam\u00e8tre \u00e0 l'entr\u00e9e et deux rouleaux en caoutchouc \u00e0 la sortie.<\/li>\n<li>Diam\u00e8tre de l'arbre 120mm avec 4 lames 630x30x3<\/li>\n<li>Syst\u00e8me de double carrelage pour des finitions soign\u00e9es.<\/li>\n<li>Hotte d'aspiration avec un diam\u00e8tre d'embouchure de 160 mm.<\/li>\n<\/ul>\n<\/li>\n<\/ol>","protected":false},"excerpt":{"rendered":"<ul class=\"list-style\">\n<li>Puissance du moteur principal : 10HP<\/li>\n<li>Puissance du moteur de la table montante\/descendante : 0,55 KW<\/li>\n<li>Puissance du moteur d'alimentation : 0,75KW<\/li>\n<li>Poids : 950 KG<\/li>\n<li>Diam\u00e8tre de l'arbre de la lame : 120 mm<\/li>\n<li>Vitesse de rotation de l'arbre : 5 200 tours\/minute.<\/li>\n<li>Nombre de lames : 4<\/li>\n<li>Dimensions de la lame : 630 x 30 x 3 mm<\/li>\n<li>Dimensions de la table : 630\u00d71.160mm<\/li>\n<li>Hauteur de travail maximale : 300 mm<\/li>\n<li>Vitesse de travail : 5-22 mts\/min<\/li>\n<li>Diam\u00e8tre de l'entr\u00e9e d'aspiration : 160 mm<\/li>\n<li>Dimensions de l'emballage : 1 590 x 1 340 x 1 235 mm<\/li>\n<\/ul>","protected":false},"featured_media":365,"template":"","meta":[],"product_brand":[20],"product_cat":[53,27,76],"product_tag":[22],"class_list":{"0":"post-364","1":"product","2":"type-product","3":"status-publish","4":"has-post-thumbnail","6":"product_brand-robland","7":"product_cat-maquinaria","8":"product_cat-regruesadora","9":"product_cat-regruesadora-robland","10":"product_tag-madera","12":"first","13":"instock","14":"shipping-taxable","15":"purchasable","16":"product-type-simple"},"_links":{"self":[{"href":"https:\/\/www.comercialcecilio.es\/fr\/wp-json\/wp\/v2\/product\/364","targetHints":{"allow":["GET"]}}],"collection":[{"href":"https:\/\/www.comercialcecilio.es\/fr\/wp-json\/wp\/v2\/product"}],"about":[{"href":"https:\/\/www.comercialcecilio.es\/fr\/wp-json\/wp\/v2\/types\/product"}],"wp:featuredmedia":[{"embeddable":true,"href":"https:\/\/www.comercialcecilio.es\/fr\/wp-json\/wp\/v2\/media\/365"}],"wp:attachment":[{"href":"https:\/\/www.comercialcecilio.es\/fr\/wp-json\/wp\/v2\/media?parent=364"}],"wp:term":[{"taxonomy":"product_brand","embeddable":true,"href":"https:\/\/www.comercialcecilio.es\/fr\/wp-json\/wp\/v2\/product_brand?post=364"},{"taxonomy":"product_cat","embeddable":true,"href":"https:\/\/www.comercialcecilio.es\/fr\/wp-json\/wp\/v2\/product_cat?post=364"},{"taxonomy":"product_tag","embeddable":true,"href":"https:\/\/www.comercialcecilio.es\/fr\/wp-json\/wp\/v2\/product_tag?post=364"}],"curies":[{"name":"wp","href":"https:\/\/api.w.org\/{rel}","templated":true}]}}