{"id":373,"date":"2025-08-06T19:38:23","date_gmt":"2025-08-06T19:38:23","guid":{"rendered":"https:\/\/cecilio.comercialcecilio.es\/?post_type=product&#038;p=373"},"modified":"2025-11-19T15:31:19","modified_gmt":"2025-11-19T15:31:19","slug":"robland-d-510-thicknesser","status":"publish","type":"product","link":"https:\/\/www.comercialcecilio.es\/fr\/machines\/robland-d-510-thicknesser\/","title":{"rendered":"Epaisseur Robland D-510"},"content":{"rendered":"<ol>\n<li>Installation \u00e9lectrique conforme \u00e0 la r\u00e9glementation europ\u00e9enne.<\/li>\n<li>(7,5 HP) avec frein \u00e9lectrique.<\/li>\n<li>Bouton d'urgence \u00e0 l'avant.<\/li>\n<li>Verrouillage \u00e9lectronique avec micro-interrupteur sur la porte sup\u00e9rieure.<\/li>\n<li>Affichage \u00e9lectronique de la hauteur de la table de travail.<\/li>\n<li>Levage et abaissement motoris\u00e9s par l'interm\u00e9diaire d'un inverseur<\/li>\n<li>4 vitesses d'avancement :\n<ol>\n<li>1er moteur ind\u00e9pendant pour les 2 premi\u00e8res vitesses de 5 \u00e0 8 m\/min.<\/li>\n<li>2\u00e8me moteur ind\u00e9pendant pour les 2 secondes vitesses de 10 \u00e0 16 m\/min.<\/li>\n<\/ol>\n<\/li>\n<li>Rouleau dent\u00e9 \u00e0 l'entr\u00e9e et rouleau en caoutchouc \u00e0 la sortie.<\/li>\n<li>Table en fonte rectifi\u00e9e 580x510mm<\/li>\n<li>2 rouleaux flottants en acier sur la table de travail.<\/li>\n<li>Hauteur maximale de l'\u00e9pareuse 250 mm<\/li>\n<li>4 colonnes de 50 mm de diam\u00e8tre avec syst\u00e8me d'auto-nettoyage.<\/li>\n<li>Diam\u00e8tre de l'arbre 100mm avec 4 lames 510x30x3<\/li>\n<li>Vitesse de rotation de 6 000 tr\/min.<\/li>\n<li>Syst\u00e8me de double carrelage pour des finitions soign\u00e9es.<\/li>\n<\/ol>","protected":false},"excerpt":{"rendered":"<ul class=\"list-style-1\">\n<li>Puissance du moteur principal : 7,5 CV<\/li>\n<li>Puissance du moteur de la table montante\/descendante : 0,55 KW<\/li>\n<li>Puissance du 1er moteur en marche avant : 0,18 \/ 0,37 KW<\/li>\n<li>Puissance du 2\u00e8me moteur en marche avant : 0,37 \/ 0,55 KW<\/li>\n<li>Poids : 650 KG<\/li>\n<li>Dimensions : 1.350 x 950 x 1.100mm<\/li>\n<li>Diam\u00e8tre de l'arbre de la lame : 100 mm<\/li>\n<li>Vitesse de rotation de l'arbre : 6.000 R.P.M.<\/li>\n<li>Nombre de lames : 4<\/li>\n<li>Dimensions des lames : 510 x 30 x 3mm<\/li>\n<li>Dimensions de la table : 850x510mm<\/li>\n<li>Hauteur de travail maximale : 250 mm<\/li>\n<li>Vitesses de travail : 5- 8 -10-16 mts\/min<\/li>\n<li>Diam\u00e8tre de l'entr\u00e9e d'aspiration : 160 mm<\/li>\n<\/ul>","protected":false},"featured_media":374,"template":"","meta":[],"product_brand":[20],"product_cat":[27,53],"product_tag":[22],"class_list":{"0":"post-373","1":"product","2":"type-product","3":"status-publish","4":"has-post-thumbnail","6":"product_brand-robland","7":"product_cat-regruesadora","8":"product_cat-maquinaria","9":"product_tag-madera","11":"first","12":"instock","13":"shipping-taxable","14":"purchasable","15":"product-type-simple"},"_links":{"self":[{"href":"https:\/\/www.comercialcecilio.es\/fr\/wp-json\/wp\/v2\/product\/373","targetHints":{"allow":["GET"]}}],"collection":[{"href":"https:\/\/www.comercialcecilio.es\/fr\/wp-json\/wp\/v2\/product"}],"about":[{"href":"https:\/\/www.comercialcecilio.es\/fr\/wp-json\/wp\/v2\/types\/product"}],"wp:featuredmedia":[{"embeddable":true,"href":"https:\/\/www.comercialcecilio.es\/fr\/wp-json\/wp\/v2\/media\/374"}],"wp:attachment":[{"href":"https:\/\/www.comercialcecilio.es\/fr\/wp-json\/wp\/v2\/media?parent=373"}],"wp:term":[{"taxonomy":"product_brand","embeddable":true,"href":"https:\/\/www.comercialcecilio.es\/fr\/wp-json\/wp\/v2\/product_brand?post=373"},{"taxonomy":"product_cat","embeddable":true,"href":"https:\/\/www.comercialcecilio.es\/fr\/wp-json\/wp\/v2\/product_cat?post=373"},{"taxonomy":"product_tag","embeddable":true,"href":"https:\/\/www.comercialcecilio.es\/fr\/wp-json\/wp\/v2\/product_tag?post=373"}],"curies":[{"name":"wp","href":"https:\/\/api.w.org\/{rel}","templated":true}]}}