{"id":386,"date":"2025-08-06T19:58:29","date_gmt":"2025-08-06T19:58:29","guid":{"rendered":"https:\/\/cecilio.comercialcecilio.es\/?post_type=product&#038;p=386"},"modified":"2026-04-23T14:27:34","modified_gmt":"2026-04-23T14:27:34","slug":"robland-bm-3000-cnc-slotting-drill","status":"publish","type":"product","link":"https:\/\/www.comercialcecilio.es\/fr\/machines\/robland-bm-3000-cnc-slotting-drill\/","title":{"rendered":"Robland BM-3000 CNC slotting drill"},"content":{"rendered":"<p>C.N.C. Drill la r\u00e9volution pour les petites et moyennes entreprises.<\/p>\n<p>T\u00eate de per\u00e7age multipositions \u00e0 4 positions avec disque de rainurage.<\/p>\n<p>La plus grande qualit\u00e9 de la machine est la configuration facile et intuitive du programme, qui nous permet de placer les trous sur les pi\u00e8ces \u00e0 usiner, de choisir les outils avec lesquels travailler et de sauvegarder tous les dessins dans un catalogue de pi\u00e8ces.<br \/>\nLa pi\u00e8ce usin\u00e9e peut \u00eatre r\u00e9p\u00e9t\u00e9e \u00e0 tout moment, ce qui signifie que si la taille du meuble change, la r\u00e9partition des trous sur ses marges est respect\u00e9e.<\/p>\n<p>Il peut percer les pi\u00e8ces d'un seul c\u00f4t\u00e9, sur les deux bords et r\u00e9aliser des rainures horizontales.<\/p>\n<p>L'utilisation de la machine ne n\u00e9cessite pas de personnel sp\u00e9cialis\u00e9.<\/p>\n<p>Gr\u00e2ce \u00e0 sa conception verticale innovante, la machine occupe un minimum d'espace et dispose d'extensions lat\u00e9rales pour le serrage de la pi\u00e8ce. Les outils utilis\u00e9s dans la t\u00eate de per\u00e7age multipositions \u00e0 4 positions, avec des virages tous les 90\u00ba, sont tr\u00e8s polyvalents : trous de 3 \u00e0 35 mm de diam\u00e8tre, excentriques, logements pour charni\u00e8res de cuisine (configurables pour toutes les marques du march\u00e9, etc.) et fentes avec scies dans le sens horizontal (axe X) d'une largeur configurable par logiciel.<\/p>","protected":false},"excerpt":{"rendered":"<ul class=\"list-style\">\n<li>Course de l'axe Y<\/li>\n<li>Per\u00e7age : 920 mm<\/li>\n<li>Rainurage avec disque : 850 mm<\/li>\n<li>Axe X : 3 000 mm<\/li>\n<li>\u00c9paisseur de l'axe Z : 12 mm \u00e0 30 mm<\/li>\n<li>Mouvement : 360\u00ba.<\/li>\n<li>Vitesse : 20 m\/min<\/li>\n<li>Dimensions minimales des pi\u00e8ces : 300x120x12 mm<\/li>\n<li>La machine est \u00e9quip\u00e9e d'une t\u00eate avec 4 porte-embouts et d'une scie circulaire.<\/li>\n<li>Diam\u00e8tre max-min des porte-forets : 35 mm-3 mm<\/li>\n<li>La scie circulaire permet de travailler dans l'axe X<\/li>\n<li>Profondeur maximale de la rainure : 10 mm<\/li>\n<li>Moteur :1 HP<\/li>\n<li>Capacit\u00e9 minimale du syst\u00e8me d'aspiration : 2 300 m3\/h<\/li>\n<\/ul>","protected":false},"featured_media":387,"template":"","meta":[],"product_brand":[20],"product_cat":[31,53,77],"product_tag":[22],"class_list":{"0":"post-386","1":"product","2":"type-product","3":"status-publish","4":"has-post-thumbnail","6":"product_brand-robland","7":"product_cat-taladro-ranurador-cnc","8":"product_cat-maquinaria","9":"product_cat-taladro-robland","10":"product_tag-madera","12":"first","13":"instock","14":"shipping-taxable","15":"purchasable","16":"product-type-simple"},"_links":{"self":[{"href":"https:\/\/www.comercialcecilio.es\/fr\/wp-json\/wp\/v2\/product\/386","targetHints":{"allow":["GET"]}}],"collection":[{"href":"https:\/\/www.comercialcecilio.es\/fr\/wp-json\/wp\/v2\/product"}],"about":[{"href":"https:\/\/www.comercialcecilio.es\/fr\/wp-json\/wp\/v2\/types\/product"}],"wp:featuredmedia":[{"embeddable":true,"href":"https:\/\/www.comercialcecilio.es\/fr\/wp-json\/wp\/v2\/media\/387"}],"wp:attachment":[{"href":"https:\/\/www.comercialcecilio.es\/fr\/wp-json\/wp\/v2\/media?parent=386"}],"wp:term":[{"taxonomy":"product_brand","embeddable":true,"href":"https:\/\/www.comercialcecilio.es\/fr\/wp-json\/wp\/v2\/product_brand?post=386"},{"taxonomy":"product_cat","embeddable":true,"href":"https:\/\/www.comercialcecilio.es\/fr\/wp-json\/wp\/v2\/product_cat?post=386"},{"taxonomy":"product_tag","embeddable":true,"href":"https:\/\/www.comercialcecilio.es\/fr\/wp-json\/wp\/v2\/product_tag?post=386"}],"curies":[{"name":"wp","href":"https:\/\/api.w.org\/{rel}","templated":true}]}}