{"id":395,"date":"2025-08-06T20:08:04","date_gmt":"2025-08-06T20:08:04","guid":{"rendered":"https:\/\/cecilio.comercialcecilio.es\/?post_type=product&#038;p=395"},"modified":"2026-04-23T14:27:29","modified_gmt":"2026-04-23T14:27:29","slug":"forage-horizontal-robland-lbm","status":"publish","type":"product","link":"https:\/\/www.comercialcecilio.es\/fr\/machines\/forage-horizontal-robland-lbm\/","title":{"rendered":"Machine \u00e0 al\u00e9ser horizontale Robland LBM"},"content":{"rendered":"<p>La nouvelle al\u00e9seuse horizontale Robland est robuste et permet un al\u00e9sage facile et pr\u00e9cis.<\/p>\n<p>La table en fonte coulisse sur un syst\u00e8me de glissi\u00e8res en acier tremp\u00e9 qui permet un mouvement souple et confortable.<\/p>\n<p>Gr\u00e2ce \u00e0 son volant avant, nous pouvons r\u00e9gler la hauteur de la table avec une pr\u00e9cision de 0,1 mm.<\/p>\n<p>La machine est \u00e9quip\u00e9e en standard d'un porte-m\u00e8che, d'une pince excentrique et de but\u00e9es lat\u00e9rales de r\u00e9f\u00e9rence.<\/p>\n<p>Le d\u00e9placement de la table ou de l'unit\u00e9 de forage se fait de mani\u00e8re traditionnelle \u00e0 l'aide d'un double levier.<\/p>","protected":false},"excerpt":{"rendered":"<ul class=\"list-style\">\n<li>Dimensions de la table : 600\u00d7300 mm<\/li>\n<li>Puissance du moteur : 3 Hp<\/li>\n<li>R.P.M. du porte-foret : 3.000<\/li>\n<li>Course verticale : 145 mm<\/li>\n<li>Profondeur de per\u00e7age max : 150 mm<\/li>\n<li>Capacit\u00e9 du mandrin : 0-16 mm.<\/li>\n<li>Largeur maximale de l'al\u00e9sage Largeur de per\u00e7age : 200 mm<\/li>\n<li>Poids net : 150 kg<\/li>\n<\/ul>","protected":false},"featured_media":398,"template":"","meta":[],"product_brand":[20],"product_cat":[53,32,77],"product_tag":[22],"class_list":{"0":"post-395","1":"product","2":"type-product","3":"status-publish","4":"has-post-thumbnail","6":"product_brand-robland","7":"product_cat-maquinaria","8":"product_cat-taladro-horizontal","9":"product_cat-taladro-robland","10":"product_tag-madera","12":"first","13":"instock","14":"shipping-taxable","15":"purchasable","16":"product-type-simple"},"_links":{"self":[{"href":"https:\/\/www.comercialcecilio.es\/fr\/wp-json\/wp\/v2\/product\/395","targetHints":{"allow":["GET"]}}],"collection":[{"href":"https:\/\/www.comercialcecilio.es\/fr\/wp-json\/wp\/v2\/product"}],"about":[{"href":"https:\/\/www.comercialcecilio.es\/fr\/wp-json\/wp\/v2\/types\/product"}],"wp:featuredmedia":[{"embeddable":true,"href":"https:\/\/www.comercialcecilio.es\/fr\/wp-json\/wp\/v2\/media\/398"}],"wp:attachment":[{"href":"https:\/\/www.comercialcecilio.es\/fr\/wp-json\/wp\/v2\/media?parent=395"}],"wp:term":[{"taxonomy":"product_brand","embeddable":true,"href":"https:\/\/www.comercialcecilio.es\/fr\/wp-json\/wp\/v2\/product_brand?post=395"},{"taxonomy":"product_cat","embeddable":true,"href":"https:\/\/www.comercialcecilio.es\/fr\/wp-json\/wp\/v2\/product_cat?post=395"},{"taxonomy":"product_tag","embeddable":true,"href":"https:\/\/www.comercialcecilio.es\/fr\/wp-json\/wp\/v2\/product_tag?post=395"}],"curies":[{"name":"wp","href":"https:\/\/api.w.org\/{rel}","templated":true}]}}