{"id":401,"date":"2025-08-06T20:13:33","date_gmt":"2025-08-06T20:13:33","guid":{"rendered":"https:\/\/cecilio.comercialcecilio.es\/?post_type=product&#038;p=401"},"modified":"2026-04-23T14:34:45","modified_gmt":"2026-04-23T14:34:45","slug":"toupie-robland-t-120s-avec-chariot-t-120s","status":"publish","type":"product","link":"https:\/\/www.comercialcecilio.es\/fr\/machines\/toupie-robland-t-120s-avec-chariot-t-120s\/","title":{"rendered":"T-120S Robland T-120S Toupie \u00e0 broche mobile"},"content":{"rendered":"<ol>\n<li>Toupie haute production avec moteur 10 HP<\/li>\n<li>D\u00e9marreur automatique Star-Delta.<\/li>\n<li>Table en fonte 1200 x 705 mm.<\/li>\n<li>Arbre standard de 50 mm<\/li>\n<li>Positionnement vertical manuel avec compteur m\u00e9canique d'une course de 205 mm.<\/li>\n<li>Capot en fonte robuste et articul\u00e9 avec des l\u00e8vres en bois, en option avec des tiges mobiles en aluminium, mont\u00e9es sur des guides lin\u00e9aires avec r\u00e9glage microm\u00e9trique pour un ajustement pr\u00e9cis \u00e0 l'aide de compteurs m\u00e9caniques. Capacit\u00e9 pour fraises de 320 mm de diam\u00e8tre\n<ul class=\"list-style\">\n<li>5 vitesses de rotation de l'arbre 3 000 \/ 4 500 \/ 6 000 \/ 7 000 \/ 10 000<\/li>\n<\/ul>\n<\/li>\n<li>Interrupteur \u00e9toile-triangle avec inverseur.<\/li>\n<li>R\u00e8glements CE<\/li>\n<\/ol>","protected":false},"excerpt":{"rendered":"<ul class=\"list-style\">\n<li>Dimensions de la table : 1.200X705mm<\/li>\n<li>Hauteur de la table : 930 mm<\/li>\n<li>Diam\u00e8tre de l'arbre : 50 mm<\/li>\n<li>Longueur de l'arbre : 180 mm<\/li>\n<li>D\u00e9battement de l'essieu : 205 mm<\/li>\n<li>Vitesse des essieux : 3 000 \/ 4 500 \/ 6 000 \/ 7 000 \/ 10 000 \/ 10 000<\/li>\n<li>Puissance du moteur : 10HP<\/li>\n<li>Diam\u00e8tre maximal des outils \u00e0 profiler : 250 mm<\/li>\n<li>Diam\u00e8tre maximal lors du travail sous la table : 320 mm<\/li>\n<li>Poids de la machine : 560 KG<\/li>\n<\/ul>","protected":false},"featured_media":406,"template":"","meta":[],"product_brand":[20],"product_cat":[53,33,78],"product_tag":[22],"class_list":{"0":"post-401","1":"product","2":"type-product","3":"status-publish","4":"has-post-thumbnail","6":"product_brand-robland","7":"product_cat-maquinaria","8":"product_cat-tupis","9":"product_cat-tupis-robland","10":"product_tag-madera","12":"first","13":"instock","14":"shipping-taxable","15":"purchasable","16":"product-type-simple"},"_links":{"self":[{"href":"https:\/\/www.comercialcecilio.es\/fr\/wp-json\/wp\/v2\/product\/401","targetHints":{"allow":["GET"]}}],"collection":[{"href":"https:\/\/www.comercialcecilio.es\/fr\/wp-json\/wp\/v2\/product"}],"about":[{"href":"https:\/\/www.comercialcecilio.es\/fr\/wp-json\/wp\/v2\/types\/product"}],"wp:featuredmedia":[{"embeddable":true,"href":"https:\/\/www.comercialcecilio.es\/fr\/wp-json\/wp\/v2\/media\/406"}],"wp:attachment":[{"href":"https:\/\/www.comercialcecilio.es\/fr\/wp-json\/wp\/v2\/media?parent=401"}],"wp:term":[{"taxonomy":"product_brand","embeddable":true,"href":"https:\/\/www.comercialcecilio.es\/fr\/wp-json\/wp\/v2\/product_brand?post=401"},{"taxonomy":"product_cat","embeddable":true,"href":"https:\/\/www.comercialcecilio.es\/fr\/wp-json\/wp\/v2\/product_cat?post=401"},{"taxonomy":"product_tag","embeddable":true,"href":"https:\/\/www.comercialcecilio.es\/fr\/wp-json\/wp\/v2\/product_tag?post=401"}],"curies":[{"name":"wp","href":"https:\/\/api.w.org\/{rel}","templated":true}]}}