{"id":429,"date":"2025-08-06T20:47:58","date_gmt":"2025-08-06T20:47:58","guid":{"rendered":"https:\/\/cecilio.comercialcecilio.es\/?post_type=product&#038;p=429"},"modified":"2025-11-19T15:32:32","modified_gmt":"2025-11-19T15:32:32","slug":"toupie-robland-t-120tl-avec-chariot-t-120tl","status":"publish","type":"product","link":"https:\/\/www.comercialcecilio.es\/fr\/machines\/toupie-robland-t-120tl-avec-chariot-t-120tl\/","title":{"rendered":"Robland T-120TL T-120TL Toupie \u00e0 broche mobile"},"content":{"rendered":"<ol>\n<li>\u00a0Toupie haute production avec moteur 10 HP<\/li>\n<li>D\u00e9marreur automatique Star-Delta.<\/li>\n<li>Table en fonte de 1200 x 705 mm. Extension de la table d'entr\u00e9e avec rallonge frontale t\u00e9lescopique et bouton d'urgence.<\/li>\n<li>Arbre standard de 50 mm avec option de 40 mm ou 30 mm.<\/li>\n<li>Positionnement vertical motoris\u00e9 avec lecture num\u00e9rique de la mesure avec une course de 205 mm.<\/li>\n<li>Capot en fonte robuste et articul\u00e9 avec l\u00e8vres en bois, en option avec tiges mobiles, mont\u00e9 sur des guides lin\u00e9aires \u00e0 r\u00e9glage microm\u00e9trique pour un ajustement pr\u00e9cis \u00e0 l'aide de compteurs m\u00e9caniques. Capacit\u00e9 pour fraises de 320 mm de diam\u00e8tre\n<ul class=\"list-style\">\n<li>5 vitesses de rotation de l'arbre 3 000 \/ 4 500 \/ 6 000 \/ 7 000 \/ 10 000<\/li>\n<\/ul>\n<\/li>\n<li>Interrupteur \u00e9toile-triangle avec inverseur.<\/li>\n<li>R\u00e8glements CE<\/li>\n<\/ol>","protected":false},"excerpt":{"rendered":"<ul class=\"list-style\">\n<li>Dimensions de la table : 1.200X705mm<\/li>\n<li>Hauteur de la table : 930 mm<\/li>\n<li>Diam\u00e8tre de l'arbre : 50 mm<\/li>\n<li>Longueur de l'arbre : 180 mm<\/li>\n<li>D\u00e9battement de l'essieu : 205 mm<\/li>\n<li>Vitesse des essieux : 3 000 \/ 4 500 \/ 6 000 \/ 7 000 \/ 10 000 \/ 10 000<\/li>\n<li>Puissance du moteur : 10HP<\/li>\n<li>Diam\u00e8tre maximal des outils \u00e0 profiler : 250 mm<\/li>\n<li>Diam\u00e8tre maximal lors du travail sous la table : 320 mm<\/li>\n<li>Diam\u00e8tre maximal de l'outil \u00e0 cheviller : 360 mm<\/li>\n<li>Longueur totale avec la table rallong\u00e9e : 2.700mm<\/li>\n<li>Poids de la machine : 1.020KG<\/li>\n<\/ul>","protected":false},"featured_media":433,"template":"","meta":[],"product_brand":[20],"product_cat":[33,53],"product_tag":[22],"class_list":{"0":"post-429","1":"product","2":"type-product","3":"status-publish","4":"has-post-thumbnail","6":"product_brand-robland","7":"product_cat-tupis","8":"product_cat-maquinaria","9":"product_tag-madera","11":"first","12":"instock","13":"shipping-taxable","14":"purchasable","15":"product-type-simple"},"_links":{"self":[{"href":"https:\/\/www.comercialcecilio.es\/fr\/wp-json\/wp\/v2\/product\/429","targetHints":{"allow":["GET"]}}],"collection":[{"href":"https:\/\/www.comercialcecilio.es\/fr\/wp-json\/wp\/v2\/product"}],"about":[{"href":"https:\/\/www.comercialcecilio.es\/fr\/wp-json\/wp\/v2\/types\/product"}],"wp:featuredmedia":[{"embeddable":true,"href":"https:\/\/www.comercialcecilio.es\/fr\/wp-json\/wp\/v2\/media\/433"}],"wp:attachment":[{"href":"https:\/\/www.comercialcecilio.es\/fr\/wp-json\/wp\/v2\/media?parent=429"}],"wp:term":[{"taxonomy":"product_brand","embeddable":true,"href":"https:\/\/www.comercialcecilio.es\/fr\/wp-json\/wp\/v2\/product_brand?post=429"},{"taxonomy":"product_cat","embeddable":true,"href":"https:\/\/www.comercialcecilio.es\/fr\/wp-json\/wp\/v2\/product_cat?post=429"},{"taxonomy":"product_tag","embeddable":true,"href":"https:\/\/www.comercialcecilio.es\/fr\/wp-json\/wp\/v2\/product_tag?post=429"}],"curies":[{"name":"wp","href":"https:\/\/api.w.org\/{rel}","templated":true}]}}