{"id":443,"date":"2025-08-06T20:51:50","date_gmt":"2025-08-06T20:51:50","guid":{"rendered":"https:\/\/cecilio.comercialcecilio.es\/?post_type=product&#038;p=443"},"modified":"2025-11-19T15:33:42","modified_gmt":"2025-11-19T15:33:42","slug":"toupie-avec-chariot-et-broche-basculante-robland-t-110i","status":"publish","type":"product","link":"https:\/\/www.comercialcecilio.es\/fr\/machines\/toupie-avec-chariot-et-broche-basculante-robland-t-110i\/","title":{"rendered":"T-110i Robland T-110i Toupie \u00e0 broche basculante avec chariot et broche basculante"},"content":{"rendered":"<ol>\n<li>Toupie haute production avec moteur 10 HP<\/li>\n<li>Interrupteur automatique \u00e9toile-triangle avec inverseur rotatif.<\/li>\n<li>Table en fonte 1000 x 520 mm.<\/li>\n<li>Arbre standard inclinable de 50 mm.<\/li>\n<li>Support fonctionnel avec d\u00e9placement sur guides lin\u00e9aires avec r\u00e9glage au moyen de manivelles et de compteurs m\u00e9caniques de pr\u00e9cision.<\/li>\n<li>Chariot en aluminium de 1 400 mm sur un patin \u00e0 barres pour un fonctionnement souple et de haute pr\u00e9cision\n<ul class=\"list-style\">\n<li>5 vitesses de rotation de l'arbre 3.000 \/ 4.500 \/6.000 \/ 7.000 \/ 10.000 RPM<\/li>\n<\/ul>\n<\/li>\n<li>R\u00e8glements CE<\/li>\n<\/ol>","protected":false},"excerpt":{"rendered":"<ul class=\"list-style\">\n<li>Dimensions de la table : 1.000X520mm<\/li>\n<li>Dimensions du chariot : 1 150 x 500 mm.<\/li>\n<li>Course du chariot : 1 400 mm.<\/li>\n<li>Inclinaison de l'axe : -5\u00ba +45\u00ba.<\/li>\n<li>Hauteur de la table : 920 mm<\/li>\n<li>Diam\u00e8tre de l'arbre : 50 mm<\/li>\n<li>Longueur de l'arbre : 140 mm<\/li>\n<li>Course de l'essieu : 150 mm<\/li>\n<li>Vitesse des essieux : 3 000 \/ 4 500 \/ 6 000 \/ 7 000 \/ 10 000 \/ 10 000<\/li>\n<li>Puissance du moteur : 10 CV<\/li>\n<li>Entr\u00e9es d'aspiration : 120 mm.<\/li>\n<li>Poids de la machine : 530KG<\/li>\n<li>Dimensions : 2000 x 1120 x 1100 mm.<\/li>\n<\/ul>","protected":false},"featured_media":446,"template":"","meta":[],"product_brand":[20],"product_cat":[33,53],"product_tag":[22],"class_list":{"0":"post-443","1":"product","2":"type-product","3":"status-publish","4":"has-post-thumbnail","6":"product_brand-robland","7":"product_cat-tupis","8":"product_cat-maquinaria","9":"product_tag-madera","11":"first","12":"instock","13":"shipping-taxable","14":"purchasable","15":"product-type-simple"},"_links":{"self":[{"href":"https:\/\/www.comercialcecilio.es\/fr\/wp-json\/wp\/v2\/product\/443","targetHints":{"allow":["GET"]}}],"collection":[{"href":"https:\/\/www.comercialcecilio.es\/fr\/wp-json\/wp\/v2\/product"}],"about":[{"href":"https:\/\/www.comercialcecilio.es\/fr\/wp-json\/wp\/v2\/types\/product"}],"wp:featuredmedia":[{"embeddable":true,"href":"https:\/\/www.comercialcecilio.es\/fr\/wp-json\/wp\/v2\/media\/446"}],"wp:attachment":[{"href":"https:\/\/www.comercialcecilio.es\/fr\/wp-json\/wp\/v2\/media?parent=443"}],"wp:term":[{"taxonomy":"product_brand","embeddable":true,"href":"https:\/\/www.comercialcecilio.es\/fr\/wp-json\/wp\/v2\/product_brand?post=443"},{"taxonomy":"product_cat","embeddable":true,"href":"https:\/\/www.comercialcecilio.es\/fr\/wp-json\/wp\/v2\/product_cat?post=443"},{"taxonomy":"product_tag","embeddable":true,"href":"https:\/\/www.comercialcecilio.es\/fr\/wp-json\/wp\/v2\/product_tag?post=443"}],"curies":[{"name":"wp","href":"https:\/\/api.w.org\/{rel}","templated":true}]}}