{"id":453,"date":"2025-08-06T21:00:31","date_gmt":"2025-08-06T21:00:31","guid":{"rendered":"https:\/\/cecilio.comercialcecilio.es\/?post_type=product&#038;p=453"},"modified":"2025-11-19T15:33:30","modified_gmt":"2025-11-19T15:33:30","slug":"robland-t-120tp-spindle-moulder-with-t-120tp-trolley","status":"publish","type":"product","link":"https:\/\/www.comercialcecilio.es\/fr\/machines\/robland-t-120tp-spindle-moulder-with-t-120tp-trolley\/","title":{"rendered":"Robland T-120TP T-120TP Toupie \u00e0 broche mobile"},"content":{"rendered":"<ol>\n<li>Toupie haute production avec moteur 10 HP<\/li>\n<li>Table en fonte de 1200 x 705 mm. Extension de la table d'entr\u00e9e avec rallonge frontale t\u00e9lescopique et bouton d'urgence.<\/li>\n<li>Positionnement vertical motoris\u00e9 avec lecture num\u00e9rique de la mesure avec une course de 205 mm.<\/li>\n<li>Capot robuste en fonte \u00e0 charni\u00e8res avec l\u00e8vres en bois, en option avec tiges mobiles, mont\u00e9 sur des guides lin\u00e9aires \u00e0 r\u00e9glage microm\u00e9trique pour un ajustement pr\u00e9cis \u00e0 l'aide de compteurs m\u00e9caniques. Capacit\u00e9 pour des fraises de 320 mm de diam\u00e8tre,<\/li>\n<li><strong>Chariot de tenonnage lat\u00e9ral de grande pr\u00e9cision<\/strong>La table est situ\u00e9e \u00e0 la m\u00eame hauteur que la table fixe.<\/li>\n<li>Interrupteur \u00e9toile-triangle avec inverseur.<\/li>\n<li>R\u00e8glements CE<\/li>\n<\/ol>","protected":false},"excerpt":{"rendered":"<ul class=\"list-style\">\n<li>Dimensions de la table : 1.200X705mm<\/li>\n<li>Dimensions de la table de tenonnage : 760X500mm<\/li>\n<li>Course de la table de tenonnage : 1,050 mm<\/li>\n<li>Hauteur de la table : 930 mm<\/li>\n<li>Diam\u00e8tre de l'arbre : 50 mm<\/li>\n<li>Longueur de l'arbre : 180 mm<\/li>\n<li>D\u00e9battement de l'essieu : 205 mm<\/li>\n<li>Vitesse des essieux : 3 000 \/ 4 500 \/ 6 000 \/ 7 000 \/ 10 000 \/ 10 000<\/li>\n<li>Vitesse de glanage maximale autoris\u00e9e : 3 000 tr\/min.<\/li>\n<li>Puissance du moteur : 10HP<\/li>\n<li>Diam\u00e8tre maximal des outils \u00e0 profiler : 250 mm<\/li>\n<li>Diam\u00e8tre maximal lors du travail sous la table : 320 mm<\/li>\n<li>Diam\u00e8tre maximal de l'outil \u00e0 cheviller : 360 mm<\/li>\n<li>Longueur totale avec la table rallong\u00e9e : 2.700mm<\/li>\n<li>Poids de la machine : 1.020KG<\/li>\n<\/ul>","protected":false},"featured_media":457,"template":"","meta":[],"product_brand":[20],"product_cat":[33,53],"product_tag":[22],"class_list":{"0":"post-453","1":"product","2":"type-product","3":"status-publish","4":"has-post-thumbnail","6":"product_brand-robland","7":"product_cat-tupis","8":"product_cat-maquinaria","9":"product_tag-madera","11":"first","12":"instock","13":"shipping-taxable","14":"purchasable","15":"product-type-simple"},"_links":{"self":[{"href":"https:\/\/www.comercialcecilio.es\/fr\/wp-json\/wp\/v2\/product\/453","targetHints":{"allow":["GET"]}}],"collection":[{"href":"https:\/\/www.comercialcecilio.es\/fr\/wp-json\/wp\/v2\/product"}],"about":[{"href":"https:\/\/www.comercialcecilio.es\/fr\/wp-json\/wp\/v2\/types\/product"}],"wp:featuredmedia":[{"embeddable":true,"href":"https:\/\/www.comercialcecilio.es\/fr\/wp-json\/wp\/v2\/media\/457"}],"wp:attachment":[{"href":"https:\/\/www.comercialcecilio.es\/fr\/wp-json\/wp\/v2\/media?parent=453"}],"wp:term":[{"taxonomy":"product_brand","embeddable":true,"href":"https:\/\/www.comercialcecilio.es\/fr\/wp-json\/wp\/v2\/product_brand?post=453"},{"taxonomy":"product_cat","embeddable":true,"href":"https:\/\/www.comercialcecilio.es\/fr\/wp-json\/wp\/v2\/product_cat?post=453"},{"taxonomy":"product_tag","embeddable":true,"href":"https:\/\/www.comercialcecilio.es\/fr\/wp-json\/wp\/v2\/product_tag?post=453"}],"curies":[{"name":"wp","href":"https:\/\/api.w.org\/{rel}","templated":true}]}}