{"id":462,"date":"2025-08-06T21:09:49","date_gmt":"2025-08-06T21:09:49","guid":{"rendered":"https:\/\/cecilio.comercialcecilio.es\/?post_type=product&#038;p=462"},"modified":"2026-04-23T14:51:10","modified_gmt":"2026-04-23T14:51:10","slug":"462","status":"publish","type":"product","link":"https:\/\/www.comercialcecilio.es\/fr\/machines\/462\/","title":{"rendered":"Aff\u00fbteuse de scies et de disques fulgor MOD. AM-70N"},"content":{"rendered":"<ol>\n<li>Machine \u00e0 aff\u00fbter les lames de scie et les disques.<\/li>\n<li>Machine automatique<\/li>\n<li>Largeur de la lame aff\u00fbt\u00e9e : 10 \/70 mm<\/li>\n<li>\u00c9paisseur de la lame aff\u00fbt\u00e9e : 0,5 - 1,5 mm.<\/li>\n<li>Pas d'aiguisage : 5 - 30<\/li>\n<li>Vitesse de meulage : 54 dents\/min<\/li>\n<li>Largeur de la lame : 10 \/ 45 mm<\/li>\n<li>\u00c9paisseur de la lame du couteau : 0,5 - 1 mm.<\/li>\n<li>Hauteur de chute : 5 - 30<\/li>\n<li>Vitesse : 107 - 162 dents\/min.<\/li>\n<li>Pas de tricotage : 5 - 25 mm.<\/li>\n<li>\u00d8 minimum \/ maximum des disques : 110 \/ 600 mm.<\/li>\n<li>\u00c9paisseur du disque : 0,5 - 3 mm.<\/li>\n<li>\u00d8 des arbres \u00e0 disques : 20 - 50 mm.<\/li>\n<li>Vitesse de broyage du disque 54 dents \/ min.<\/li>\n<li>Pas d'aff\u00fbtage des disques : 5-15 mm.<\/li>\n<li>Equip\u00e9 de 2 moteurs de 0,18 Kw. + 1 moteur de 0,25 Kw.<\/li>\n<li>Dimensions de la meule : 150 x 20 x 6 mm.<\/li>\n<li>Poids 102 Kgs.<\/li>\n<li>Dimensions : 1 600 + 1 000 x 900 x 700 mm.<\/li>\n<\/ol>","protected":false},"excerpt":{"rendered":"<p>Afiladora de hojas de sierra y discos. M\u00e1quina autom\u00e1tica Ancho de la hoja afilado: 10 \/70 mm Espesor de la hoja afilado: 0,5 \u2013 1,5 mm. Paso de afilado: 5 \u2013 30 Velocidad de afilado: 54 dientes\/min Ancho de la hoja triscador: 10 \/ 45 mm Espesor de la hoja triscador: 0,5 \u2013 1 mm. [&hellip;]<\/p>\n","protected":false},"featured_media":464,"template":"","meta":[],"product_brand":[34],"product_cat":[35,83,53],"product_tag":[22],"class_list":{"0":"post-462","1":"product","2":"type-product","3":"status-publish","4":"has-post-thumbnail","6":"product_brand-kenbill","7":"product_cat-afiladoras","8":"product_cat-afiladora-kenbill","9":"product_cat-maquinaria","10":"product_tag-madera","12":"first","13":"instock","14":"shipping-taxable","15":"purchasable","16":"product-type-simple"},"_links":{"self":[{"href":"https:\/\/www.comercialcecilio.es\/fr\/wp-json\/wp\/v2\/product\/462","targetHints":{"allow":["GET"]}}],"collection":[{"href":"https:\/\/www.comercialcecilio.es\/fr\/wp-json\/wp\/v2\/product"}],"about":[{"href":"https:\/\/www.comercialcecilio.es\/fr\/wp-json\/wp\/v2\/types\/product"}],"wp:featuredmedia":[{"embeddable":true,"href":"https:\/\/www.comercialcecilio.es\/fr\/wp-json\/wp\/v2\/media\/464"}],"wp:attachment":[{"href":"https:\/\/www.comercialcecilio.es\/fr\/wp-json\/wp\/v2\/media?parent=462"}],"wp:term":[{"taxonomy":"product_brand","embeddable":true,"href":"https:\/\/www.comercialcecilio.es\/fr\/wp-json\/wp\/v2\/product_brand?post=462"},{"taxonomy":"product_cat","embeddable":true,"href":"https:\/\/www.comercialcecilio.es\/fr\/wp-json\/wp\/v2\/product_cat?post=462"},{"taxonomy":"product_tag","embeddable":true,"href":"https:\/\/www.comercialcecilio.es\/fr\/wp-json\/wp\/v2\/product_tag?post=462"}],"curies":[{"name":"wp","href":"https:\/\/api.w.org\/{rel}","templated":true}]}}