{"id":533,"date":"2025-08-06T22:29:05","date_gmt":"2025-08-06T22:29:05","guid":{"rendered":"https:\/\/cecilio.comercialcecilio.es\/?post_type=product&#038;p=533"},"modified":"2026-04-23T14:47:23","modified_gmt":"2026-04-23T14:47:23","slug":"scie-a-format-kenbill-ps-1600","status":"publish","type":"product","link":"https:\/\/www.comercialcecilio.es\/fr\/machines\/scie-a-format-kenbill-ps-1600\/","title":{"rendered":"Machine \u00e0 \u00e9quarrir Kenbill PS-1600"},"content":{"rendered":"<p>Machine id\u00e9ale pour les petites et moyennes industries en raison de sa facilit\u00e9 de r\u00e9glage et de sa petite taille.<\/p>\n<p>Une solide table en fonte rectifi\u00e9e et des rallonges de table dans les deux zones de coupe sont standard.<\/p>\n<p>Le large chariot en aluminium assure une grande stabilit\u00e9 de la pi\u00e8ce et donc une grande qualit\u00e9 de coupe.<\/p>\n<ul class=\"list-style\">\n<li>Chariot en aluminium anodis\u00e9 1600 X 360 mm :\n<ul class=\"list-style\">\n<li>Drapeau t\u00e9lescopique<\/li>\n<li>Guide carr\u00e9 millim\u00e9trique avec 2 but\u00e9es<\/li>\n<\/ul>\n<\/li>\n<li>Extension de table \u00e0 la sortie<\/li>\n<li>Capacit\u00e9 de 1 250 mm en coupe parall\u00e8le<\/li>\n<li>Guide de coupe parall\u00e8le en fonte avec profil en aluminium.<\/li>\n<li>Relevage et abaissement manuels des disques.<\/li>\n<li>Inclinaison manuelle 0\u00ba-45<\/li>\n<li>R\u00e8glements CE<\/li>\n<li>420 Kg.<\/li>\n<\/ul>","protected":false},"excerpt":{"rendered":"<p><strong>Dispositif de notation<\/strong><\/p>\n<ul class=\"list-style\">\n<li>Diam\u00e8tre du disque d'incision : 120 mm<\/li>\n<li>Diam\u00e8tre de l'arbre : 20 mm<\/li>\n<li>Vitesse de rotation : 8 000 tours\/minute.<\/li>\n<li>Puissance du moteur : 1HP<\/li>\n<\/ul>\n<p><strong>Scie principale<\/strong><\/p>\n<ul class=\"list-style\">\n<li>Diam\u00e8tre maximal du disque : 300 mm<\/li>\n<li>Diam\u00e8tre de l'arbre : 30 mm<\/li>\n<li>Hauteur de coupe \u00e0 90\u00ba : 80 mm<\/li>\n<li>Hauteur de coupe \u00e0 45\u00ba : 55 mm<\/li>\n<li>Puissance du moteur principal : 4 HP \/ 220V.<\/li>\n<li>Vitesse de rotation : 4 000 et 6 000 tours\/minute.<\/li>\n<\/ul>","protected":false},"featured_media":534,"template":"","meta":[],"product_brand":[34],"product_cat":[21,79,53],"product_tag":[22],"class_list":{"0":"post-533","1":"product","2":"type-product","3":"status-publish","4":"has-post-thumbnail","6":"product_brand-kenbill","7":"product_cat-escuadradoras","8":"product_cat-escuadradora-kenbill","9":"product_cat-maquinaria","10":"product_tag-madera","12":"first","13":"instock","14":"shipping-taxable","15":"purchasable","16":"product-type-simple"},"_links":{"self":[{"href":"https:\/\/www.comercialcecilio.es\/fr\/wp-json\/wp\/v2\/product\/533","targetHints":{"allow":["GET"]}}],"collection":[{"href":"https:\/\/www.comercialcecilio.es\/fr\/wp-json\/wp\/v2\/product"}],"about":[{"href":"https:\/\/www.comercialcecilio.es\/fr\/wp-json\/wp\/v2\/types\/product"}],"wp:featuredmedia":[{"embeddable":true,"href":"https:\/\/www.comercialcecilio.es\/fr\/wp-json\/wp\/v2\/media\/534"}],"wp:attachment":[{"href":"https:\/\/www.comercialcecilio.es\/fr\/wp-json\/wp\/v2\/media?parent=533"}],"wp:term":[{"taxonomy":"product_brand","embeddable":true,"href":"https:\/\/www.comercialcecilio.es\/fr\/wp-json\/wp\/v2\/product_brand?post=533"},{"taxonomy":"product_cat","embeddable":true,"href":"https:\/\/www.comercialcecilio.es\/fr\/wp-json\/wp\/v2\/product_cat?post=533"},{"taxonomy":"product_tag","embeddable":true,"href":"https:\/\/www.comercialcecilio.es\/fr\/wp-json\/wp\/v2\/product_tag?post=533"}],"curies":[{"name":"wp","href":"https:\/\/api.w.org\/{rel}","templated":true}]}}