{"id":79,"date":"2025-08-05T20:09:59","date_gmt":"2025-08-05T20:09:59","guid":{"rendered":"https:\/\/cecilio.comercialcecilio.es\/?post_type=product&#038;p=79"},"modified":"2026-04-23T14:07:43","modified_gmt":"2026-04-23T14:07:43","slug":"scie-a-format-robland-z500x1","status":"publish","type":"product","link":"https:\/\/www.comercialcecilio.es\/fr\/machines\/scie-a-format-robland-z500x1\/","title":{"rendered":"Scie \u00e0 format Robland Z500X1"},"content":{"rendered":"<p>La scie \u00e0 format Robland Z-500\u00d71 est dot\u00e9e d'une nouvelle unit\u00e9 de sciage en fonte d'une seule pi\u00e8ce pour une robustesse, une pr\u00e9cision et une stabilit\u00e9 accrues. Pour une inclinaison efficace, l'unit\u00e9 de sciage pivote sur deux demi-cercles en fonte, ce qui garantit une longue dur\u00e9e de vie et un mouvement extr\u00eamement fluide.<\/p>\n<p>Le ch\u00e2ssis robuste est dot\u00e9 d'un tube de torsion rempli de b\u00e9ton pour une plus grande rigidit\u00e9, pour absorber les vibrations et pour servir de contrepoids au chariot en aluminium pendant les op\u00e9rations de coupe.<\/p>\n<p>Capacit\u00e9 du disque jusqu'\u00e0\u00a0<strong>Diam\u00e8tre de 500 mm<\/strong>\u00a0 (sans scie de marquage), qui fournit une\u00a0<strong>hauteur de coupe 175 mm.<\/strong><\/p>\n<p>Le chariot en aluminium est enti\u00e8rement anodis\u00e9 pour une plus grande durabilit\u00e9 et une protection contre les agents ext\u00e9rieurs susceptibles d'endommager le chariot. Le syst\u00e8me de glissement de billes d'acier sur des barres cylindriques en acier tremp\u00e9 (BOSS) avec syst\u00e8me de nettoyage automatique assure un glissement en douceur.<\/p>","protected":false},"excerpt":{"rendered":"<ul class=\"list-style\">\n<li>Dimensions du chariot en aluminium : 200x420mm<\/li>\n<li>Dimensions du drapeau : 505x760mm<\/li>\n<li>Dimensions de la fonte : 985x710mm<\/li>\n<li>Longueur du profil du drapeau : 295+705mm extens.<\/li>\n<li>Diam\u00e8tre de la lame : 500x30mm<\/li>\n<li>Inclinaison de la lame de scie : 90\u00ba - 45\u00ba.<\/li>\n<li>Profondeur de coupe : 90\u00ba - 45\u00ba 175mm \/ 122mm<\/li>\n<li>Hauteur de coupe maximale de la lame 500 mm : 175 mm<\/li>\n<li>Puissance du moteur : 7 kW<\/li>\n<\/ul>","protected":false},"featured_media":128,"template":"","meta":[],"product_brand":[20],"product_cat":[21,75,53],"product_tag":[22],"class_list":{"0":"post-79","1":"product","2":"type-product","3":"status-publish","4":"has-post-thumbnail","6":"product_brand-robland","7":"product_cat-escuadradoras","8":"product_cat-escuadradora-robland","9":"product_cat-maquinaria","10":"product_tag-madera","12":"first","13":"instock","14":"shipping-taxable","15":"purchasable","16":"product-type-simple"},"_links":{"self":[{"href":"https:\/\/www.comercialcecilio.es\/fr\/wp-json\/wp\/v2\/product\/79","targetHints":{"allow":["GET"]}}],"collection":[{"href":"https:\/\/www.comercialcecilio.es\/fr\/wp-json\/wp\/v2\/product"}],"about":[{"href":"https:\/\/www.comercialcecilio.es\/fr\/wp-json\/wp\/v2\/types\/product"}],"wp:featuredmedia":[{"embeddable":true,"href":"https:\/\/www.comercialcecilio.es\/fr\/wp-json\/wp\/v2\/media\/128"}],"wp:attachment":[{"href":"https:\/\/www.comercialcecilio.es\/fr\/wp-json\/wp\/v2\/media?parent=79"}],"wp:term":[{"taxonomy":"product_brand","embeddable":true,"href":"https:\/\/www.comercialcecilio.es\/fr\/wp-json\/wp\/v2\/product_brand?post=79"},{"taxonomy":"product_cat","embeddable":true,"href":"https:\/\/www.comercialcecilio.es\/fr\/wp-json\/wp\/v2\/product_cat?post=79"},{"taxonomy":"product_tag","embeddable":true,"href":"https:\/\/www.comercialcecilio.es\/fr\/wp-json\/wp\/v2\/product_tag?post=79"}],"curies":[{"name":"wp","href":"https:\/\/api.w.org\/{rel}","templated":true}]}}