{"id":849,"date":"2025-09-16T05:25:40","date_gmt":"2025-09-16T05:25:40","guid":{"rendered":"https:\/\/www.comercialcecilio.es\/?page_id=849"},"modified":"2025-09-16T05:25:47","modified_gmt":"2025-09-16T05:25:47","slug":"politica-de-cookies-2","status":"publish","type":"page","link":"https:\/\/www.comercialcecilio.es\/pt\/politica-de-cookies-2\/","title":{"rendered":"Pol\u00edtica de cookies"},"content":{"rendered":"<h1 class=\"wp-block-heading\">Pol\u00edtica de cookies<\/h1>\n\n\n\n<h2 class=\"wp-block-heading\">Defini\u00e7\u00e3o e fun\u00e7\u00e3o dos cookies<\/h2>\n\n\n\n<p>O que s\u00e3o cookies? Um cookie \u00e9 um ficheiro que \u00e9 descarregado para o seu computador quando acede a determinadas p\u00e1ginas Web. Os cookies de um s\u00edtio Web permitem, entre outras coisas, armazenar e recuperar informa\u00e7\u00f5es sobre os h\u00e1bitos de navega\u00e7\u00e3o de um utilizador ou do seu computador e, dependendo das informa\u00e7\u00f5es que cont\u00eam e da forma como utiliza o seu computador, podem ser utilizados para reconhecer o utilizador.<\/p>\n\n\n\n<h2 class=\"wp-block-heading\">Que tipo de cookies utiliza este s\u00edtio Web?<\/h2>\n\n\n\n<ul class=\"wp-block-list\">\n<li><strong>Bolachas pr\u00f3prias:<\/strong>\u00a0S\u00e3o aqueles que s\u00e3o enviados para o equipamento terminal do utilizador a partir de um computador ou dom\u00ednio gerido pelo pr\u00f3prio editor e a partir do qual \u00e9 prestado o servi\u00e7o solicitado pelo utilizador.<\/li>\n\n\n\n<li><strong>Cookies persistentes:<\/strong>\u00a0Trata-se de um tipo de cookie em que os dados continuam a ser armazenados no terminal e podem ser acedidos e tratados durante um per\u00edodo de tempo pr\u00e9-determinado pelo respons\u00e1vel pelo cookie, que pode ir de alguns minutos a v\u00e1rios anos. No nosso caso, os cookies s\u00e3o mantidos por um per\u00edodo m\u00e1ximo de 2 anos.<\/li>\n\n\n\n<li><strong>Cookies t\u00e9cnicos:<\/strong>\u00a0S\u00e3o os necess\u00e1rios para poder navegar no s\u00edtio Web.<\/li>\n\n\n\n<li><strong>Cookies de an\u00e1lise:<\/strong>\u00a0S\u00e3o aqueles que nos permitem quantificar o n\u00famero de utilizadores e, assim, efetuar an\u00e1lises e estat\u00edsticas sobre a utiliza\u00e7\u00e3o que os utilizadores fazem do servi\u00e7o oferecido.<\/li>\n<\/ul>\n\n\n\n<p>Por este motivo, a sua navega\u00e7\u00e3o no nosso s\u00edtio Web \u00e9 analisada utilizando os cookies _ga, _gat para melhorar os servi\u00e7os que oferecemos.<\/p>\n\n\n\n<h2 class=\"wp-block-heading\">Liga\u00e7\u00f5es para outros s\u00edtios Web e redes sociais<\/h2>\n\n\n\n<p>Se houver uma liga\u00e7\u00e3o para outro s\u00edtio Web ou redes sociais, estes ter\u00e3o a sua pr\u00f3pria pol\u00edtica de cookies, pela qual n\u00e3o somos de forma alguma respons\u00e1veis. Para tal, deve consultar a pol\u00edtica de cookies desses s\u00edtios.<\/p>\n\n\n\n<h2 class=\"wp-block-heading\">Revoga\u00e7\u00e3o e elimina\u00e7\u00e3o de cookies<\/h2>\n\n\n\n<p>O utilizador pode permitir, bloquear ou eliminar os cookies instalados no seu computador, configurando as op\u00e7\u00f5es do browser no seu computador.<\/p>\n\n\n\n<p>Para mais informa\u00e7\u00f5es sobre como bloquear a utiliza\u00e7\u00e3o de cookies, pode faz\u00ea-lo seguindo as liga\u00e7\u00f5es abaixo:<\/p>\n\n\n\n<p><strong>Explorador:<\/strong>&nbsp;<a href=\"https:\/\/web.archive.org\/web\/20250717205718\/http:\/\/windows.microsoft.com\/es-es\/windows-vista\/block-or-allow-cookies\" rel=\"noreferrer noopener\" target=\"_blank\">http:\/\/windows.microsoft.com\/es-es\/windows-vista\/block-or-allow-cookies<\/a><br><strong>Cromado:<\/strong>&nbsp;<a href=\"https:\/\/web.archive.org\/web\/20250717205718\/http:\/\/support.google.com\/chrome\/bin\/answer.py?hl=es&amp;answer=95647\" rel=\"noreferrer noopener\" target=\"_blank\">http:\/\/support.google.com\/chrome\/bin\/answer.py?hl=es&amp;answer=95647<\/a><br><strong>Firefox:<\/strong>&nbsp;<a href=\"https:\/\/web.archive.org\/web\/20250717205718\/https:\/\/support.mozilla.org\/es\/kb\/impedir-que-los-sitios-web-guarden-sus-preferencia\" rel=\"noreferrer noopener\" target=\"_blank\">https:\/\/support.mozilla.org\/es\/kb\/impedir-que-los-sitios-web-guarden-sus-preferencia<\/a><br><strong>Safari:<\/strong>&nbsp;<a href=\"https:\/\/web.archive.org\/web\/20250717205718\/http:\/\/support.apple.com\/kb\/ph5042\" rel=\"noreferrer noopener\" target=\"_blank\">http:\/\/support.apple.com\/kb\/ph5042<\/a><br><strong>\u00d3pera:<\/strong>&nbsp;<a href=\"https:\/\/web.archive.org\/web\/20250717205718\/http:\/\/help.opera.com\/Windows\/11.50\/es-ES\/cookies.html\" rel=\"noreferrer noopener\" target=\"_blank\">http:\/\/help.opera.com\/Windows\/11.50\/es-ES\/cookies.html<\/a><\/p>\n\n\n\n<figure class=\"wp-block-image\"><img decoding=\"async\" src=\"https:\/\/web.archive.org\/web\/20250717205718im_\/https:\/\/www.comercialcecilio.es\/sites\/default\/files\/inline-images\/logo-footer.png\" alt=\"Comercial Cecilio\"\/><\/figure>\n\n\n\n<ul class=\"wp-block-list\">\n<li><a href=\"https:\/\/web.archive.org\/web\/20250717205718\/https:\/\/www.facebook.com\/maquinaria.cecilio\" target=\"_blank\" rel=\"noopener\">Facebook<\/a><\/li>\n\n\n\n<li><a href=\"https:\/\/web.archive.org\/web\/20250717205718\/https:\/\/www.youtube.com\/user\/ComercialCecilio\" target=\"_blank\" rel=\"noopener\">Youtube<\/a><\/li>\n\n\n\n<li><a href=\"https:\/\/web.archive.org\/web\/20250717205718\/https:\/\/www.linkedin.com\/company\/comercial-cecilio\/?originalSubdomain=es\" target=\"_blank\" rel=\"noopener\">Linkedin<\/a><\/li>\n<\/ul>\n\n\n\n<h2 class=\"wp-block-heading\" id=\"block-enlacesdeinteresfooter-menu\">M\u00e1quinas<\/h2>\n\n\n\n<ul class=\"wp-block-list\">\n<li><a href=\"https:\/\/web.archive.org\/web\/20250717205718\/https:\/\/www.comercialcecilio.es\/robland\">Robland<\/a><\/li>\n\n\n\n<li><a href=\"https:\/\/web.archive.org\/web\/20250717205718\/https:\/\/www.comercialcecilio.es\/kenbill\">Kenbill<\/a><\/li>\n\n\n\n<li><a href=\"https:\/\/web.archive.org\/web\/20250717205718\/https:\/\/www.comercialcecilio.es\/linnerman\">Linnerman<\/a><\/li>\n\n\n\n<li><a href=\"https:\/\/web.archive.org\/web\/20250717205718\/https:\/\/www.harnnett.es\/\" target=\"_blank\" rel=\"noopener\">Harnnett<\/a><\/li>\n\n\n\n<li><a href=\"https:\/\/web.archive.org\/web\/20250717205718\/https:\/\/www.comercialcecilio.es\/ocasion\">Ocasi\u00e3o<\/a><\/li>\n<\/ul>\n\n\n\n<h2 class=\"wp-block-heading\">Comercial Cecilio S.A.<\/h2>\n\n\n\n<ul class=\"wp-block-list\">\n<li>Estrada Pinto-Fuenlabrada<br>M-506 KM 20,400<br>28946 Fuenlabrada (Madrid)<\/li>\n\n\n\n<li><a href=\"https:\/\/web.archive.org\/web\/20250717205718\/tel:+34916975588\" target=\"_blank\" rel=\"noopener\">916 97 55 88<\/a><\/li>\n\n\n\n<li><a href=\"https:\/\/web.archive.org\/web\/20250717205718\/mailto:maquinaria@comercialcecilio.es\">maquinaria@comercialcecilio.es<\/a><\/li>\n<\/ul>\n\n\n\n<h2 class=\"wp-block-heading\">Servi\u00e7o de assist\u00eancia t\u00e9cnica<\/h2>\n\n\n\n<ul class=\"wp-block-list\">\n<li><a href=\"https:\/\/web.archive.org\/web\/20250717205718\/tel:+34682441851\" target=\"_blank\" rel=\"noopener\">682 44 18 51<\/a><\/li>\n\n\n\n<li><a href=\"https:\/\/web.archive.org\/web\/20250717205718\/mailto:satcecilio@comercialcecilio.es\">satcecilio@comercialcecilio.es<\/a><\/li>\n<\/ul>","protected":false},"excerpt":{"rendered":"<p>Pol\u00edtica de Cookies Definici\u00f3n y funci\u00f3n de las Cookies \u00bfQu\u00e9 son las cookies? Una cookie es un archivo que se descarga en el ordenador al acceder a ciertas p\u00e1ginas web. Las cookies de un sitio web, permiten, entre otras cosas, almacenar y recuperar informaci\u00f3n acerca de los h\u00e1bitos de navegaci\u00f3n de un usuario o de [&hellip;]<\/p>\n","protected":false},"author":4,"featured_media":0,"parent":0,"menu_order":0,"comment_status":"closed","ping_status":"closed","template":"","meta":{"footnotes":""},"class_list":["post-849","page","type-page","status-publish","hentry"],"_links":{"self":[{"href":"https:\/\/www.comercialcecilio.es\/pt\/wp-json\/wp\/v2\/pages\/849","targetHints":{"allow":["GET"]}}],"collection":[{"href":"https:\/\/www.comercialcecilio.es\/pt\/wp-json\/wp\/v2\/pages"}],"about":[{"href":"https:\/\/www.comercialcecilio.es\/pt\/wp-json\/wp\/v2\/types\/page"}],"author":[{"embeddable":true,"href":"https:\/\/www.comercialcecilio.es\/pt\/wp-json\/wp\/v2\/users\/4"}],"replies":[{"embeddable":true,"href":"https:\/\/www.comercialcecilio.es\/pt\/wp-json\/wp\/v2\/comments?post=849"}],"version-history":[{"count":1,"href":"https:\/\/www.comercialcecilio.es\/pt\/wp-json\/wp\/v2\/pages\/849\/revisions"}],"predecessor-version":[{"id":850,"href":"https:\/\/www.comercialcecilio.es\/pt\/wp-json\/wp\/v2\/pages\/849\/revisions\/850"}],"wp:attachment":[{"href":"https:\/\/www.comercialcecilio.es\/pt\/wp-json\/wp\/v2\/media?parent=849"}],"curies":[{"name":"wp","href":"https:\/\/api.w.org\/{rel}","templated":true}]}}