{"id":1107,"date":"2026-03-30T11:59:25","date_gmt":"2026-03-30T11:59:25","guid":{"rendered":"https:\/\/www.comercialcecilio.es\/?post_type=product&#038;p=1107"},"modified":"2026-05-08T22:02:14","modified_gmt":"2026-05-08T22:02:14","slug":"harnnett-btr","status":"publish","type":"product","link":"https:\/\/www.comercialcecilio.es\/pt\/maquinaria\/harnnett-btr\/","title":{"rendered":"H\u00c4RNNETT BTR"},"content":{"rendered":"<h2>Encoladora BTR<\/h2>\n<p>A pesar de su tama\u00f1o, seg\u00fan su composici\u00f3n, sus calidades constructivas se asemejan a los modelos de alta producci\u00f3n ya que est\u00e1n construidas totalmente en acero y fundici\u00f3n, utilizando los mejores materiales europeos tanto a nivel mec\u00e1nico como electr\u00f3nico y neum\u00e1tico. Est\u00e1n dotadas con calder\u00edn de calentamiento r\u00e1pido teflonado y sistema de cambio r\u00e1pido del mismo. Perfecto funcionamiento con colas EVA y poliolef\u00f3nicas.<\/p>\n<p>Modelo con tup\u00eds de entrada, pantalla t\u00e1ctil y l\u00e1mpara IR y redondeador entre otros.<\/p>","protected":false},"excerpt":{"rendered":"<p>La encoladora de cantos H\u00c4RNNETT BTR satisface las necesidades del taller y peque\u00f1a f\u00e1brica con los m\u00e1s altos est\u00e1ndares de calidad en el acabado.<\/p>","protected":false},"featured_media":1146,"template":"","meta":[],"product_brand":[58],"product_cat":[65,54],"product_tag":[57],"class_list":{"0":"post-1107","1":"product","2":"type-product","3":"status-publish","4":"has-post-thumbnail","6":"product_brand-harnnett","7":"product_cat-encoladoras-de-cantos-harnnett","8":"product_cat-maquinaria-para-madera-industrial","9":"product_tag-materiales-tecnicos-solid-face","11":"first","12":"instock","13":"shipping-taxable","14":"product-type-simple"},"_links":{"self":[{"href":"https:\/\/www.comercialcecilio.es\/pt\/wp-json\/wp\/v2\/product\/1107","targetHints":{"allow":["GET"]}}],"collection":[{"href":"https:\/\/www.comercialcecilio.es\/pt\/wp-json\/wp\/v2\/product"}],"about":[{"href":"https:\/\/www.comercialcecilio.es\/pt\/wp-json\/wp\/v2\/types\/product"}],"wp:featuredmedia":[{"embeddable":true,"href":"https:\/\/www.comercialcecilio.es\/pt\/wp-json\/wp\/v2\/media\/1146"}],"wp:attachment":[{"href":"https:\/\/www.comercialcecilio.es\/pt\/wp-json\/wp\/v2\/media?parent=1107"}],"wp:term":[{"taxonomy":"product_brand","embeddable":true,"href":"https:\/\/www.comercialcecilio.es\/pt\/wp-json\/wp\/v2\/product_brand?post=1107"},{"taxonomy":"product_cat","embeddable":true,"href":"https:\/\/www.comercialcecilio.es\/pt\/wp-json\/wp\/v2\/product_cat?post=1107"},{"taxonomy":"product_tag","embeddable":true,"href":"https:\/\/www.comercialcecilio.es\/pt\/wp-json\/wp\/v2\/product_tag?post=1107"}],"curies":[{"name":"wp","href":"https:\/\/api.w.org\/{rel}","templated":true}]}}