{"id":1110,"date":"2026-03-30T11:59:25","date_gmt":"2026-03-30T11:59:25","guid":{"rendered":"https:\/\/www.comercialcecilio.es\/?post_type=product&#038;p=1110"},"modified":"2026-03-30T11:59:33","modified_gmt":"2026-03-30T11:59:33","slug":"cnc-harnnett-target-twin-2","status":"publish","type":"product","link":"https:\/\/www.comercialcecilio.es\/pt\/maquinaria\/cnc-harnnett-target-twin-2\/","title":{"rendered":"CNC H\u00c4RNNETT TARGET TWIN"},"content":{"rendered":"<h2>Doble unidad de trabajo<\/h2>\n<p>El doble de trabajo realizado sin pausa y a alta velocidad.<\/p>\n<p>Con mesa de trabajo de doble capa, con lo que el vac\u00edo es m\u00e1s fuerte y las piezas quedan firmemente sujetas mientras las cabezas fresadoras realizan su trabajo.<\/p>\n<p>Centro de mecanizado capaz de mecanizar:<\/p>\n<ul class=\"list-style\">\n<li>Maderas: aglomerados, melaminas,\u2026<\/li>\n<li>Pl\u00e1sticos: PVC, ABS, Polietileno, espuma de polipropileno,\u2026<\/li>\n<li>Composites: Alucobond, Dibond, Trespa,\u2026<\/li>\n<li>Solid Surfaces: Corian, Krion, \u2026<\/li>\n<li>Metales no ferrosos: aluminio, bronce, \u2026<\/li>\n<\/ul>","protected":false},"excerpt":{"rendered":"<p>Trabajo constante gracias a su movimiento en p\u00e9ndulo, que permite cargar la m\u00e1quina por un lado, al tiempo que en el otro la m\u00e1quina ya est\u00e1 mecanizando los tableros.<\/p>","protected":false},"featured_media":1152,"template":"","meta":[],"product_brand":[58],"product_cat":[55,56,54],"product_tag":[57],"class_list":{"0":"post-1110","1":"product","2":"type-product","3":"status-publish","4":"has-post-thumbnail","6":"product_brand-harnnett","7":"product_cat-centros-de-mecanizado-harnnett","8":"product_cat-cnc-nesting","9":"product_cat-maquinaria-para-madera-industrial","10":"product_tag-materiales-tecnicos-solid-face","12":"first","13":"instock","14":"shipping-taxable","15":"product-type-simple"},"_links":{"self":[{"href":"https:\/\/www.comercialcecilio.es\/pt\/wp-json\/wp\/v2\/product\/1110","targetHints":{"allow":["GET"]}}],"collection":[{"href":"https:\/\/www.comercialcecilio.es\/pt\/wp-json\/wp\/v2\/product"}],"about":[{"href":"https:\/\/www.comercialcecilio.es\/pt\/wp-json\/wp\/v2\/types\/product"}],"wp:featuredmedia":[{"embeddable":true,"href":"https:\/\/www.comercialcecilio.es\/pt\/wp-json\/wp\/v2\/media\/1152"}],"wp:attachment":[{"href":"https:\/\/www.comercialcecilio.es\/pt\/wp-json\/wp\/v2\/media?parent=1110"}],"wp:term":[{"taxonomy":"product_brand","embeddable":true,"href":"https:\/\/www.comercialcecilio.es\/pt\/wp-json\/wp\/v2\/product_brand?post=1110"},{"taxonomy":"product_cat","embeddable":true,"href":"https:\/\/www.comercialcecilio.es\/pt\/wp-json\/wp\/v2\/product_cat?post=1110"},{"taxonomy":"product_tag","embeddable":true,"href":"https:\/\/www.comercialcecilio.es\/pt\/wp-json\/wp\/v2\/product_tag?post=1110"}],"curies":[{"name":"wp","href":"https:\/\/api.w.org\/{rel}","templated":true}]}}