{"id":1113,"date":"2026-03-30T11:59:26","date_gmt":"2026-03-30T11:59:26","guid":{"rendered":"https:\/\/www.comercialcecilio.es\/?post_type=product&#038;p=1113"},"modified":"2026-05-15T23:46:24","modified_gmt":"2026-05-15T23:46:24","slug":"cnc-harnnett-target-alum-door","status":"publish","type":"product","link":"https:\/\/www.comercialcecilio.es\/pt\/maquinaria\/cnc-harnnett-target-alum-door\/","title":{"rendered":"CNC H\u00c4RNNETT TARGET ALUM DOOR"},"content":{"rendered":"<h2>Control num\u00e9rico mecanizado de puertas<\/h2>\n<p>Distintas configuraciones de grupos de taladro vertical, sierra circular en eje Z y taladros horizontales en ejes X-Y.<\/p>\n<p>Mesa ranurada de alta calidad de doble capa que evita el deslizamiento de las piezas a mecanizar y \u00e9stas se adaptan f\u00e1cilmente sea cual sea su forma o tama\u00f1o.<\/p>\n<p>Distintas configuraciones, tama\u00f1os de mesa y adaptaciones especiales para cualquier tipo de trabajo por muy especial que \u00e9ste sea.<\/p>\n<p>Con empujador de descarga para la suave entrega de las piezas ya mecanizadas.<\/p>\n<p>Centro de mecanizado capaz de mecanizar:<\/p>\n<ul class=\"list-style\">\n<li>Maderas: aglomerados, melaminas,\u2026<\/li>\n<li>Pl\u00e1sticos: PVC, ABS, Polietileno, espuma de polipropileno,\u2026<\/li>\n<li>Composites: Alucobond, Dibond, Trespa,\u2026<\/li>\n<li>Solid Surfaces: Corian, Krion, \u2026<\/li>\n<li>Metales no ferrosos: aluminio, bronce, \u2026<\/li>\n<\/ul>","protected":false},"excerpt":{"rendered":"<p>Incorpora cambio de herramientas mediante rev\u00f3lver de 8 o 12 posiciones y dos cabezales fresadores para mecanizado de puertas.<\/p>","protected":false},"featured_media":1158,"template":"","meta":[],"product_brand":[58],"product_cat":[99,66,55,54],"product_tag":[57],"class_list":{"0":"post-1113","1":"product","2":"type-product","3":"status-publish","4":"has-post-thumbnail","6":"product_brand-harnnett","7":"product_cat-barra-de-aluminio-harnnett","8":"product_cat-centros-de-mecanizado-cnc","9":"product_cat-centros-de-mecanizado-harnnett","10":"product_cat-maquinaria-para-madera-industrial","11":"product_tag-materiales-tecnicos-solid-face","13":"first","14":"instock","15":"shipping-taxable","16":"product-type-simple"},"_links":{"self":[{"href":"https:\/\/www.comercialcecilio.es\/pt\/wp-json\/wp\/v2\/product\/1113","targetHints":{"allow":["GET"]}}],"collection":[{"href":"https:\/\/www.comercialcecilio.es\/pt\/wp-json\/wp\/v2\/product"}],"about":[{"href":"https:\/\/www.comercialcecilio.es\/pt\/wp-json\/wp\/v2\/types\/product"}],"wp:featuredmedia":[{"embeddable":true,"href":"https:\/\/www.comercialcecilio.es\/pt\/wp-json\/wp\/v2\/media\/1158"}],"wp:attachment":[{"href":"https:\/\/www.comercialcecilio.es\/pt\/wp-json\/wp\/v2\/media?parent=1113"}],"wp:term":[{"taxonomy":"product_brand","embeddable":true,"href":"https:\/\/www.comercialcecilio.es\/pt\/wp-json\/wp\/v2\/product_brand?post=1113"},{"taxonomy":"product_cat","embeddable":true,"href":"https:\/\/www.comercialcecilio.es\/pt\/wp-json\/wp\/v2\/product_cat?post=1113"},{"taxonomy":"product_tag","embeddable":true,"href":"https:\/\/www.comercialcecilio.es\/pt\/wp-json\/wp\/v2\/product_tag?post=1113"}],"curies":[{"name":"wp","href":"https:\/\/api.w.org\/{rel}","templated":true}]}}