{"id":1114,"date":"2026-03-30T11:59:26","date_gmt":"2026-03-30T11:59:26","guid":{"rendered":"https:\/\/www.comercialcecilio.es\/?post_type=product&#038;p=1114"},"modified":"2026-05-08T21:58:18","modified_gmt":"2026-05-08T21:58:18","slug":"cnc-target-alum","status":"publish","type":"product","link":"https:\/\/www.comercialcecilio.es\/pt\/maquinaria\/cnc-target-alum\/","title":{"rendered":"CNC TARGET ALUM"},"content":{"rendered":"<h2>Mesa de consolas<\/h2>\n<p>Potentes servomotores que ofrecen posicionamiento exacto, gran velocidad, un funcionamiento suave, sin vibraciones y un f\u00e1cil manejo.<\/p>\n<p>Unidad para taladros verticales y horizontales, mesa de vac\u00edo de m\u00e1xima sujeci\u00f3n de las piezas gracias al preciso ranurado especial.<\/p>\n<ul class=\"list-style\">\n<li>Capacidad para trabajar en modo pendular para mayor velocidad de producci\u00f3n.<\/li>\n<li>Soportes y topes escamoteables para trabajos de carpinter\u00eda, puertas, cercos, etc\u2026<\/li>\n<li>Optimizaci\u00f3n de control CNC para una mayor precisi\u00f3n de corte y velocidad de movimientos.<\/li>\n<\/ul>","protected":false},"excerpt":{"rendered":"<p>Compuesta por una mesa fija y un puente m\u00f3vil de doble apoyo. Mesa de consolas de aluminio para mecanizado de tableros por testa.<\/p>","protected":false},"featured_media":1160,"template":"","meta":[],"product_brand":[58],"product_cat":[66,55,54],"product_tag":[57],"class_list":{"0":"post-1114","1":"product","2":"type-product","3":"status-publish","4":"has-post-thumbnail","6":"product_brand-harnnett","7":"product_cat-centros-de-mecanizado-cnc","8":"product_cat-centros-de-mecanizado-harnnett","9":"product_cat-maquinaria-para-madera-industrial","10":"product_tag-materiales-tecnicos-solid-face","12":"first","13":"instock","14":"shipping-taxable","15":"product-type-simple"},"_links":{"self":[{"href":"https:\/\/www.comercialcecilio.es\/pt\/wp-json\/wp\/v2\/product\/1114","targetHints":{"allow":["GET"]}}],"collection":[{"href":"https:\/\/www.comercialcecilio.es\/pt\/wp-json\/wp\/v2\/product"}],"about":[{"href":"https:\/\/www.comercialcecilio.es\/pt\/wp-json\/wp\/v2\/types\/product"}],"wp:featuredmedia":[{"embeddable":true,"href":"https:\/\/www.comercialcecilio.es\/pt\/wp-json\/wp\/v2\/media\/1160"}],"wp:attachment":[{"href":"https:\/\/www.comercialcecilio.es\/pt\/wp-json\/wp\/v2\/media?parent=1114"}],"wp:term":[{"taxonomy":"product_brand","embeddable":true,"href":"https:\/\/www.comercialcecilio.es\/pt\/wp-json\/wp\/v2\/product_brand?post=1114"},{"taxonomy":"product_cat","embeddable":true,"href":"https:\/\/www.comercialcecilio.es\/pt\/wp-json\/wp\/v2\/product_cat?post=1114"},{"taxonomy":"product_tag","embeddable":true,"href":"https:\/\/www.comercialcecilio.es\/pt\/wp-json\/wp\/v2\/product_tag?post=1114"}],"curies":[{"name":"wp","href":"https:\/\/api.w.org\/{rel}","templated":true}]}}