{"id":1115,"date":"2026-03-30T11:59:26","date_gmt":"2026-03-30T11:59:26","guid":{"rendered":"https:\/\/www.comercialcecilio.es\/?post_type=product&#038;p=1115"},"modified":"2026-05-15T23:42:55","modified_gmt":"2026-05-15T23:42:55","slug":"cnc-harnnett-target-universal","status":"publish","type":"product","link":"https:\/\/www.comercialcecilio.es\/pt\/maquinaria\/cnc-harnnett-target-universal\/","title":{"rendered":"CNC H\u00c4RNNETT TARGET UNIVERSAL"},"content":{"rendered":"<h2>Dos m\u00e1quinas en el mismo espacio<\/h2>\n<p>Gracias a su mesa de trabajo de doble capa puede realizar trabajos sobre diversos materiales como maderas, pl\u00e1sticos, aluminio o metales no ferrosos, as\u00ed como tambi\u00e9n realizar mecanizados de nuevos materiales como Solid Surfaces (Krion o Corian) y composites (Trespa, Dibond o Alucobond).<\/p>\n<p>Si lo que desea es realizar trabajos de mecanizaci\u00f3n de puertas, portones o ventanas, no tiene m\u00e1s que arrastrar de manera sencilla las consolas de aluminio sobre la mesa Nesting.<\/p>\n<ul class=\"list-style\">\n<li>Gracias a una estructura robusta y un dise\u00f1o que tiene en cuenta estas dos formas de trabajar, podr\u00e1 disponer de una m\u00e1quina completa en una sola, sin renunciar a ninguna funcionalidad de los centros de mecanizado tradicionales de barras de aluminio y mesas de trabajo de cuadr\u00edcula.<\/li>\n<li>Para trabajos de alta producci\u00f3n, la m\u00e1quina puede trabajar en modo p\u00e9ndulo. Esto significa que no perder\u00e1 tiempo en la carga y descarga del material, pues el trabajo se realizar\u00e1 de forma constante.<\/li>\n<li>Para completar este centro de mecanizado, dispone de potentes fresadores verticales con cambio de herramienta, grupo de taladro y motor horizontal en funci\u00f3n de sus necesidades.<\/li>\n<\/ul>","protected":false},"excerpt":{"rendered":"<p>Su condici\u00f3n de Universal permite a estos centros de mecanizados proporcionar dos m\u00e1quina en una sola.<\/p>","protected":false},"featured_media":1162,"template":"","meta":[],"product_brand":[58],"product_cat":[67,55,54,98],"product_tag":[57],"class_list":{"0":"post-1115","1":"product","2":"type-product","3":"status-publish","4":"has-post-thumbnail","6":"product_brand-harnnett","7":"product_cat-centros-de-mecanizado-cnc-centros-de-mecanizado","8":"product_cat-centros-de-mecanizado-harnnett","9":"product_cat-maquinaria-para-madera-industrial","10":"product_cat-universal-harnnett","11":"product_tag-materiales-tecnicos-solid-face","13":"first","14":"instock","15":"shipping-taxable","16":"product-type-simple"},"_links":{"self":[{"href":"https:\/\/www.comercialcecilio.es\/pt\/wp-json\/wp\/v2\/product\/1115","targetHints":{"allow":["GET"]}}],"collection":[{"href":"https:\/\/www.comercialcecilio.es\/pt\/wp-json\/wp\/v2\/product"}],"about":[{"href":"https:\/\/www.comercialcecilio.es\/pt\/wp-json\/wp\/v2\/types\/product"}],"wp:featuredmedia":[{"embeddable":true,"href":"https:\/\/www.comercialcecilio.es\/pt\/wp-json\/wp\/v2\/media\/1162"}],"wp:attachment":[{"href":"https:\/\/www.comercialcecilio.es\/pt\/wp-json\/wp\/v2\/media?parent=1115"}],"wp:term":[{"taxonomy":"product_brand","embeddable":true,"href":"https:\/\/www.comercialcecilio.es\/pt\/wp-json\/wp\/v2\/product_brand?post=1115"},{"taxonomy":"product_cat","embeddable":true,"href":"https:\/\/www.comercialcecilio.es\/pt\/wp-json\/wp\/v2\/product_cat?post=1115"},{"taxonomy":"product_tag","embeddable":true,"href":"https:\/\/www.comercialcecilio.es\/pt\/wp-json\/wp\/v2\/product_tag?post=1115"}],"curies":[{"name":"wp","href":"https:\/\/api.w.org\/{rel}","templated":true}]}}