{"id":1116,"date":"2026-03-30T11:59:26","date_gmt":"2026-03-30T11:59:26","guid":{"rendered":"https:\/\/www.comercialcecilio.es\/?post_type=product&#038;p=1116"},"modified":"2026-03-30T11:59:35","modified_gmt":"2026-03-30T11:59:35","slug":"cnc-harnnett-track-special","status":"publish","type":"product","link":"https:\/\/www.comercialcecilio.es\/pt\/maquinaria\/cnc-harnnett-track-special\/","title":{"rendered":"CNC H\u00c4RNNETT TRACK SPECIAL"},"content":{"rendered":"<h2>Cambio a bordo<\/h2>\n<p>Dise\u00f1ados especialmente para este tipo de materiales con grandes mesas y composiciones especiales para una adaptaci\u00f3n perfecta a cada tipo de trabajo.<\/p>\n<p>El modelo TRACK ATC Special tiene, como caracter\u00edstica especial en gama TRACK, conos HSK-F63 en el cambio de herramienta y campo de trabajo de 6.100\u00d72.700mm y capacidad para 16 herramientas (2 de ellas agregados)<\/p>\n<p>Centro de mecanizado capaz de mecanizar:<\/p>\n<ul class=\"list-style\">\n<li>Maderas: aglomerados, melaminas,\u2026<\/li>\n<li>Pl\u00e1sticos: PVC, ABS, Polietileno, espuma de polipropileno,\u2026<\/li>\n<li>Composites: Alucobond, Dibond, Trespa,\u2026<\/li>\n<li>Solid Surfaces: Corian, Krion, \u2026<\/li>\n<li>Metales no ferrosos: aluminio, bronce, \u2026<\/li>\n<\/ul>\n<h2>\u00c1REA DE TRABAJO<\/h2>\n<p>Puedes cargar y descargar los paneles desde cualquier punto del per\u00edmetro de la m\u00e1quina. Se adapta a cualquier espacio en el taller.<\/p>","protected":false},"excerpt":{"rendered":"<p>Nueva l\u00ednea de controles num\u00e9ricos H\u00c4RNNETT para mecanizado de alta velocidad de nuevos materiales como pl\u00e1sticos, composites, metales no ferrosos o Solid Surfaces.<\/p>","protected":false},"featured_media":1164,"template":"","meta":[],"product_brand":[58],"product_cat":[55,56,54],"product_tag":[57],"class_list":{"0":"post-1116","1":"product","2":"type-product","3":"status-publish","4":"has-post-thumbnail","6":"product_brand-harnnett","7":"product_cat-centros-de-mecanizado-harnnett","8":"product_cat-cnc-nesting","9":"product_cat-maquinaria-para-madera-industrial","10":"product_tag-materiales-tecnicos-solid-face","12":"first","13":"instock","14":"shipping-taxable","15":"product-type-simple"},"_links":{"self":[{"href":"https:\/\/www.comercialcecilio.es\/pt\/wp-json\/wp\/v2\/product\/1116","targetHints":{"allow":["GET"]}}],"collection":[{"href":"https:\/\/www.comercialcecilio.es\/pt\/wp-json\/wp\/v2\/product"}],"about":[{"href":"https:\/\/www.comercialcecilio.es\/pt\/wp-json\/wp\/v2\/types\/product"}],"wp:featuredmedia":[{"embeddable":true,"href":"https:\/\/www.comercialcecilio.es\/pt\/wp-json\/wp\/v2\/media\/1164"}],"wp:attachment":[{"href":"https:\/\/www.comercialcecilio.es\/pt\/wp-json\/wp\/v2\/media?parent=1116"}],"wp:term":[{"taxonomy":"product_brand","embeddable":true,"href":"https:\/\/www.comercialcecilio.es\/pt\/wp-json\/wp\/v2\/product_brand?post=1116"},{"taxonomy":"product_cat","embeddable":true,"href":"https:\/\/www.comercialcecilio.es\/pt\/wp-json\/wp\/v2\/product_cat?post=1116"},{"taxonomy":"product_tag","embeddable":true,"href":"https:\/\/www.comercialcecilio.es\/pt\/wp-json\/wp\/v2\/product_tag?post=1116"}],"curies":[{"name":"wp","href":"https:\/\/api.w.org\/{rel}","templated":true}]}}