{"id":1118,"date":"2026-03-30T11:59:26","date_gmt":"2026-03-30T11:59:26","guid":{"rendered":"https:\/\/www.comercialcecilio.es\/?post_type=product&#038;p=1118"},"modified":"2026-03-30T11:59:36","modified_gmt":"2026-03-30T11:59:36","slug":"cnc-harnnett-track-on-board","status":"publish","type":"product","link":"https:\/\/www.comercialcecilio.es\/pt\/maquinaria\/cnc-harnnett-track-on-board\/","title":{"rendered":"CNC H\u00c4RNNETT TRACK On Board"},"content":{"rendered":"<h2>Cambio a bordo<\/h2>\n<p>Cambio de herramienta lineal a bordo que permite un enorme ahorro de tiempo en los cambios de herramienta, al viajar \u00e9ste en el gantry de la m\u00e1quina.<\/p>\n<p>Mesa de trabajo de doble capa ideal para evitar el deslizamiento de las piezas, entramado perfecto para la fijaci\u00f3n de cualquier tipo de pieza sea cual sea su forma y su tama\u00f1o.<\/p>\n<p>Disponibles diferentes dimensiones de mesa.<\/p>\n<p>Empujador de descarga.<\/p>\n<p>Centro de mecanizado capaz de mecanizar:<\/p>\n<ul class=\"list-style\">\n<li>Maderas: aglomerados, melaminas,\u2026<\/li>\n<li>Pl\u00e1sticos: PVC, ABS, Polietileno, espuma de polipropileno,\u2026<\/li>\n<li>Composites: Alucobond, Dibond, Trespa,\u2026<\/li>\n<li>Solid Surfaces: Corian, Krion, \u2026<\/li>\n<li>Metales no ferrosos: aluminio, bronce, \u2026<\/li>\n<\/ul>\n<p>&nbsp;<\/p>\n<h2>\u00c1rea de Trabajo<\/h2>\n<p>Puedes cargar y descargar los paneles desde cualquier punto del per\u00edmetro de la m\u00e1quina.<\/p>\n<p>Se adapta a cualquier espacio en el taller.<\/p>","protected":false},"excerpt":{"rendered":"<p>Nueva l\u00ednea de controles num\u00e9ricos H\u00c4RNNETT para mecanizado de alta velocidad de nuevos materiales como composites, metales no ferrosos o Solid Surfaces.<\/p>","protected":false},"featured_media":1168,"template":"","meta":[],"product_brand":[58],"product_cat":[55,56,54],"product_tag":[57],"class_list":{"0":"post-1118","1":"product","2":"type-product","3":"status-publish","4":"has-post-thumbnail","6":"product_brand-harnnett","7":"product_cat-centros-de-mecanizado-harnnett","8":"product_cat-cnc-nesting","9":"product_cat-maquinaria-para-madera-industrial","10":"product_tag-materiales-tecnicos-solid-face","12":"first","13":"instock","14":"shipping-taxable","15":"product-type-simple"},"_links":{"self":[{"href":"https:\/\/www.comercialcecilio.es\/pt\/wp-json\/wp\/v2\/product\/1118","targetHints":{"allow":["GET"]}}],"collection":[{"href":"https:\/\/www.comercialcecilio.es\/pt\/wp-json\/wp\/v2\/product"}],"about":[{"href":"https:\/\/www.comercialcecilio.es\/pt\/wp-json\/wp\/v2\/types\/product"}],"wp:featuredmedia":[{"embeddable":true,"href":"https:\/\/www.comercialcecilio.es\/pt\/wp-json\/wp\/v2\/media\/1168"}],"wp:attachment":[{"href":"https:\/\/www.comercialcecilio.es\/pt\/wp-json\/wp\/v2\/media?parent=1118"}],"wp:term":[{"taxonomy":"product_brand","embeddable":true,"href":"https:\/\/www.comercialcecilio.es\/pt\/wp-json\/wp\/v2\/product_brand?post=1118"},{"taxonomy":"product_cat","embeddable":true,"href":"https:\/\/www.comercialcecilio.es\/pt\/wp-json\/wp\/v2\/product_cat?post=1118"},{"taxonomy":"product_tag","embeddable":true,"href":"https:\/\/www.comercialcecilio.es\/pt\/wp-json\/wp\/v2\/product_tag?post=1118"}],"curies":[{"name":"wp","href":"https:\/\/api.w.org\/{rel}","templated":true}]}}