{"id":1188,"date":"2026-03-30T11:59:42","date_gmt":"2026-03-30T11:59:42","guid":{"rendered":"https:\/\/www.comercialcecilio.es\/?post_type=product&#038;p=1188"},"modified":"2026-03-30T11:59:47","modified_gmt":"2026-03-30T11:59:47","slug":"moldurera-linnerman-7-ejes","status":"publish","type":"product","link":"https:\/\/www.comercialcecilio.es\/pt\/maquinaria\/moldurera-linnerman-7-ejes\/","title":{"rendered":"Moldurera Linnerman 7 ejes"},"content":{"rendered":"<p>Moldurera 4 caras profesional para realizaci\u00f3n de m\u00faltiples trabajos como suelos de madera, puertas, l\u00ednea de maderas macizas y capaz de realizar cortes profundos.<\/p>\n<p>Alta producci\u00f3n y alta calidad de acabados.<\/p>","protected":false},"excerpt":{"rendered":"<p>Alta producci\u00f3n y alta calidad de acabados.<\/p>","protected":false},"featured_media":1212,"template":"","meta":[],"product_brand":[69],"product_cat":[54,70],"product_tag":[68],"class_list":{"0":"post-1188","1":"product","2":"type-product","3":"status-publish","4":"has-post-thumbnail","6":"product_brand-linnerman","7":"product_cat-maquinaria-para-madera-industrial","8":"product_cat-moldurera","9":"product_tag-madera-maciza","11":"first","12":"instock","13":"shipping-taxable","14":"product-type-simple"},"_links":{"self":[{"href":"https:\/\/www.comercialcecilio.es\/pt\/wp-json\/wp\/v2\/product\/1188","targetHints":{"allow":["GET"]}}],"collection":[{"href":"https:\/\/www.comercialcecilio.es\/pt\/wp-json\/wp\/v2\/product"}],"about":[{"href":"https:\/\/www.comercialcecilio.es\/pt\/wp-json\/wp\/v2\/types\/product"}],"wp:featuredmedia":[{"embeddable":true,"href":"https:\/\/www.comercialcecilio.es\/pt\/wp-json\/wp\/v2\/media\/1212"}],"wp:attachment":[{"href":"https:\/\/www.comercialcecilio.es\/pt\/wp-json\/wp\/v2\/media?parent=1188"}],"wp:term":[{"taxonomy":"product_brand","embeddable":true,"href":"https:\/\/www.comercialcecilio.es\/pt\/wp-json\/wp\/v2\/product_brand?post=1188"},{"taxonomy":"product_cat","embeddable":true,"href":"https:\/\/www.comercialcecilio.es\/pt\/wp-json\/wp\/v2\/product_cat?post=1188"},{"taxonomy":"product_tag","embeddable":true,"href":"https:\/\/www.comercialcecilio.es\/pt\/wp-json\/wp\/v2\/product_tag?post=1188"}],"curies":[{"name":"wp","href":"https:\/\/api.w.org\/{rel}","templated":true}]}}