{"id":1195,"date":"2026-03-30T11:59:42","date_gmt":"2026-03-30T11:59:42","guid":{"rendered":"https:\/\/www.comercialcecilio.es\/?post_type=product&#038;p=1195"},"modified":"2026-03-30T11:59:51","modified_gmt":"2026-03-30T11:59:51","slug":"enlazadora-automatica-linnerman-yc-480","status":"publish","type":"product","link":"https:\/\/www.comercialcecilio.es\/pt\/maquinaria\/enlazadora-automatica-linnerman-yc-480\/","title":{"rendered":"Enlazadora autom\u00e1tica Linnerman YC-480"},"content":{"rendered":"<ul class=\"list-style\">\n<li>Bomba de engrase autom\u00e1tica para prolongar la vida \u00fatil de la m\u00e1quina, y lubricar correctamente las partes mec\u00e1nicas de la m\u00e1quina.<\/li>\n<li>La m\u00e1quina se puede programar con 2 recorridos, uno intermedio y otro completo a trav\u00e9s del posicionamiento manual de dos levas c\u00f3nicas<\/li>\n<li>Para el correcto manejo de la m\u00e1quina est\u00e1 provista con un ajuste en la altura del lazo as\u00ed como un ajuste de grosor del lazo todos ellos de f\u00e1cil acceso.<\/li>\n<li>La m\u00e1quina incorpora de serie 4 prensores neum\u00e1ticos para sujetar las piezas a trabajar con sus correspondientes ajustes.<\/li>\n<li>La presi\u00f3n recomendada en el trabajo es de 6 BAR, la cual se puede regular a trav\u00e9s de la unidad de mantenimiento que lleva de serie.<\/li>\n<li>La potencia del motor es de 2HP con una velocidad de rotaci\u00f3n del eje de 21.000 r.p.m. y 3 velocidades de avance.<\/li>\n<li>Panel de mandos centralizado.<\/li>\n<li>Regulamentos CE.<\/li>\n<\/ul>","protected":false},"excerpt":{"rendered":"<p>M\u00e1quina robusta construida en fundici\u00f3n.<\/p>","protected":false},"featured_media":1222,"template":"","meta":[],"product_brand":[69],"product_cat":[54],"product_tag":[68],"class_list":{"0":"post-1195","1":"product","2":"type-product","3":"status-publish","4":"has-post-thumbnail","6":"product_brand-linnerman","7":"product_cat-maquinaria-para-madera-industrial","8":"product_tag-madera-maciza","10":"first","11":"instock","12":"shipping-taxable","13":"product-type-simple"},"_links":{"self":[{"href":"https:\/\/www.comercialcecilio.es\/pt\/wp-json\/wp\/v2\/product\/1195","targetHints":{"allow":["GET"]}}],"collection":[{"href":"https:\/\/www.comercialcecilio.es\/pt\/wp-json\/wp\/v2\/product"}],"about":[{"href":"https:\/\/www.comercialcecilio.es\/pt\/wp-json\/wp\/v2\/types\/product"}],"wp:featuredmedia":[{"embeddable":true,"href":"https:\/\/www.comercialcecilio.es\/pt\/wp-json\/wp\/v2\/media\/1222"}],"wp:attachment":[{"href":"https:\/\/www.comercialcecilio.es\/pt\/wp-json\/wp\/v2\/media?parent=1195"}],"wp:term":[{"taxonomy":"product_brand","embeddable":true,"href":"https:\/\/www.comercialcecilio.es\/pt\/wp-json\/wp\/v2\/product_brand?post=1195"},{"taxonomy":"product_cat","embeddable":true,"href":"https:\/\/www.comercialcecilio.es\/pt\/wp-json\/wp\/v2\/product_cat?post=1195"},{"taxonomy":"product_tag","embeddable":true,"href":"https:\/\/www.comercialcecilio.es\/pt\/wp-json\/wp\/v2\/product_tag?post=1195"}],"curies":[{"name":"wp","href":"https:\/\/api.w.org\/{rel}","templated":true}]}}