{"id":1199,"date":"2026-03-30T11:59:42","date_gmt":"2026-03-30T11:59:42","guid":{"rendered":"https:\/\/www.comercialcecilio.es\/?post_type=product&#038;p=1199"},"modified":"2026-03-30T11:59:54","modified_gmt":"2026-03-30T11:59:54","slug":"cepilladora-linnerman-dma-53l","status":"publish","type":"product","link":"https:\/\/www.comercialcecilio.es\/pt\/maquinaria\/cepilladora-linnerman-dma-53l\/","title":{"rendered":"Cepilladora Linnerman DMA 53L"},"content":{"rendered":"<ul class=\"list-style\">\n<li>Dimensiones de las mesas 2900 x 530 mm, con tableros rectificados , mesa de entrada de 1625 mm y mesa de salida 1225 mm.<\/li>\n<li>Ancho \u00fatil de elaboraci\u00f3n 530mm<\/li>\n<li>Largo \u00fatil de los planos de trabajo 2.900mm<\/li>\n<li>Motor de 7,5HP com trav\u00e3o el\u00e9trico.<\/li>\n<li>Eje di\u00e1metro 125mm con 4 cuchillas de 530x35x3<\/li>\n<li>Velocidad de rotaci\u00f3n del eje del cepillo 4.900 r.p.m<\/li>\n<li>Soporte escuadra de 1.110x155mm, inclinable 45\u00ba<\/li>\n<li>Indicador de profundidad de pasada.<\/li>\n<li>M\u00e1xima profundidad de cepillado: 8mm<\/li>\n<li>Prote\u00e7\u00e3o da l\u00e2mina \u00e0 frente e atr\u00e1s.<\/li>\n<li>Cuadro de mandos suspendido para arrancador estrella triangulo y parada de emergencia.<\/li>\n<li>Equipada con toma de aspiraci\u00f3n di\u00e1metro de 160mm<\/li>\n<li>Regulamentos CE.<\/li>\n<li>Peso neto 800kg<\/li>\n<\/ul>","protected":false},"excerpt":{"rendered":"<p>Dimensiones de las mesas 2900 x 530 mm, con tableros rectificados , mesa de entrada de 1625 mm y mesa de salida 1225 mm. Ancho \u00fatil de elaboraci\u00f3n 530mm Largo \u00fatil de los planos de trabajo 2.900mm Motor 7,5HP con freno el\u00e9ctrico. Eje di\u00e1metro 125mm con 4 cuchillas de 530x35x3 Velocidad de rotaci\u00f3n del eje [&hellip;]<\/p>\n","protected":false},"featured_media":1226,"template":"","meta":[],"product_brand":[69],"product_cat":[72,54],"product_tag":[68],"class_list":{"0":"post-1199","1":"product","2":"type-product","3":"status-publish","4":"has-post-thumbnail","6":"product_brand-linnerman","7":"product_cat-cepilladoras-de-madera","8":"product_cat-maquinaria-para-madera-industrial","9":"product_tag-madera-maciza","11":"first","12":"instock","13":"shipping-taxable","14":"product-type-simple"},"_links":{"self":[{"href":"https:\/\/www.comercialcecilio.es\/pt\/wp-json\/wp\/v2\/product\/1199","targetHints":{"allow":["GET"]}}],"collection":[{"href":"https:\/\/www.comercialcecilio.es\/pt\/wp-json\/wp\/v2\/product"}],"about":[{"href":"https:\/\/www.comercialcecilio.es\/pt\/wp-json\/wp\/v2\/types\/product"}],"wp:featuredmedia":[{"embeddable":true,"href":"https:\/\/www.comercialcecilio.es\/pt\/wp-json\/wp\/v2\/media\/1226"}],"wp:attachment":[{"href":"https:\/\/www.comercialcecilio.es\/pt\/wp-json\/wp\/v2\/media?parent=1199"}],"wp:term":[{"taxonomy":"product_brand","embeddable":true,"href":"https:\/\/www.comercialcecilio.es\/pt\/wp-json\/wp\/v2\/product_brand?post=1199"},{"taxonomy":"product_cat","embeddable":true,"href":"https:\/\/www.comercialcecilio.es\/pt\/wp-json\/wp\/v2\/product_cat?post=1199"},{"taxonomy":"product_tag","embeddable":true,"href":"https:\/\/www.comercialcecilio.es\/pt\/wp-json\/wp\/v2\/product_tag?post=1199"}],"curies":[{"name":"wp","href":"https:\/\/api.w.org\/{rel}","templated":true}]}}