{"id":289,"date":"2025-08-06T15:23:42","date_gmt":"2025-08-06T15:23:42","guid":{"rendered":"https:\/\/cecilio.comercialcecilio.es\/?post_type=product&#038;p=289"},"modified":"2025-11-19T15:30:44","modified_gmt":"2025-11-19T15:30:44","slug":"serra-de-mesa-deslizante-robland-z400el","status":"publish","type":"product","link":"https:\/\/www.comercialcecilio.es\/pt\/maquinaria\/serra-de-mesa-deslizante-robland-z400el\/","title":{"rendered":"Serra de mesa deslizante Robland Z400EL"},"content":{"rendered":"","protected":false},"excerpt":{"rendered":"<ul class=\"list-style\">\n<li>Dimens\u00f5es do carrinho de alum\u00ednio 420\u00d73.200mm<\/li>\n<li>Dimens\u00f5es da bandeira 1.420x650mm<\/li>\n<li>Comprimento do perfil da bandeira 2.295+705mm extens.<\/li>\n<li>Di\u00e2metro da l\u00e2mina 300-400X30mm<\/li>\n<li>Inclina\u00e7\u00e3o da l\u00e2mina de serra 90\u00ba - 45\u00ba.<\/li>\n<li>Profundidade de corte 90\u00ba - 45\u00ba 125mm \/ 90mm<\/li>\n<li>Altura m\u00e1xima de corte da l\u00e2mina 400mm 125mm<\/li>\n<li>Pot\u00eancia do motor 7kW<\/li>\n<li>Velocidade do disco principal 3000 \/ 4000 \/ 5000 rpm.<\/li>\n<li>Di\u00e2metro da l\u00e2mina da serra de corte 120X20mm<\/li>\n<li>Capacidade m\u00e1xima de corte 3.200mm<\/li>\n<li>Largura m\u00e1xima de corte 1.000mm\/1.350\/1.525mm<\/li>\n<li>Pot\u00eancia do disco de pontua\u00e7\u00e3o 1,3kW<\/li>\n<li>Velocidade do disco de apalpa\u00e7\u00e3o 8200 r.p.m.<\/li>\n<li>L\u00e2mina de riscagem profundidade de corte 120mm 3,5mm<\/li>\n<\/ul>","protected":false},"featured_media":294,"template":"","meta":[],"product_brand":[20],"product_cat":[21,53],"product_tag":[22],"class_list":{"0":"post-289","1":"product","2":"type-product","3":"status-publish","4":"has-post-thumbnail","6":"product_brand-robland","7":"product_cat-escuadradoras","8":"product_cat-maquinaria","9":"product_tag-madera","11":"first","12":"instock","13":"shipping-taxable","14":"purchasable","15":"product-type-simple"},"_links":{"self":[{"href":"https:\/\/www.comercialcecilio.es\/pt\/wp-json\/wp\/v2\/product\/289","targetHints":{"allow":["GET"]}}],"collection":[{"href":"https:\/\/www.comercialcecilio.es\/pt\/wp-json\/wp\/v2\/product"}],"about":[{"href":"https:\/\/www.comercialcecilio.es\/pt\/wp-json\/wp\/v2\/types\/product"}],"wp:featuredmedia":[{"embeddable":true,"href":"https:\/\/www.comercialcecilio.es\/pt\/wp-json\/wp\/v2\/media\/294"}],"wp:attachment":[{"href":"https:\/\/www.comercialcecilio.es\/pt\/wp-json\/wp\/v2\/media?parent=289"}],"wp:term":[{"taxonomy":"product_brand","embeddable":true,"href":"https:\/\/www.comercialcecilio.es\/pt\/wp-json\/wp\/v2\/product_brand?post=289"},{"taxonomy":"product_cat","embeddable":true,"href":"https:\/\/www.comercialcecilio.es\/pt\/wp-json\/wp\/v2\/product_cat?post=289"},{"taxonomy":"product_tag","embeddable":true,"href":"https:\/\/www.comercialcecilio.es\/pt\/wp-json\/wp\/v2\/product_tag?post=289"}],"curies":[{"name":"wp","href":"https:\/\/api.w.org\/{rel}","templated":true}]}}