{"id":295,"date":"2025-08-06T15:56:12","date_gmt":"2025-08-06T15:56:12","guid":{"rendered":"https:\/\/cecilio.comercialcecilio.es\/?post_type=product&#038;p=295"},"modified":"2026-04-23T14:07:05","modified_gmt":"2026-04-23T14:07:05","slug":"serra-de-mesa-deslizante-robland-z500x3","status":"publish","type":"product","link":"https:\/\/www.comercialcecilio.es\/pt\/maquinaria\/serra-de-mesa-deslizante-robland-z500x3\/","title":{"rendered":"Serra de mesa deslizante Robland Z500X3"},"content":{"rendered":"<ol>\n<li>3 eixos controlados por CNC ZEB (Alemanha)<\/li>\n<li>Di\u00e2metro m\u00e1ximo do disco 500 mm<\/li>\n<li>Pot\u00eancia standard do motor 9,2kW<\/li>\n<li>Incisivo com exclus\u00e3o autom\u00e1tica<\/li>\n<li>Indicador LED na mesa, fun\u00e7\u00e3o de pontua\u00e7\u00e3o<\/li>\n<li>Bandeira extra com extens\u00e3o e rolo, equipada com batentes de encravamento de \u00e2ngulo, grau e duplo digital com banda magn\u00e9tica.<\/li>\n<\/ol>","protected":false},"excerpt":{"rendered":"<ul class=\"list-style\">\n<li>Dimens\u00f5es do carrinho de alum\u00ednio: 425\u00d73.200mm<\/li>\n<li>Dimens\u00f5es da bandeira (telesc\u00f3pica): 1.505x760mm<\/li>\n<li>Comprimento do perfil da bandeira: 3,355 mm<\/li>\n<li>Di\u00e2metro da l\u00e2mina: 500 mm (350 mm com l\u00e2mina de corte)<\/li>\n<li>Pot\u00eancia do motor: 9,2kW<\/li>\n<li>Altura m\u00e1xima de corte: 175 mm a 90\u00ba.<\/li>\n<li>Altura de corte a 45\u00ba: 120mm<\/li>\n<li>Velocidade do disco principal: 3.000\/4.000\/5.000 r.pm.<\/li>\n<li>Di\u00e2metro do disco de corte: 120X20mm<\/li>\n<li>Velocidade do disco de pontua\u00e7\u00e3o: 7.000 r.p.m.<\/li>\n<li>Capacidade m\u00e1xima de corte: 3.200mm (3.800mm opcional)<\/li>\n<li>Largura m\u00e1xima de corte: 1.500 mm<\/li>\n<li>Pot\u00eancia do disco de pontua\u00e7\u00e3o: 1,3kW<\/li>\n<li>Di\u00e2metro da entrada de aspira\u00e7\u00e3o: 120\/80mm<\/li>\n<li>Peso: 1.270Kg<\/li>\n<\/ul>","protected":false},"featured_media":296,"template":"","meta":[],"product_brand":[20],"product_cat":[21,75,53],"product_tag":[22],"class_list":{"0":"post-295","1":"product","2":"type-product","3":"status-publish","4":"has-post-thumbnail","6":"product_brand-robland","7":"product_cat-escuadradoras","8":"product_cat-escuadradora-robland","9":"product_cat-maquinaria","10":"product_tag-madera","12":"first","13":"instock","14":"shipping-taxable","15":"purchasable","16":"product-type-simple"},"_links":{"self":[{"href":"https:\/\/www.comercialcecilio.es\/pt\/wp-json\/wp\/v2\/product\/295","targetHints":{"allow":["GET"]}}],"collection":[{"href":"https:\/\/www.comercialcecilio.es\/pt\/wp-json\/wp\/v2\/product"}],"about":[{"href":"https:\/\/www.comercialcecilio.es\/pt\/wp-json\/wp\/v2\/types\/product"}],"wp:featuredmedia":[{"embeddable":true,"href":"https:\/\/www.comercialcecilio.es\/pt\/wp-json\/wp\/v2\/media\/296"}],"wp:attachment":[{"href":"https:\/\/www.comercialcecilio.es\/pt\/wp-json\/wp\/v2\/media?parent=295"}],"wp:term":[{"taxonomy":"product_brand","embeddable":true,"href":"https:\/\/www.comercialcecilio.es\/pt\/wp-json\/wp\/v2\/product_brand?post=295"},{"taxonomy":"product_cat","embeddable":true,"href":"https:\/\/www.comercialcecilio.es\/pt\/wp-json\/wp\/v2\/product_cat?post=295"},{"taxonomy":"product_tag","embeddable":true,"href":"https:\/\/www.comercialcecilio.es\/pt\/wp-json\/wp\/v2\/product_tag?post=295"}],"curies":[{"name":"wp","href":"https:\/\/api.w.org\/{rel}","templated":true}]}}