{"id":303,"date":"2025-08-06T16:04:45","date_gmt":"2025-08-06T16:04:45","guid":{"rendered":"https:\/\/cecilio.comercialcecilio.es\/?post_type=product&#038;p=303"},"modified":"2025-11-19T15:23:01","modified_gmt":"2025-11-19T15:23:01","slug":"3-operacoes-combinadas-robland-sdb-510","status":"publish","type":"product","link":"https:\/\/www.comercialcecilio.es\/pt\/maquinaria\/3-operacoes-combinadas-robland-sdb-510\/","title":{"rendered":"3 opera\u00e7\u00f5es combinadas Robland SDB-510"},"content":{"rendered":"<ol>\n<li>Mesas de ferro fundido de 510 X 2250 mm, com planos rectificados.<\/li>\n<li>Instala\u00e7\u00e3o el\u00e9ctrica em conformidade com os regulamentos CE<\/li>\n<li>Encravamento de seguran\u00e7a com micro-interrutor<\/li>\n<li>Motor de 5,5 KW (7,5 CV), com trav\u00e3o motor<\/li>\n<li>Inclina\u00e7\u00e3o da plaina de 0\u00ba-45\u00ba.<\/li>\n<li>Velocidade do veio 6000 r.p.m.<\/li>\n<li>Prote\u00e7\u00e3o do veio da escova, ajust\u00e1vel<\/li>\n<li>Eleva\u00e7\u00e3o simult\u00e2nea das mesas assistida por mola<\/li>\n<li>Dimens\u00f5es da mesa de espessamento 810\u00d7510 mm, com quatro eixos de apoio<\/li>\n<li>Eleva\u00e7\u00e3o autom\u00e1tica da espessadora com 230 mm de altura de trabalho<\/li>\n<li>Dois motores independentes para 4 velocidades de avan\u00e7o de 5-8-10-16 m\/min (por seletor)<\/li>\n<li>Medidor de espessura eletr\u00f3nico para medi\u00e7\u00e3o da altura de espessamento<\/li>\n<li>Capuz de prote\u00e7\u00e3o com micro-interrutor e aspira\u00e7\u00e3o<\/li>\n<li>Carro de arrombamento com mesas de 300\u00d7600 mm<\/li>\n<li>Calcador exc\u00eantrico<\/li>\n<li>Regulamentos CE<\/li>\n<\/ol>","protected":false},"excerpt":{"rendered":"<h3>Plaina<\/h3>\n<ul class=\"list-style\">\n<li>Largura m\u00e1xima de trabalho:510mm<\/li>\n<li>Comprimento total das mesas: 2.250mm<\/li>\n<li>Di\u00e2metro do eixo da l\u00e2mina: 100 mm<\/li>\n<li>N.\u00ba de l\u00e2minas: 4<\/li>\n<li>Dimens\u00f5es da l\u00e2mina:<\/li>\n<li>Velocidade de rota\u00e7\u00e3o do veio da l\u00e2mina: 6.000 r.p.m.<\/li>\n<li>Comprimento do suporte: 1.100X150mm<\/li>\n<li>Suporte de inclina\u00e7\u00e3o: 0\u00ba-45\u00ba.<\/li>\n<li>Profundidade m\u00e1xima de passagem: 6 mm<\/li>\n<li>Pot\u00eancia do motor principal: 7,5HP<\/li>\n<\/ul>\n<h3>Espessador<\/h3>\n<ul class=\"list-style\">\n<li>Pot\u00eancia do motor para cima\/para baixo da mesa: 0,55 KW<\/li>\n<li>Pot\u00eancia da velocidade de avan\u00e7o do 1\u00ba motor: 0,18 \/ 0,37 KW<\/li>\n<li>Pot\u00eancia 2\u00aa velocidade de avan\u00e7o do motor: 0,37 \/ 0,55 KW<\/li>\n<li>Di\u00e2metro do eixo da l\u00e2mina: 100 mm<\/li>\n<li>Velocidade de rota\u00e7\u00e3o do veio: 6.000 R.P.M.<\/li>\n<li>N.\u00ba de l\u00e2minas: 4<\/li>\n<li>Dimens\u00f5es das l\u00e2minas: 510 x 30 x 3mm<\/li>\n<li>Dimens\u00f5es da mesa: 850x510mm<\/li>\n<li>Altura m\u00e1xima de trabalho: 230 mm<\/li>\n<li>Velocidades de trabalho: 5- 8 -10-16 mts\/min<\/li>\n<li>Di\u00e2metro da entrada de aspira\u00e7\u00e3o: 160 mm<\/li>\n<\/ul>\n<h3>Unidade de moldagem por broca-sopro<\/h3>\n<ul class=\"list-style\">\n<li>Dimens\u00f5es da mesa: 600X300mm<\/li>\n<li>Desloca\u00e7\u00e3o longitudinal: 200 mm<\/li>\n<li>Desloca\u00e7\u00e3o transversal: 150 mm<\/li>\n<li>Desloca\u00e7\u00e3o vertical: 150mm<\/li>\n<li>Capacidade m\u00e1xima da bucha de perfura\u00e7\u00e3o: 16 mm<\/li>\n<li>Velocidade de rota\u00e7\u00e3o do fuso: 3.000 r.p.m.<\/li>\n<\/ul>","protected":false},"featured_media":307,"template":"","meta":[],"product_brand":[20],"product_cat":[26,53],"product_tag":[22],"class_list":{"0":"post-303","1":"product","2":"type-product","3":"status-publish","4":"has-post-thumbnail","6":"product_brand-robland","7":"product_cat-combinadas","8":"product_cat-maquinaria","9":"product_tag-madera","11":"first","12":"instock","13":"shipping-taxable","14":"purchasable","15":"product-type-simple"},"_links":{"self":[{"href":"https:\/\/www.comercialcecilio.es\/pt\/wp-json\/wp\/v2\/product\/303","targetHints":{"allow":["GET"]}}],"collection":[{"href":"https:\/\/www.comercialcecilio.es\/pt\/wp-json\/wp\/v2\/product"}],"about":[{"href":"https:\/\/www.comercialcecilio.es\/pt\/wp-json\/wp\/v2\/types\/product"}],"wp:featuredmedia":[{"embeddable":true,"href":"https:\/\/www.comercialcecilio.es\/pt\/wp-json\/wp\/v2\/media\/307"}],"wp:attachment":[{"href":"https:\/\/www.comercialcecilio.es\/pt\/wp-json\/wp\/v2\/media?parent=303"}],"wp:term":[{"taxonomy":"product_brand","embeddable":true,"href":"https:\/\/www.comercialcecilio.es\/pt\/wp-json\/wp\/v2\/product_brand?post=303"},{"taxonomy":"product_cat","embeddable":true,"href":"https:\/\/www.comercialcecilio.es\/pt\/wp-json\/wp\/v2\/product_cat?post=303"},{"taxonomy":"product_tag","embeddable":true,"href":"https:\/\/www.comercialcecilio.es\/pt\/wp-json\/wp\/v2\/product_tag?post=303"}],"curies":[{"name":"wp","href":"https:\/\/api.w.org\/{rel}","templated":true}]}}