{"id":308,"date":"2025-08-06T16:15:54","date_gmt":"2025-08-06T16:15:54","guid":{"rendered":"https:\/\/cecilio.comercialcecilio.es\/?post_type=product&#038;p=308"},"modified":"2026-04-23T13:57:14","modified_gmt":"2026-04-23T13:57:14","slug":"combinado-robland-nx-410","status":"publish","type":"product","link":"https:\/\/www.comercialcecilio.es\/pt\/maquinaria\/combinado-robland-nx-410\/","title":{"rendered":"Combinado Robland NX-410"},"content":{"rendered":"<ol>\n<li>Combina\u00e7\u00e3o universal muito robusta de 5 opera\u00e7\u00f5es em ferro fundido.<\/li>\n<li>Com sistema de trav\u00e3o motor na moldadora de fuso.<\/li>\n<li>3 motores refor\u00e7ados independentes de 4HP (220v) \/ 5HP (380v.) cada.<\/li>\n<li>Unidade de pontua\u00e7\u00e3o com ajuste independente.<\/li>\n<li>Sistema de arranque com interrutor seletor.<\/li>\n<li>Interruptores de emerg\u00eancia na parte lateral da m\u00e1quina.<\/li>\n<li>Rodas manuais para movimentos de manobra.<\/li>\n<li>Regulamentos CE<\/li>\n<\/ol>","protected":false},"excerpt":{"rendered":"<h3>Serra circular - Esquadrejadora<\/h3>\n<ul class=\"list-style\">\n<li>Dimens\u00f5es da mesa de trabalho: 1080 X 410mm<\/li>\n<li>Dimens\u00f5es do carrinho: 2.050 X320mm<\/li>\n<li>Di\u00e2metro m\u00e1ximo do disco com l\u00e2mina de serra de corte: 250 mm<\/li>\n<li>Di\u00e2metro do veio: 30 mm<\/li>\n<li>R.P.M. do eixo: 4.500<\/li>\n<li>Corte m\u00e1ximo da guia paralela: 830 mm<\/li>\n<li>Comprimento m\u00e1ximo de corte: em espessura 50mm: 2.460mm<\/li>\n<li>Inclina\u00e7\u00e3o da serra circular: 0\u00ba-45\u00ba.<\/li>\n<li>Altura m\u00e1xima de corte: 80 mm<\/li>\n<li>Altura m\u00e1xima de corte a 45\u00ba: 55mm<\/li>\n<li>Di\u00e2metro de aspira\u00e7\u00e3o: 100 mm<\/li>\n<li>Pot\u00eancia do motor: 4\/5 CV<\/li>\n<\/ul>\n<h3>Disco de pontua\u00e7\u00e3o<\/h3>\n<ul class=\"list-style\">\n<li>Di\u00e2metro m\u00e1ximo do disco: 100 mm<\/li>\n<li>Di\u00e2metro do veio: 20 mm<\/li>\n<li>R.P.M. do veio: 7.000<\/li>\n<\/ul>\n<h3>Tupi<\/h3>\n<ul class=\"list-style\">\n<li>Di\u00e2metro do veio: 50mm<\/li>\n<li>Velocidades de trabalho: 2.900\/4.000\/6.000\/7.500 R.P.M.<\/li>\n<li>Di\u00e2metro m\u00e1x. da fresa: 200mm<\/li>\n<li>Di\u00e2metro m\u00e1ximo da ferramenta sob a mesa: 180 mm<\/li>\n<li>Altura m\u00e1xima utiliz\u00e1vel do veio: 120 mm<\/li>\n<li>Curso do eixo vertical: 140 mm<\/li>\n<li>Pot\u00eancia do motor: 4\/5 CV<\/li>\n<\/ul>\n<h3>Plaina - Espessadora - Furadeira<\/h3>\n<ul class=\"list-style\">\n<li>Largura m\u00e1xima de trabalho a aplainar: 410 mm<\/li>\n<li>Comprimento total da mesa: 1.800mm<\/li>\n<li>Suporte da plaina: 1300X150mm<\/li>\n<li>Inclina\u00e7\u00e3o do suporte: 0\u00ba-45\u00ba.<\/li>\n<li>Largura m\u00e1xima de trabalho a espessar: 410 mm<\/li>\n<li>Altura m\u00e1xima: 230 mm<\/li>\n<li>Velocidade de avan\u00e7o m\/mts: 6<\/li>\n<li>Di\u00e2metro do veio: 70mm<\/li>\n<li>N.\u00ba de l\u00e2minas: 3<\/li>\n<li>Dimens\u00f5es da l\u00e2mina: 410X25X3mm<\/li>\n<li>R.P.M.: 5.500<\/li>\n<li>Pot\u00eancia do motor: 4\/5 CV<\/li>\n<li>Di\u00e2metro m\u00e1ximo do furo: 16 mm<\/li>\n<li>Dimens\u00f5es da mesa de trabalho: 200X425mm<\/li>\n<li>Curso longitudinal: 140 mm<\/li>\n<li>Curso transversal: 165 mm<\/li>\n<li>Curso vertical: 85 mm<\/li>\n<\/ul>","protected":false},"featured_media":309,"template":"","meta":[],"product_brand":[20],"product_cat":[26,74,53],"product_tag":[22],"class_list":{"0":"post-308","1":"product","2":"type-product","3":"status-publish","4":"has-post-thumbnail","6":"product_brand-robland","7":"product_cat-combinadas","8":"product_cat-combinada-robland","9":"product_cat-maquinaria","10":"product_tag-madera","12":"first","13":"instock","14":"shipping-taxable","15":"purchasable","16":"product-type-simple"},"_links":{"self":[{"href":"https:\/\/www.comercialcecilio.es\/pt\/wp-json\/wp\/v2\/product\/308","targetHints":{"allow":["GET"]}}],"collection":[{"href":"https:\/\/www.comercialcecilio.es\/pt\/wp-json\/wp\/v2\/product"}],"about":[{"href":"https:\/\/www.comercialcecilio.es\/pt\/wp-json\/wp\/v2\/types\/product"}],"wp:featuredmedia":[{"embeddable":true,"href":"https:\/\/www.comercialcecilio.es\/pt\/wp-json\/wp\/v2\/media\/309"}],"wp:attachment":[{"href":"https:\/\/www.comercialcecilio.es\/pt\/wp-json\/wp\/v2\/media?parent=308"}],"wp:term":[{"taxonomy":"product_brand","embeddable":true,"href":"https:\/\/www.comercialcecilio.es\/pt\/wp-json\/wp\/v2\/product_brand?post=308"},{"taxonomy":"product_cat","embeddable":true,"href":"https:\/\/www.comercialcecilio.es\/pt\/wp-json\/wp\/v2\/product_cat?post=308"},{"taxonomy":"product_tag","embeddable":true,"href":"https:\/\/www.comercialcecilio.es\/pt\/wp-json\/wp\/v2\/product_tag?post=308"}],"curies":[{"name":"wp","href":"https:\/\/api.w.org\/{rel}","templated":true}]}}