{"id":329,"date":"2025-08-06T16:56:13","date_gmt":"2025-08-06T16:56:13","guid":{"rendered":"https:\/\/cecilio.comercialcecilio.es\/?post_type=product&#038;p=329"},"modified":"2025-11-19T15:24:06","modified_gmt":"2025-11-19T15:24:06","slug":"combinado-robland-nxsbd-410","status":"publish","type":"product","link":"https:\/\/www.comercialcecilio.es\/pt\/maquinaria\/combinado-robland-nxsbd-410\/","title":{"rendered":"Combinado Robland NXSBD-410"},"content":{"rendered":"<ol>\n<li>Combina\u00e7\u00e3o muito robusta de 3 opera\u00e7\u00f5es em ferro fundido.<\/li>\n<li>Motor de 5 CV<\/li>\n<li>Sistema de arranque com interrutor seletor.<\/li>\n<li>Interruptores de emerg\u00eancia na parte lateral da m\u00e1quina.<\/li>\n<li>Rodas manuais para movimentos de manobra.<\/li>\n<li>Regulamentos CE<\/li>\n<\/ol>","protected":false},"excerpt":{"rendered":"<h3>Plaina - Espessadora - Furadeira<\/h3>\n<ul class=\"list-style\">\n<li>Largura m\u00e1xima de trabalho a aplainar: 410 mm<\/li>\n<li>Comprimento total da mesa: 1.800mm<\/li>\n<li>Suporte da plaina: 1500X150mm<\/li>\n<li>Inclina\u00e7\u00e3o do suporte: 0\u00ba-45\u00ba.<\/li>\n<li>Largura m\u00e1xima de trabalho a espessar: 410 mm<\/li>\n<li>Altura m\u00e1xima: 230 mm<\/li>\n<li>Velocidade de avan\u00e7o m\/mts: 6<\/li>\n<li>Di\u00e2metro do veio: 70mm<\/li>\n<li>N.\u00ba de l\u00e2minas: 3<\/li>\n<li>Dimens\u00f5es da l\u00e2mina: 410X25X3mm<\/li>\n<li>R.P.M.: 5.500<\/li>\n<li>Pot\u00eancia do motor: 5 CV<\/li>\n<li>Di\u00e2metro m\u00e1ximo do furo: 16 mm<\/li>\n<li>Dimens\u00f5es da mesa de trabalho: 200X425mm<\/li>\n<li>Curso longitudinal: 140 mm<\/li>\n<li>Curso transversal: 165 mm<\/li>\n<li>Curso vertical: 85 mm<\/li>\n<\/ul>","protected":false},"featured_media":330,"template":"","meta":[],"product_brand":[20],"product_cat":[26,53],"product_tag":[22],"class_list":{"0":"post-329","1":"product","2":"type-product","3":"status-publish","4":"has-post-thumbnail","6":"product_brand-robland","7":"product_cat-combinadas","8":"product_cat-maquinaria","9":"product_tag-madera","11":"first","12":"instock","13":"shipping-taxable","14":"purchasable","15":"product-type-simple"},"_links":{"self":[{"href":"https:\/\/www.comercialcecilio.es\/pt\/wp-json\/wp\/v2\/product\/329","targetHints":{"allow":["GET"]}}],"collection":[{"href":"https:\/\/www.comercialcecilio.es\/pt\/wp-json\/wp\/v2\/product"}],"about":[{"href":"https:\/\/www.comercialcecilio.es\/pt\/wp-json\/wp\/v2\/types\/product"}],"wp:featuredmedia":[{"embeddable":true,"href":"https:\/\/www.comercialcecilio.es\/pt\/wp-json\/wp\/v2\/media\/330"}],"wp:attachment":[{"href":"https:\/\/www.comercialcecilio.es\/pt\/wp-json\/wp\/v2\/media?parent=329"}],"wp:term":[{"taxonomy":"product_brand","embeddable":true,"href":"https:\/\/www.comercialcecilio.es\/pt\/wp-json\/wp\/v2\/product_brand?post=329"},{"taxonomy":"product_cat","embeddable":true,"href":"https:\/\/www.comercialcecilio.es\/pt\/wp-json\/wp\/v2\/product_cat?post=329"},{"taxonomy":"product_tag","embeddable":true,"href":"https:\/\/www.comercialcecilio.es\/pt\/wp-json\/wp\/v2\/product_tag?post=329"}],"curies":[{"name":"wp","href":"https:\/\/api.w.org\/{rel}","templated":true}]}}