{"id":346,"date":"2025-08-06T18:56:59","date_gmt":"2025-08-06T18:56:59","guid":{"rendered":"https:\/\/cecilio.comercialcecilio.es\/?post_type=product&#038;p=346"},"modified":"2025-11-19T15:23:28","modified_gmt":"2025-11-19T15:23:28","slug":"combinado-robland-hx-310","status":"publish","type":"product","link":"https:\/\/www.comercialcecilio.es\/pt\/maquinaria\/combinado-robland-hx-310\/","title":{"rendered":"Combinado Robland HX-310"},"content":{"rendered":"<ol>\n<li>M\u00e1quina robusta com mesas em ferro fundido.<\/li>\n<li>Combina\u00e7\u00e3o universal de 5 opera\u00e7\u00f5es independentes selecionadas no painel de controlo frontal.<\/li>\n<li>Equipado com\u00a0<strong>3 motores independentes de 3 CV<\/strong>\u00a0sistemas de alimenta\u00e7\u00e3o el\u00e9ctrica refor\u00e7ados.<\/li>\n<li>Serra circular basculante a 45\u00ba.<\/li>\n<li>Di\u00e2metro m\u00e1ximo do disco 250 mm.<\/li>\n<li>Rota\u00e7\u00f5es por minuto 4.000<\/li>\n<li><strong>Equipado com um carro de esquadria em alum\u00ednio anodizado, bra\u00e7o de apoio telesc\u00f3pico e r\u00e9gua em alum\u00ednio com dois batentes.<\/strong><\/li>\n<li>Plaina de 1.310 x 310 mm com pain\u00e9is de ferro fundido.<\/li>\n<li>Eixo com 3 l\u00e2minas.<\/li>\n<li>Espessador com 310 mm de largura.<\/li>\n<li>Altura m\u00e1xima de espessamento 230 mm.<\/li>\n<li>Alimenta\u00e7\u00e3o autom\u00e1tica 6 m\/min.<\/li>\n<li>Fuso moldador com eixo de 50 mm.<\/li>\n<li>2 velocidades (3.000 e 6.000 r.p.m.)<\/li>\n<li>Broca para entalhar em ferro fundido de funcionamento suave.<\/li>\n<li>Di\u00e2metro do mandril de perfura\u00e7\u00e3o 13 mm.<\/li>\n<li>Entradas de aspira\u00e7\u00e3o inclu\u00eddas.<\/li>\n<li>Regulamentos E.C.<\/li>\n<\/ol>","protected":false},"excerpt":{"rendered":"<h3>Serra circular<\/h3>\n<ul class=\"list-style\">\n<li>Di\u00e2metro m\u00e1ximo do disco\/min: 250mm<\/li>\n<li>Di\u00e2metro do veio: 30 mm<\/li>\n<li>R.P.M. do eixo: 4.000<\/li>\n<li>Corte m\u00e1ximo da guia paralela: 600 mm<\/li>\n<li>Dimens\u00f5es do carrinho: 1.250 x 320 mm<\/li>\n<li>Comprimento m\u00e1ximo de corte em 50 mm de espessura: 1.270 mm<\/li>\n<li>Inclina\u00e7\u00e3o da serra circular: 0\u00ba-45\u00ba.<\/li>\n<li>Altura m\u00e1xima de corte: 85 mm<\/li>\n<li>Altura m\u00e1xima de corte a 45\u00ba: 55mm<\/li>\n<li>Di\u00e2metro de aspira\u00e7\u00e3o: 100 mm<\/li>\n<li>Pot\u00eancia do motor: 3HP<\/li>\n<\/ul>\n<h3>Tupi<\/h3>\n<ul class=\"list-style\">\n<li>Di\u00e2metro do veio: 50mm<\/li>\n<li>50mmVelocidades de funcionamento (trif\u00e1sico): 3.000\/6.000<\/li>\n<li>Velocidade de trabalho (monof\u00e1sica): 6.000<\/li>\n<li>Di\u00e2metro m\u00e1x. da fresa: 200mm<\/li>\n<li>Di\u00e2metro m\u00e1ximo da ferramenta sob a mesa: 180 mm<\/li>\n<li>Pot\u00eancia do motor: 3HP<\/li>\n<li>Curso do veio vertical: 140 mm<\/li>\n<li>Altura m\u00e1xima do eixo: 120 mm<\/li>\n<li>Di\u00e2metro da mesa de aspira\u00e7\u00e3o: 100 mm<\/li>\n<\/ul>\n<h3>Plaina - Espessadora - Furadeira<\/h3>\n<ul class=\"list-style\">\n<li>Largura m\u00e1xima de trabalho a aplainar: 310 mm<\/li>\n<li>Comprimento total das mesas: 1.320mm<\/li>\n<li>Suporte da plaina: 1300X150mm<\/li>\n<li>Inclina\u00e7\u00e3o do suporte: 0\u00ba-45\u00ba.<\/li>\n<li>Largura m\u00e1xima de trabalho de espessamento: 310 mm<\/li>\n<li>Altura m\u00e1xima: 230 mm<\/li>\n<li>Velocidade de avan\u00e7o m\/mts: 6<\/li>\n<li>Di\u00e2metro do veio: 70mm<\/li>\n<li>N.\u00ba de l\u00e2minas: 3<\/li>\n<li>Dimens\u00f5es da l\u00e2mina: 310X25X3mm<\/li>\n<li>R.P.M.: 5.500<\/li>\n<li>Pot\u00eancia do motor: 3HP<\/li>\n<li>Di\u00e2metro m\u00e1ximo do furo: 16 mm<\/li>\n<li>Dimens\u00f5es da mesa de trabalho: 200X425mm<\/li>\n<li>Curso longitudinal: 140 mm<\/li>\n<li>Curso transversal 165 mm<\/li>\n<li>Curso vertical: 85 mm<\/li>\n<\/ul>","protected":false},"featured_media":347,"template":"","meta":[],"product_brand":[20],"product_cat":[26,53],"product_tag":[22],"class_list":{"0":"post-346","1":"product","2":"type-product","3":"status-publish","4":"has-post-thumbnail","6":"product_brand-robland","7":"product_cat-combinadas","8":"product_cat-maquinaria","9":"product_tag-madera","11":"first","12":"instock","13":"shipping-taxable","14":"purchasable","15":"product-type-simple"},"_links":{"self":[{"href":"https:\/\/www.comercialcecilio.es\/pt\/wp-json\/wp\/v2\/product\/346","targetHints":{"allow":["GET"]}}],"collection":[{"href":"https:\/\/www.comercialcecilio.es\/pt\/wp-json\/wp\/v2\/product"}],"about":[{"href":"https:\/\/www.comercialcecilio.es\/pt\/wp-json\/wp\/v2\/types\/product"}],"wp:featuredmedia":[{"embeddable":true,"href":"https:\/\/www.comercialcecilio.es\/pt\/wp-json\/wp\/v2\/media\/347"}],"wp:attachment":[{"href":"https:\/\/www.comercialcecilio.es\/pt\/wp-json\/wp\/v2\/media?parent=346"}],"wp:term":[{"taxonomy":"product_brand","embeddable":true,"href":"https:\/\/www.comercialcecilio.es\/pt\/wp-json\/wp\/v2\/product_brand?post=346"},{"taxonomy":"product_cat","embeddable":true,"href":"https:\/\/www.comercialcecilio.es\/pt\/wp-json\/wp\/v2\/product_cat?post=346"},{"taxonomy":"product_tag","embeddable":true,"href":"https:\/\/www.comercialcecilio.es\/pt\/wp-json\/wp\/v2\/product_tag?post=346"}],"curies":[{"name":"wp","href":"https:\/\/api.w.org\/{rel}","templated":true}]}}