{"id":364,"date":"2025-08-06T19:10:43","date_gmt":"2025-08-06T19:10:43","guid":{"rendered":"https:\/\/cecilio.comercialcecilio.es\/?post_type=product&#038;p=364"},"modified":"2025-11-19T15:31:30","modified_gmt":"2025-11-19T15:31:30","slug":"espessadora-robland-d-630","status":"publish","type":"product","link":"https:\/\/www.comercialcecilio.es\/pt\/maquinaria\/espessadora-robland-d-630\/","title":{"rendered":"Robland D-630 Espessador"},"content":{"rendered":"<ol>\n<li>Instala\u00e7\u00e3o el\u00e9ctrica em conformidade com os regulamentos CE.<\/li>\n<li>(10 CV) com trav\u00e3o el\u00e9trico e correia tripla.<\/li>\n<li>Bot\u00e3o de emerg\u00eancia frontal.<\/li>\n<li>Encravamento eletr\u00f3nico com microinterruptor na porta superior.<\/li>\n<li>Visualiza\u00e7\u00e3o eletr\u00f3nica da altura da mesa de trabalho.<\/li>\n<li>Subida e descida motorizada da mesa por meio de um inversor de 2 velocidades.<\/li>\n<li>Variador de velocidade do inversor de 5 a 22 m\/mts.<\/li>\n<li>Mesa de ferro fundido rectificado 580x510mm<\/li>\n<li>2 rolos de a\u00e7o flutuantes situados na mesa de trabalho.<\/li>\n<li>Altura m\u00e1xima da espessadora 300mm<\/li>\n<li>4 colunas de grande di\u00e2metro<\/li>\n<li>(78 mm) com sistema de auto-limpeza.<\/li>\n<li>Velocidade de rota\u00e7\u00e3o de 6.000 r.p.m.\n<ul>\n<li>Rolo dentado com 80 mm de di\u00e2metro \u00e0 entrada e dois rolos de borracha \u00e0 sa\u00edda.<\/li>\n<li>Di\u00e2metro do veio 120mm com 4 l\u00e2minas 630x30x3<\/li>\n<li>Sistema de ladrilho duplo para acabamentos finos.<\/li>\n<li>Camp\u00e2nula de aspira\u00e7\u00e3o com di\u00e2metro de boca de 160 mm.<\/li>\n<\/ul>\n<\/li>\n<\/ol>","protected":false},"excerpt":{"rendered":"<ul class=\"list-style\">\n<li>Pot\u00eancia do motor principal: 10HP<\/li>\n<li>Pot\u00eancia do motor para cima\/para baixo da mesa: 0,55 KW<\/li>\n<li>Pot\u00eancia do motor de velocidade de alimenta\u00e7\u00e3o: 0,75KW<\/li>\n<li>Peso: 950 KG<\/li>\n<li>Di\u00e2metro do eixo da l\u00e2mina: 120 mm<\/li>\n<li>Velocidade de rota\u00e7\u00e3o do veio: 5.200 R.P.M.<\/li>\n<li>N.\u00ba de l\u00e2minas: 4<\/li>\n<li>Dimens\u00f5es da l\u00e2mina: 630 x 30 x 3 mm<\/li>\n<li>Dimens\u00e3o da mesa: 630\u00d71.160mm<\/li>\n<li>Altura m\u00e1xima de trabalho: 300 mm<\/li>\n<li>Velocidades de trabalho: 5-22 mts\/min<\/li>\n<li>Di\u00e2metro da entrada de aspira\u00e7\u00e3o: 160 mm<\/li>\n<li>Dimens\u00f5es da embalagem: 1.590 x 1.340 x 1.235mm<\/li>\n<\/ul>","protected":false},"featured_media":365,"template":"","meta":[],"product_brand":[20],"product_cat":[53,27],"product_tag":[22],"class_list":{"0":"post-364","1":"product","2":"type-product","3":"status-publish","4":"has-post-thumbnail","6":"product_brand-robland","7":"product_cat-maquinaria","8":"product_cat-regruesadora","9":"product_tag-madera","11":"first","12":"instock","13":"shipping-taxable","14":"purchasable","15":"product-type-simple"},"_links":{"self":[{"href":"https:\/\/www.comercialcecilio.es\/pt\/wp-json\/wp\/v2\/product\/364","targetHints":{"allow":["GET"]}}],"collection":[{"href":"https:\/\/www.comercialcecilio.es\/pt\/wp-json\/wp\/v2\/product"}],"about":[{"href":"https:\/\/www.comercialcecilio.es\/pt\/wp-json\/wp\/v2\/types\/product"}],"wp:featuredmedia":[{"embeddable":true,"href":"https:\/\/www.comercialcecilio.es\/pt\/wp-json\/wp\/v2\/media\/365"}],"wp:attachment":[{"href":"https:\/\/www.comercialcecilio.es\/pt\/wp-json\/wp\/v2\/media?parent=364"}],"wp:term":[{"taxonomy":"product_brand","embeddable":true,"href":"https:\/\/www.comercialcecilio.es\/pt\/wp-json\/wp\/v2\/product_brand?post=364"},{"taxonomy":"product_cat","embeddable":true,"href":"https:\/\/www.comercialcecilio.es\/pt\/wp-json\/wp\/v2\/product_cat?post=364"},{"taxonomy":"product_tag","embeddable":true,"href":"https:\/\/www.comercialcecilio.es\/pt\/wp-json\/wp\/v2\/product_tag?post=364"}],"curies":[{"name":"wp","href":"https:\/\/api.w.org\/{rel}","templated":true}]}}