{"id":373,"date":"2025-08-06T19:38:23","date_gmt":"2025-08-06T19:38:23","guid":{"rendered":"https:\/\/cecilio.comercialcecilio.es\/?post_type=product&#038;p=373"},"modified":"2025-11-19T15:31:19","modified_gmt":"2025-11-19T15:31:19","slug":"espessadora-robland-d-510","status":"publish","type":"product","link":"https:\/\/www.comercialcecilio.es\/pt\/maquinaria\/espessadora-robland-d-510\/","title":{"rendered":"Robland D-510 Espessador"},"content":{"rendered":"<ol>\n<li>Instala\u00e7\u00e3o el\u00e9ctrica em conformidade com os regulamentos CE.<\/li>\n<li>(7,5 CV) com trav\u00e3o el\u00e9trico.<\/li>\n<li>Bot\u00e3o de emerg\u00eancia frontal.<\/li>\n<li>Encravamento eletr\u00f3nico com micro-interrutor na porta superior.<\/li>\n<li>Visualiza\u00e7\u00e3o eletr\u00f3nica da altura da mesa de trabalho.<\/li>\n<li>Eleva\u00e7\u00e3o e descida motorizadas atrav\u00e9s de inversor<\/li>\n<li>4 velocidades de avan\u00e7o:\n<ol>\n<li>1\u00ba motor independente para as 2 primeiras velocidades de 5 a 8 m\/min.<\/li>\n<li>2\u00ba motor independente para as 2 segundas velocidades de 10 a 16 m\/min.<\/li>\n<\/ol>\n<\/li>\n<li>Rolo dentado na entrada e rolo de borracha na sa\u00edda.<\/li>\n<li>Mesa de ferro fundido rectificado 580x510mm<\/li>\n<li>2 rolos de a\u00e7o flutuantes na mesa de trabalho.<\/li>\n<li>Altura m\u00e1xima do espessador 250 mm<\/li>\n<li>4 colunas de 50 mm de di\u00e2metro com sistema de auto-limpeza.<\/li>\n<li>Di\u00e2metro do veio 100mm com 4 l\u00e2minas 510x30x3<\/li>\n<li>Velocidade de rota\u00e7\u00e3o de 6.000 r.p.m.<\/li>\n<li>Sistema de ladrilho duplo para acabamentos finos.<\/li>\n<\/ol>","protected":false},"excerpt":{"rendered":"<ul class=\"list-style-1\">\n<li>Pot\u00eancia do motor principal: 7,5HP<\/li>\n<li>Pot\u00eancia do motor para cima\/para baixo da mesa: 0,55 KW<\/li>\n<li>Pot\u00eancia da velocidade de avan\u00e7o do 1\u00ba motor: 0,18 \/ 0,37 KW<\/li>\n<li>Pot\u00eancia 2\u00aa velocidade de avan\u00e7o do motor: 0,37 \/ 0,55 KW<\/li>\n<li>Peso: 650 KG<\/li>\n<li>Dimens\u00f5es: 1.350 x 950 x 1.100mm<\/li>\n<li>Di\u00e2metro do eixo da l\u00e2mina: 100 mm<\/li>\n<li>Velocidade de rota\u00e7\u00e3o do veio: 6.000 R.P.M.<\/li>\n<li>N.\u00ba de l\u00e2minas: 4<\/li>\n<li>Dimens\u00f5es das l\u00e2minas: 510 x 30 x 3mm<\/li>\n<li>Dimens\u00f5es da mesa: 850x510mm<\/li>\n<li>Altura m\u00e1xima de trabalho: 250 mm<\/li>\n<li>Velocidades de trabalho: 5- 8 -10-16 mts\/min<\/li>\n<li>Di\u00e2metro da entrada de aspira\u00e7\u00e3o: 160 mm<\/li>\n<\/ul>","protected":false},"featured_media":374,"template":"","meta":[],"product_brand":[20],"product_cat":[27,53],"product_tag":[22],"class_list":{"0":"post-373","1":"product","2":"type-product","3":"status-publish","4":"has-post-thumbnail","6":"product_brand-robland","7":"product_cat-regruesadora","8":"product_cat-maquinaria","9":"product_tag-madera","11":"first","12":"instock","13":"shipping-taxable","14":"purchasable","15":"product-type-simple"},"_links":{"self":[{"href":"https:\/\/www.comercialcecilio.es\/pt\/wp-json\/wp\/v2\/product\/373","targetHints":{"allow":["GET"]}}],"collection":[{"href":"https:\/\/www.comercialcecilio.es\/pt\/wp-json\/wp\/v2\/product"}],"about":[{"href":"https:\/\/www.comercialcecilio.es\/pt\/wp-json\/wp\/v2\/types\/product"}],"wp:featuredmedia":[{"embeddable":true,"href":"https:\/\/www.comercialcecilio.es\/pt\/wp-json\/wp\/v2\/media\/374"}],"wp:attachment":[{"href":"https:\/\/www.comercialcecilio.es\/pt\/wp-json\/wp\/v2\/media?parent=373"}],"wp:term":[{"taxonomy":"product_brand","embeddable":true,"href":"https:\/\/www.comercialcecilio.es\/pt\/wp-json\/wp\/v2\/product_brand?post=373"},{"taxonomy":"product_cat","embeddable":true,"href":"https:\/\/www.comercialcecilio.es\/pt\/wp-json\/wp\/v2\/product_cat?post=373"},{"taxonomy":"product_tag","embeddable":true,"href":"https:\/\/www.comercialcecilio.es\/pt\/wp-json\/wp\/v2\/product_tag?post=373"}],"curies":[{"name":"wp","href":"https:\/\/api.w.org\/{rel}","templated":true}]}}