{"id":380,"date":"2025-08-06T19:44:15","date_gmt":"2025-08-06T19:44:15","guid":{"rendered":"https:\/\/cecilio.comercialcecilio.es\/?post_type=product&#038;p=380"},"modified":"2026-04-23T12:22:59","modified_gmt":"2026-04-23T12:22:59","slug":"robland-j-510-planer","status":"publish","type":"product","link":"https:\/\/www.comercialcecilio.es\/pt\/maquinaria\/robland-j-510-planer\/","title":{"rendered":"Plaina Robland J-510"},"content":{"rendered":"<ol>\n<li>Dimens\u00f5es da mesa 2.700 x 510 mm, com tampos de mesa em ferro fundido rectificado<\/li>\n<li>Largura de trabalho 510 mm<\/li>\n<li>Comprimento \u00fatil dos planos de trabalho 2.700mm<\/li>\n<li>Motor de 7,5HP com trav\u00e3o el\u00e9trico.<\/li>\n<li>Di\u00e2metro do veio 100mm com 4 l\u00e2minas de 510x30x3<\/li>\n<li>Velocidade de rota\u00e7\u00e3o do veio da escova 6.000 RPM<\/li>\n<li>Suporte angular 1.350x200mm, inclin\u00e1vel a 45\u00ba.<\/li>\n<li>Profundidade m\u00e1xima de aplainamento: 6 mm<\/li>\n<li>Prote\u00e7\u00e3o da l\u00e2mina \u00e0 frente e atr\u00e1s.<\/li>\n<li>Bot\u00e3o de emerg\u00eancia.<\/li>\n<li>Equipado com entrada de aspira\u00e7\u00e3o<\/li>\n<li>Regulamentos CE.<\/li>\n<\/ol>","protected":false},"excerpt":{"rendered":"<ul class=\"list-style\">\n<li>Largura m\u00e1xima de trabalho a aplainar: 510 mm<\/li>\n<li>Comprimento total da mesa: 2700 mm<\/li>\n<li>Mesa de entrada: 1.600mm<\/li>\n<li>Mesa de sa\u00edda: 1.100mm<\/li>\n<li>Profundidade m\u00e1xima de aplainamento: 6 mm<\/li>\n<li>Suporte angular: 1.350X2000mm<\/li>\n<li>Inclina\u00e7\u00e3o do suporte: 0\u00ba-45\u00ba.<\/li>\n<li>N.\u00ba de l\u00e2minas: 4<\/li>\n<li>Dimens\u00f5es da l\u00e2mina: 510X30X3mm<\/li>\n<li>R.P.M.: 6.000<\/li>\n<li>Pot\u00eancia do motor: 7,5HP<\/li>\n<li>Peso: 600Kg<\/li>\n<\/ul>","protected":false},"featured_media":383,"template":"","meta":[],"product_brand":[20],"product_cat":[28,73,53],"product_tag":[22],"class_list":{"0":"post-380","1":"product","2":"type-product","3":"status-publish","4":"has-post-thumbnail","6":"product_brand-robland","7":"product_cat-cepilladoras","8":"product_cat-cepilladora-robland","9":"product_cat-maquinaria","10":"product_tag-madera","12":"first","13":"instock","14":"shipping-taxable","15":"purchasable","16":"product-type-simple"},"_links":{"self":[{"href":"https:\/\/www.comercialcecilio.es\/pt\/wp-json\/wp\/v2\/product\/380","targetHints":{"allow":["GET"]}}],"collection":[{"href":"https:\/\/www.comercialcecilio.es\/pt\/wp-json\/wp\/v2\/product"}],"about":[{"href":"https:\/\/www.comercialcecilio.es\/pt\/wp-json\/wp\/v2\/types\/product"}],"wp:featuredmedia":[{"embeddable":true,"href":"https:\/\/www.comercialcecilio.es\/pt\/wp-json\/wp\/v2\/media\/383"}],"wp:attachment":[{"href":"https:\/\/www.comercialcecilio.es\/pt\/wp-json\/wp\/v2\/media?parent=380"}],"wp:term":[{"taxonomy":"product_brand","embeddable":true,"href":"https:\/\/www.comercialcecilio.es\/pt\/wp-json\/wp\/v2\/product_brand?post=380"},{"taxonomy":"product_cat","embeddable":true,"href":"https:\/\/www.comercialcecilio.es\/pt\/wp-json\/wp\/v2\/product_cat?post=380"},{"taxonomy":"product_tag","embeddable":true,"href":"https:\/\/www.comercialcecilio.es\/pt\/wp-json\/wp\/v2\/product_tag?post=380"}],"curies":[{"name":"wp","href":"https:\/\/api.w.org\/{rel}","templated":true}]}}