{"id":395,"date":"2025-08-06T20:08:04","date_gmt":"2025-08-06T20:08:04","guid":{"rendered":"https:\/\/cecilio.comercialcecilio.es\/?post_type=product&#038;p=395"},"modified":"2025-11-19T15:32:03","modified_gmt":"2025-11-19T15:32:03","slug":"broca-horizontal-robland-lbm","status":"publish","type":"product","link":"https:\/\/www.comercialcecilio.es\/pt\/maquinaria\/broca-horizontal-robland-lbm\/","title":{"rendered":"M\u00e1quina de perfura\u00e7\u00e3o horizontal Robland LBM"},"content":{"rendered":"<p>A nova m\u00e1quina de perfura\u00e7\u00e3o horizontal Robland \u00e9 robusta e permite uma perfura\u00e7\u00e3o f\u00e1cil e precisa.<\/p>\n<p>A mesa de ferro fundido desliza sobre um sistema de guias de a\u00e7o endurecido que permite um movimento suave e confort\u00e1vel.<\/p>\n<p>Gra\u00e7as ao seu volante frontal, podemos ajustar a altura da mesa com uma precis\u00e3o de 0,1 mm.<\/p>\n<p>A m\u00e1quina est\u00e1 equipada de s\u00e9rie com um porta-bits, uma pin\u00e7a exc\u00eantrica e batentes de refer\u00eancia laterais.<\/p>\n<p>O movimento da mesa ou da unidade de perfura\u00e7\u00e3o \u00e9 efectuado da forma tradicional com uma alavanca dupla.<\/p>","protected":false},"excerpt":{"rendered":"<ul class=\"list-style\">\n<li>Dimens\u00f5es da mesa: 600\u00d7300 mm<\/li>\n<li>Pot\u00eancia do motor: 3 Hp<\/li>\n<li>R.P.M. do suporte da broca: 3.000<\/li>\n<li>Curso vertical: 145 mm<\/li>\n<li>Profundidade m\u00e1xima de perfura\u00e7\u00e3o: 150 mm<\/li>\n<li>Capacidade do mandril: 0-16 mm.<\/li>\n<li>Largura m\u00e1xima do furo Largura de perfura\u00e7\u00e3o: 200 mm<\/li>\n<li>Peso l\u00edquido: 150 kg<\/li>\n<\/ul>","protected":false},"featured_media":398,"template":"","meta":[],"product_brand":[20],"product_cat":[53,32],"product_tag":[22],"class_list":{"0":"post-395","1":"product","2":"type-product","3":"status-publish","4":"has-post-thumbnail","6":"product_brand-robland","7":"product_cat-maquinaria","8":"product_cat-taladro-horizontal","9":"product_tag-madera","11":"first","12":"instock","13":"shipping-taxable","14":"purchasable","15":"product-type-simple"},"_links":{"self":[{"href":"https:\/\/www.comercialcecilio.es\/pt\/wp-json\/wp\/v2\/product\/395","targetHints":{"allow":["GET"]}}],"collection":[{"href":"https:\/\/www.comercialcecilio.es\/pt\/wp-json\/wp\/v2\/product"}],"about":[{"href":"https:\/\/www.comercialcecilio.es\/pt\/wp-json\/wp\/v2\/types\/product"}],"wp:featuredmedia":[{"embeddable":true,"href":"https:\/\/www.comercialcecilio.es\/pt\/wp-json\/wp\/v2\/media\/398"}],"wp:attachment":[{"href":"https:\/\/www.comercialcecilio.es\/pt\/wp-json\/wp\/v2\/media?parent=395"}],"wp:term":[{"taxonomy":"product_brand","embeddable":true,"href":"https:\/\/www.comercialcecilio.es\/pt\/wp-json\/wp\/v2\/product_brand?post=395"},{"taxonomy":"product_cat","embeddable":true,"href":"https:\/\/www.comercialcecilio.es\/pt\/wp-json\/wp\/v2\/product_cat?post=395"},{"taxonomy":"product_tag","embeddable":true,"href":"https:\/\/www.comercialcecilio.es\/pt\/wp-json\/wp\/v2\/product_tag?post=395"}],"curies":[{"name":"wp","href":"https:\/\/api.w.org\/{rel}","templated":true}]}}