{"id":401,"date":"2025-08-06T20:13:33","date_gmt":"2025-08-06T20:13:33","guid":{"rendered":"https:\/\/cecilio.comercialcecilio.es\/?post_type=product&#038;p=401"},"modified":"2026-04-23T14:34:45","modified_gmt":"2026-04-23T14:34:45","slug":"robland-t-120s-moldador-de-fuso-com-trolley-t-120s","status":"publish","type":"product","link":"https:\/\/www.comercialcecilio.es\/pt\/maquinaria\/robland-t-120s-moldador-de-fuso-com-trolley-t-120s\/","title":{"rendered":"T-120S Robland T-120S Moldadora de fuso com tr\u00f3lei"},"content":{"rendered":"<ol>\n<li>Moldadora de fuso de alta produ\u00e7\u00e3o com motor de 10 CV<\/li>\n<li>Arrancador autom\u00e1tico Star-Delta.<\/li>\n<li>Mesa de ferro fundido de 1200 x 705 mm.<\/li>\n<li>Eixo standard de 50 mm<\/li>\n<li>Posicionamento vertical manual com contador de medi\u00e7\u00e3o mec\u00e2nico com um curso de 205 mm.<\/li>\n<li>Robusto cap\u00f4 de ferro fundido com dobradi\u00e7as e l\u00e1bios de madeira, opcionalmente com hastes m\u00f3veis de alum\u00ednio, montado em guias lineares com ajuste microm\u00e9trico para um ajuste preciso por meio de contadores mec\u00e2nicos. Capacidade para fresas de 320 mm de di\u00e2metro\n<ul class=\"list-style\">\n<li>5 velocidades de rota\u00e7\u00e3o do veio 3.000 \/ 4.500 \/ 6.000 \/ 7.000 \/ 10.000<\/li>\n<\/ul>\n<\/li>\n<li>Interruptor estrela-tri\u00e2ngulo com inversor.<\/li>\n<li>Regulamentos CE<\/li>\n<\/ol>","protected":false},"excerpt":{"rendered":"<ul class=\"list-style\">\n<li>Dimens\u00f5es da mesa: 1.200X705mm<\/li>\n<li>Altura da mesa: 930 mm<\/li>\n<li>Di\u00e2metro do veio: 50mm<\/li>\n<li>Comprimento do veio: 180mm<\/li>\n<li>Curso do eixo: 205 mm<\/li>\n<li>Velocidades dos eixos: 3.000 \/ 4.500 \/ 6.000 \/ 7.000 \/ 10.000 \/ 10.000<\/li>\n<li>Pot\u00eancia do motor: 10HP<\/li>\n<li>Di\u00e2metro m\u00e1ximo das ferramentas a serem perfiladas: 250 mm<\/li>\n<li>Di\u00e2metro m\u00e1ximo quando se trabalha por baixo da mesa: 320 mm<\/li>\n<li>Peso da m\u00e1quina: 560 KG<\/li>\n<\/ul>","protected":false},"featured_media":406,"template":"","meta":[],"product_brand":[20],"product_cat":[53,33,78],"product_tag":[22],"class_list":{"0":"post-401","1":"product","2":"type-product","3":"status-publish","4":"has-post-thumbnail","6":"product_brand-robland","7":"product_cat-maquinaria","8":"product_cat-tupis","9":"product_cat-tupis-robland","10":"product_tag-madera","12":"first","13":"instock","14":"shipping-taxable","15":"purchasable","16":"product-type-simple"},"_links":{"self":[{"href":"https:\/\/www.comercialcecilio.es\/pt\/wp-json\/wp\/v2\/product\/401","targetHints":{"allow":["GET"]}}],"collection":[{"href":"https:\/\/www.comercialcecilio.es\/pt\/wp-json\/wp\/v2\/product"}],"about":[{"href":"https:\/\/www.comercialcecilio.es\/pt\/wp-json\/wp\/v2\/types\/product"}],"wp:featuredmedia":[{"embeddable":true,"href":"https:\/\/www.comercialcecilio.es\/pt\/wp-json\/wp\/v2\/media\/406"}],"wp:attachment":[{"href":"https:\/\/www.comercialcecilio.es\/pt\/wp-json\/wp\/v2\/media?parent=401"}],"wp:term":[{"taxonomy":"product_brand","embeddable":true,"href":"https:\/\/www.comercialcecilio.es\/pt\/wp-json\/wp\/v2\/product_brand?post=401"},{"taxonomy":"product_cat","embeddable":true,"href":"https:\/\/www.comercialcecilio.es\/pt\/wp-json\/wp\/v2\/product_cat?post=401"},{"taxonomy":"product_tag","embeddable":true,"href":"https:\/\/www.comercialcecilio.es\/pt\/wp-json\/wp\/v2\/product_tag?post=401"}],"curies":[{"name":"wp","href":"https:\/\/api.w.org\/{rel}","templated":true}]}}