{"id":443,"date":"2025-08-06T20:51:50","date_gmt":"2025-08-06T20:51:50","guid":{"rendered":"https:\/\/cecilio.comercialcecilio.es\/?post_type=product&#038;p=443"},"modified":"2025-11-19T15:33:42","modified_gmt":"2025-11-19T15:33:42","slug":"moldador-de-fuso-com-carrinho-e-fuso-basculante-robland-t-110i","status":"publish","type":"product","link":"https:\/\/www.comercialcecilio.es\/pt\/maquinaria\/moldador-de-fuso-com-carrinho-e-fuso-basculante-robland-t-110i\/","title":{"rendered":"Robland T-110i Moldadora de fuso basculante com carro e fuso basculante"},"content":{"rendered":"<ol>\n<li>Moldadora de fuso de alta produ\u00e7\u00e3o com motor de 10 CV<\/li>\n<li>Interruptor autom\u00e1tico estrela-tri\u00e2ngulo com inversor rotativo.<\/li>\n<li>Mesa de ferro fundido de 1000 x 520 mm.<\/li>\n<li>Eixo basculante standard de 50 mm.<\/li>\n<li>Suporte funcional com movimento em guias lineares com regula\u00e7\u00e3o por meio de volantes e contadores mec\u00e2nicos de precis\u00e3o.<\/li>\n<li>Carro de alum\u00ednio de 1.400 mm sobre um patim de barras para um funcionamento suave e de alta precis\u00e3o\n<ul class=\"list-style\">\n<li>5 velocidades de rota\u00e7\u00e3o do veio 3.000 \/ 4.500 \/6.000 \/ 7.000 \/ 10.000 RPM<\/li>\n<\/ul>\n<\/li>\n<li>Regulamentos CE<\/li>\n<\/ol>","protected":false},"excerpt":{"rendered":"<ul class=\"list-style\">\n<li>Dimens\u00f5es da mesa: 1.000X520mm<\/li>\n<li>Dimens\u00f5es do carrinho: 1.150 x 500 mm.<\/li>\n<li>Curso do carrinho: 1.400 mm.<\/li>\n<li>Inclina\u00e7\u00e3o do eixo: -5\u00ba +45\u00ba.<\/li>\n<li>Altura da mesa: 920 mm<\/li>\n<li>Di\u00e2metro do veio: 50mm<\/li>\n<li>Comprimento do veio: 140mm<\/li>\n<li>Curso do eixo: 150 mm<\/li>\n<li>Velocidades dos eixos: 3.000 \/ 4.500 \/ 6.000 \/ 7.000 \/ 10.000 \/ 10.000<\/li>\n<li>Pot\u00eancia do motor: 10 CV<\/li>\n<li>Entradas de aspira\u00e7\u00e3o: 120 mm.<\/li>\n<li>Peso da m\u00e1quina: 530KG<\/li>\n<li>Dimens\u00f5es: 2000 x 1120 x 1100 mm.<\/li>\n<\/ul>","protected":false},"featured_media":446,"template":"","meta":[],"product_brand":[20],"product_cat":[33,53],"product_tag":[22],"class_list":{"0":"post-443","1":"product","2":"type-product","3":"status-publish","4":"has-post-thumbnail","6":"product_brand-robland","7":"product_cat-tupis","8":"product_cat-maquinaria","9":"product_tag-madera","11":"first","12":"instock","13":"shipping-taxable","14":"purchasable","15":"product-type-simple"},"_links":{"self":[{"href":"https:\/\/www.comercialcecilio.es\/pt\/wp-json\/wp\/v2\/product\/443","targetHints":{"allow":["GET"]}}],"collection":[{"href":"https:\/\/www.comercialcecilio.es\/pt\/wp-json\/wp\/v2\/product"}],"about":[{"href":"https:\/\/www.comercialcecilio.es\/pt\/wp-json\/wp\/v2\/types\/product"}],"wp:featuredmedia":[{"embeddable":true,"href":"https:\/\/www.comercialcecilio.es\/pt\/wp-json\/wp\/v2\/media\/446"}],"wp:attachment":[{"href":"https:\/\/www.comercialcecilio.es\/pt\/wp-json\/wp\/v2\/media?parent=443"}],"wp:term":[{"taxonomy":"product_brand","embeddable":true,"href":"https:\/\/www.comercialcecilio.es\/pt\/wp-json\/wp\/v2\/product_brand?post=443"},{"taxonomy":"product_cat","embeddable":true,"href":"https:\/\/www.comercialcecilio.es\/pt\/wp-json\/wp\/v2\/product_cat?post=443"},{"taxonomy":"product_tag","embeddable":true,"href":"https:\/\/www.comercialcecilio.es\/pt\/wp-json\/wp\/v2\/product_tag?post=443"}],"curies":[{"name":"wp","href":"https:\/\/api.w.org\/{rel}","templated":true}]}}