{"id":453,"date":"2025-08-06T21:00:31","date_gmt":"2025-08-06T21:00:31","guid":{"rendered":"https:\/\/cecilio.comercialcecilio.es\/?post_type=product&#038;p=453"},"modified":"2025-11-19T15:33:30","modified_gmt":"2025-11-19T15:33:30","slug":"robland-t-120tp-moldador-de-fuso-com-trolley-t-120tp","status":"publish","type":"product","link":"https:\/\/www.comercialcecilio.es\/pt\/maquinaria\/robland-t-120tp-moldador-de-fuso-com-trolley-t-120tp\/","title":{"rendered":"Robland T-120TP T-120TP Trolley-type spindle moulder"},"content":{"rendered":"<ol>\n<li>Moldadora de fuso de alta produ\u00e7\u00e3o com motor de 10 CV<\/li>\n<li>Mesa de ferro fundido de 1200 x 705 mm. Extens\u00e3o da mesa de entrada com extens\u00e3o frontal telesc\u00f3pica e bot\u00e3o de emerg\u00eancia.<\/li>\n<li>Posicionamento vertical motorizado com leitura digital da medi\u00e7\u00e3o com um curso de 205 mm.<\/li>\n<li>Capota robusta em ferro fundido com dobradi\u00e7as e l\u00e1bios de madeira, opcionalmente com hastes m\u00f3veis, montada em guias lineares com regula\u00e7\u00e3o microm\u00e9trica para um ajuste preciso por meio de contadores mec\u00e2nicos. Capacidade para fresas de 320 mm de di\u00e2metro,<\/li>\n<li><strong>Carro para espigamento lateral de grande precis\u00e3o<\/strong>A mesa est\u00e1 situada \u00e0 mesma altura que a mesa fixa.<\/li>\n<li>Interruptor estrela-tri\u00e2ngulo com inversor.<\/li>\n<li>Regulamentos CE<\/li>\n<\/ol>","protected":false},"excerpt":{"rendered":"<ul class=\"list-style\">\n<li>Dimens\u00f5es da mesa: 1.200X705mm<\/li>\n<li>Dimens\u00f5es da mesa de espigamento: 760X500mm<\/li>\n<li>Curso da mesa de espigamento: 1.050mm<\/li>\n<li>Altura da mesa: 930 mm<\/li>\n<li>Di\u00e2metro do veio: 50mm<\/li>\n<li>Comprimento do veio: 180mm<\/li>\n<li>Curso do eixo: 205 mm<\/li>\n<li>Velocidades dos eixos: 3.000 \/ 4.500 \/ 6.000 \/ 7.000 \/ 10.000 \/ 10.000<\/li>\n<li>Velocidade m\u00e1xima de respiga permitida: 3.000 r.p.m.<\/li>\n<li>Pot\u00eancia do motor: 10HP<\/li>\n<li>Di\u00e2metro m\u00e1ximo das ferramentas a serem perfiladas: 250 mm<\/li>\n<li>Di\u00e2metro m\u00e1ximo quando se trabalha por baixo da mesa: 320 mm<\/li>\n<li>Di\u00e2metro m\u00e1ximo da ferramenta a cavilhar: 360 mm<\/li>\n<li>Comprimento total com a mesa estendida: 2.700mm<\/li>\n<li>Peso da m\u00e1quina: 1.020KG<\/li>\n<\/ul>","protected":false},"featured_media":457,"template":"","meta":[],"product_brand":[20],"product_cat":[33,53],"product_tag":[22],"class_list":{"0":"post-453","1":"product","2":"type-product","3":"status-publish","4":"has-post-thumbnail","6":"product_brand-robland","7":"product_cat-tupis","8":"product_cat-maquinaria","9":"product_tag-madera","11":"first","12":"instock","13":"shipping-taxable","14":"purchasable","15":"product-type-simple"},"_links":{"self":[{"href":"https:\/\/www.comercialcecilio.es\/pt\/wp-json\/wp\/v2\/product\/453","targetHints":{"allow":["GET"]}}],"collection":[{"href":"https:\/\/www.comercialcecilio.es\/pt\/wp-json\/wp\/v2\/product"}],"about":[{"href":"https:\/\/www.comercialcecilio.es\/pt\/wp-json\/wp\/v2\/types\/product"}],"wp:featuredmedia":[{"embeddable":true,"href":"https:\/\/www.comercialcecilio.es\/pt\/wp-json\/wp\/v2\/media\/457"}],"wp:attachment":[{"href":"https:\/\/www.comercialcecilio.es\/pt\/wp-json\/wp\/v2\/media?parent=453"}],"wp:term":[{"taxonomy":"product_brand","embeddable":true,"href":"https:\/\/www.comercialcecilio.es\/pt\/wp-json\/wp\/v2\/product_brand?post=453"},{"taxonomy":"product_cat","embeddable":true,"href":"https:\/\/www.comercialcecilio.es\/pt\/wp-json\/wp\/v2\/product_cat?post=453"},{"taxonomy":"product_tag","embeddable":true,"href":"https:\/\/www.comercialcecilio.es\/pt\/wp-json\/wp\/v2\/product_tag?post=453"}],"curies":[{"name":"wp","href":"https:\/\/api.w.org\/{rel}","templated":true}]}}